{"id":11317,"date":"2023-07-14T09:11:50","date_gmt":"2023-07-14T07:11:50","guid":{"rendered":"https:\/\/simon-tv.com\/acheter\/peluche-simon-27-cm\/"},"modified":"2023-07-14T18:13:49","modified_gmt":"2023-07-14T16:13:49","slug":"peluche-simon-27-cm","status":"publish","type":"product","link":"https:\/\/simon-tv.com\/es\/comprar\/peluche-simon-27-cm\/","title":{"rendered":"Peluche Simon 27 cm"},"content":{"rendered":"<p>Voici la peluche de Simon qui fera sourire votre enfant ! Cette peluche de 27cm de haut est faite d\u2019un mat\u00e9riau doux et c\u00e2lin, parfaite pour les enfants de 12 mois et plus. Ses couleurs sont vives et gaies &#8211; blanc, bleu et rouge &#8211; ce qui en fait un excellent ajout \u00e0 n\u2019importe quelle chambre ou salle de jeux. Ses bras et ses jambes sont mobiles, de sorte que votre enfant peut le poser dans diff\u00e9rentes positions. Ce doudou est s\u00fbr de devenir un compagnon pr\u00e9f\u00e9r\u00e9 pour votre tout-petit ! Il sera ravi de poss\u00e9der cette peluche. Ce jouet en peluche deviendra le compagnon de vie de tous les fans de Simon, le petit lapin le plus c\u00e9l\u00e8bre !<\/p>\n","protected":false},"excerpt":{"rendered":"<p>Jemini<\/p>\n","protected":false},"featured_media":11305,"comment_status":"closed","ping_status":"closed","template":"","meta":{"_et_pb_use_builder":"","_et_pb_old_content":"","_et_gb_content_width":""},"product_brand":[],"product_cat":[155],"product_tag":[182],"class_list":{"0":"post-11317","1":"product","2":"type-product","3":"status-publish","4":"has-post-thumbnail","6":"product_cat-peluche-y-juguetes","7":"product_tag-france-es","9":"first","10":"instock","11":"shipping-taxable","12":"product-type-simple"},"acf":[],"yoast_head":"<!-- This site is optimized with the Yoast SEO plugin v26.4 - https:\/\/yoast.com\/wordpress\/plugins\/seo\/ -->\n<title>Peluche Simon 27 cm - Simon<\/title>\n<meta name=\"robots\" content=\"index, follow, max-snippet:-1, max-image-preview:large, max-video-preview:-1\" \/>\n<link rel=\"canonical\" href=\"https:\/\/simon-tv.com\/es\/comprar\/peluche-simon-27-cm\/\" \/>\n<meta property=\"og:locale\" content=\"es_ES\" \/>\n<meta property=\"og:type\" content=\"article\" \/>\n<meta property=\"og:title\" content=\"Peluche Simon 27 cm - Simon\" \/>\n<meta property=\"og:description\" content=\"Jemini\" \/>\n<meta property=\"og:url\" content=\"https:\/\/simon-tv.com\/es\/comprar\/peluche-simon-27-cm\/\" \/>\n<meta property=\"og:site_name\" content=\"Simon\" \/>\n<meta property=\"article:modified_time\" content=\"2023-07-14T16:13:49+00:00\" \/>\n<meta property=\"og:image\" content=\"https:\/\/simon-tv.com\/wp-content\/uploads\/2023\/07\/Simon_produits_Cijep_Peluche_27cm_lapin01.webp\" \/>\n\t<meta property=\"og:image:width\" content=\"1080\" \/>\n\t<meta property=\"og:image:height\" content=\"1080\" \/>\n\t<meta property=\"og:image:type\" content=\"image\/webp\" \/>\n<meta name=\"twitter:card\" content=\"summary_large_image\" \/>\n<meta name=\"twitter:label1\" content=\"Est. reading time\" \/>\n\t<meta name=\"twitter:data1\" content=\"1 minute\" \/>\n<script type=\"application\/ld+json\" class=\"yoast-schema-graph\">{\"@context\":\"https:\/\/schema.org\",\"@graph\":[{\"@type\":\"WebPage\",\"@id\":\"https:\/\/simon-tv.com\/es\/comprar\/peluche-simon-27-cm\/\",\"url\":\"https:\/\/simon-tv.com\/es\/comprar\/peluche-simon-27-cm\/\",\"name\":\"Peluche Simon 27 cm - Simon\",\"isPartOf\":{\"@id\":\"https:\/\/simon-tv.com\/es\/#website\"},\"primaryImageOfPage\":{\"@id\":\"https:\/\/simon-tv.com\/es\/comprar\/peluche-simon-27-cm\/#primaryimage\"},\"image\":{\"@id\":\"https:\/\/simon-tv.com\/es\/comprar\/peluche-simon-27-cm\/#primaryimage\"},\"thumbnailUrl\":\"https:\/\/simon-tv.com\/wp-content\/uploads\/2023\/07\/Simon_produits_Cijep_Peluche_27cm_lapin01.webp\",\"datePublished\":\"2023-07-14T07:11:50+00:00\",\"dateModified\":\"2023-07-14T16:13:49+00:00\",\"breadcrumb\":{\"@id\":\"https:\/\/simon-tv.com\/es\/comprar\/peluche-simon-27-cm\/#breadcrumb\"},\"inLanguage\":\"es-ES\",\"potentialAction\":[{\"@type\":\"ReadAction\",\"target\":[\"https:\/\/simon-tv.com\/es\/comprar\/peluche-simon-27-cm\/\"]}]},{\"@type\":\"ImageObject\",\"inLanguage\":\"es-ES\",\"@id\":\"https:\/\/simon-tv.com\/es\/comprar\/peluche-simon-27-cm\/#primaryimage\",\"url\":\"https:\/\/simon-tv.com\/wp-content\/uploads\/2023\/07\/Simon_produits_Cijep_Peluche_27cm_lapin01.webp\",\"contentUrl\":\"https:\/\/simon-tv.com\/wp-content\/uploads\/2023\/07\/Simon_produits_Cijep_Peluche_27cm_lapin01.webp\",\"width\":1080,\"height\":1080},{\"@type\":\"BreadcrumbList\",\"@id\":\"https:\/\/simon-tv.com\/es\/comprar\/peluche-simon-27-cm\/#breadcrumb\",\"itemListElement\":[{\"@type\":\"ListItem\",\"position\":1,\"name\":\"Home\",\"item\":\"https:\/\/simon-tv.com\/es\/\"},{\"@type\":\"ListItem\",\"position\":2,\"name\":\"Shop Officiel Simon Super Lapin &#8211; O\u00f9 acheter\",\"item\":\"https:\/\/simon-tv.com\/fr\/shop-simon-super-lapin-ou-acheter\/\"},{\"@type\":\"ListItem\",\"position\":3,\"name\":\"Peluche Simon 27 cm\"}]},{\"@type\":\"WebSite\",\"@id\":\"https:\/\/simon-tv.com\/es\/#website\",\"url\":\"https:\/\/simon-tv.com\/es\/\",\"name\":\"Simon\",\"description\":\"The cutest little rabbit\",\"potentialAction\":[{\"@type\":\"SearchAction\",\"target\":{\"@type\":\"EntryPoint\",\"urlTemplate\":\"https:\/\/simon-tv.com\/es\/?s={search_term_string}\"},\"query-input\":{\"@type\":\"PropertyValueSpecification\",\"valueRequired\":true,\"valueName\":\"search_term_string\"}}],\"inLanguage\":\"es-ES\"}]}<\/script>\n<!-- \/ Yoast SEO plugin. -->","yoast_head_json":{"title":"Peluche Simon 27 cm - Simon","robots":{"index":"index","follow":"follow","max-snippet":"max-snippet:-1","max-image-preview":"max-image-preview:large","max-video-preview":"max-video-preview:-1"},"canonical":"https:\/\/simon-tv.com\/es\/comprar\/peluche-simon-27-cm\/","og_locale":"es_ES","og_type":"article","og_title":"Peluche Simon 27 cm - Simon","og_description":"Jemini","og_url":"https:\/\/simon-tv.com\/es\/comprar\/peluche-simon-27-cm\/","og_site_name":"Simon","article_modified_time":"2023-07-14T16:13:49+00:00","og_image":[{"width":1080,"height":1080,"url":"https:\/\/simon-tv.com\/wp-content\/uploads\/2023\/07\/Simon_produits_Cijep_Peluche_27cm_lapin01.webp","type":"image\/webp"}],"twitter_card":"summary_large_image","twitter_misc":{"Est. reading time":"1 minute"},"schema":{"@context":"https:\/\/schema.org","@graph":[{"@type":"WebPage","@id":"https:\/\/simon-tv.com\/es\/comprar\/peluche-simon-27-cm\/","url":"https:\/\/simon-tv.com\/es\/comprar\/peluche-simon-27-cm\/","name":"Peluche Simon 27 cm - Simon","isPartOf":{"@id":"https:\/\/simon-tv.com\/es\/#website"},"primaryImageOfPage":{"@id":"https:\/\/simon-tv.com\/es\/comprar\/peluche-simon-27-cm\/#primaryimage"},"image":{"@id":"https:\/\/simon-tv.com\/es\/comprar\/peluche-simon-27-cm\/#primaryimage"},"thumbnailUrl":"https:\/\/simon-tv.com\/wp-content\/uploads\/2023\/07\/Simon_produits_Cijep_Peluche_27cm_lapin01.webp","datePublished":"2023-07-14T07:11:50+00:00","dateModified":"2023-07-14T16:13:49+00:00","breadcrumb":{"@id":"https:\/\/simon-tv.com\/es\/comprar\/peluche-simon-27-cm\/#breadcrumb"},"inLanguage":"es-ES","potentialAction":[{"@type":"ReadAction","target":["https:\/\/simon-tv.com\/es\/comprar\/peluche-simon-27-cm\/"]}]},{"@type":"ImageObject","inLanguage":"es-ES","@id":"https:\/\/simon-tv.com\/es\/comprar\/peluche-simon-27-cm\/#primaryimage","url":"https:\/\/simon-tv.com\/wp-content\/uploads\/2023\/07\/Simon_produits_Cijep_Peluche_27cm_lapin01.webp","contentUrl":"https:\/\/simon-tv.com\/wp-content\/uploads\/2023\/07\/Simon_produits_Cijep_Peluche_27cm_lapin01.webp","width":1080,"height":1080},{"@type":"BreadcrumbList","@id":"https:\/\/simon-tv.com\/es\/comprar\/peluche-simon-27-cm\/#breadcrumb","itemListElement":[{"@type":"ListItem","position":1,"name":"Home","item":"https:\/\/simon-tv.com\/es\/"},{"@type":"ListItem","position":2,"name":"Shop Officiel Simon Super Lapin &#8211; O\u00f9 acheter","item":"https:\/\/simon-tv.com\/fr\/shop-simon-super-lapin-ou-acheter\/"},{"@type":"ListItem","position":3,"name":"Peluche Simon 27 cm"}]},{"@type":"WebSite","@id":"https:\/\/simon-tv.com\/es\/#website","url":"https:\/\/simon-tv.com\/es\/","name":"Simon","description":"The cutest little rabbit","potentialAction":[{"@type":"SearchAction","target":{"@type":"EntryPoint","urlTemplate":"https:\/\/simon-tv.com\/es\/?s={search_term_string}"},"query-input":{"@type":"PropertyValueSpecification","valueRequired":true,"valueName":"search_term_string"}}],"inLanguage":"es-ES"}]}},"_links":{"self":[{"href":"https:\/\/simon-tv.com\/es\/wp-json\/wp\/v2\/product\/11317","targetHints":{"allow":["GET"]}}],"collection":[{"href":"https:\/\/simon-tv.com\/es\/wp-json\/wp\/v2\/product"}],"about":[{"href":"https:\/\/simon-tv.com\/es\/wp-json\/wp\/v2\/types\/product"}],"replies":[{"embeddable":true,"href":"https:\/\/simon-tv.com\/es\/wp-json\/wp\/v2\/comments?post=11317"}],"wp:featuredmedia":[{"embeddable":true,"href":"https:\/\/simon-tv.com\/es\/wp-json\/wp\/v2\/media\/11305"}],"wp:attachment":[{"href":"https:\/\/simon-tv.com\/es\/wp-json\/wp\/v2\/media?parent=11317"}],"wp:term":[{"taxonomy":"product_brand","embeddable":true,"href":"https:\/\/simon-tv.com\/es\/wp-json\/wp\/v2\/product_brand?post=11317"},{"taxonomy":"product_cat","embeddable":true,"href":"https:\/\/simon-tv.com\/es\/wp-json\/wp\/v2\/product_cat?post=11317"},{"taxonomy":"product_tag","embeddable":true,"href":"https:\/\/simon-tv.com\/es\/wp-json\/wp\/v2\/product_tag?post=11317"}],"curies":[{"name":"wp","href":"https:\/\/api.w.org\/{rel}","templated":true}]}}