{"id":11367,"date":"2023-07-14T09:37:50","date_gmt":"2023-07-14T07:37:50","guid":{"rendered":"https:\/\/simon-tv.com\/acheter\/simon-peluche-et-abecedaire\/"},"modified":"2025-03-12T14:33:00","modified_gmt":"2025-03-12T13:33:00","slug":"simon-peluche-et-abecedaire","status":"publish","type":"product","link":"https:\/\/simon-tv.com\/es\/comprar\/simon-peluche-et-abecedaire\/","title":{"rendered":"Simon &#8211; Peluche et Ab\u00e9c\u00e9daire"},"content":{"rendered":"<p>Voici Simon Superlapin ! Ce super-h\u00e9ros c\u00e2lin est parfait pour les enfants \u00e2g\u00e9s de 12 mois et plus. Avec de longues oreilles blanches, une cape et un masque bleus et un t-shirt rouge, ce jouet en peluche deviendra le compagnon pr\u00e9f\u00e9r\u00e9 de votre enfant. De plus, il est livr\u00e9 avec un adorable ab\u00e9c\u00e9daire \u00e0 d\u00e9tacher &#8211; parfait pour apprendre l\u2019alphabet ! Votre enfant adorera se blottir contre Simon et jouer \u00e0 des aventures imaginaires !<\/p>\n","protected":false},"excerpt":{"rendered":"<p>Playbac<\/p>\n","protected":false},"featured_media":11364,"comment_status":"closed","ping_status":"closed","template":"","meta":{"_et_pb_use_builder":"","_et_pb_old_content":"","_et_gb_content_width":""},"product_brand":[],"product_cat":[155],"product_tag":[182],"class_list":{"0":"post-11367","1":"product","2":"type-product","3":"status-publish","4":"has-post-thumbnail","6":"product_cat-peluche-y-juguetes","7":"product_tag-france-es","9":"first","10":"instock","11":"featured","12":"shipping-taxable","13":"product-type-simple"},"acf":[],"yoast_head":"<!-- This site is optimized with the Yoast SEO plugin v26.4 - https:\/\/yoast.com\/wordpress\/plugins\/seo\/ -->\n<title>Simon - Peluche et Ab\u00e9c\u00e9daire - Simon<\/title>\n<meta name=\"robots\" content=\"index, follow, max-snippet:-1, max-image-preview:large, max-video-preview:-1\" \/>\n<link rel=\"canonical\" href=\"https:\/\/simon-tv.com\/es\/comprar\/simon-peluche-et-abecedaire\/\" \/>\n<meta property=\"og:locale\" content=\"es_ES\" \/>\n<meta property=\"og:type\" content=\"article\" \/>\n<meta property=\"og:title\" content=\"Simon - Peluche et Ab\u00e9c\u00e9daire - Simon\" \/>\n<meta property=\"og:description\" content=\"Playbac\" \/>\n<meta property=\"og:url\" content=\"https:\/\/simon-tv.com\/es\/comprar\/simon-peluche-et-abecedaire\/\" \/>\n<meta property=\"og:site_name\" content=\"Simon\" \/>\n<meta property=\"article:modified_time\" content=\"2025-03-12T13:33:00+00:00\" \/>\n<meta property=\"og:image\" content=\"https:\/\/simon-tv.com\/wp-content\/uploads\/2023\/07\/Simon_produits_Playbac_Peluche_Superlapin05png.webp\" \/>\n\t<meta property=\"og:image:width\" content=\"1080\" \/>\n\t<meta property=\"og:image:height\" content=\"1080\" \/>\n\t<meta property=\"og:image:type\" content=\"image\/webp\" \/>\n<meta name=\"twitter:card\" content=\"summary_large_image\" \/>\n<script type=\"application\/ld+json\" class=\"yoast-schema-graph\">{\"@context\":\"https:\/\/schema.org\",\"@graph\":[{\"@type\":\"WebPage\",\"@id\":\"https:\/\/simon-tv.com\/es\/comprar\/simon-peluche-et-abecedaire\/\",\"url\":\"https:\/\/simon-tv.com\/es\/comprar\/simon-peluche-et-abecedaire\/\",\"name\":\"Simon - Peluche et Ab\u00e9c\u00e9daire - Simon\",\"isPartOf\":{\"@id\":\"https:\/\/simon-tv.com\/es\/#website\"},\"primaryImageOfPage\":{\"@id\":\"https:\/\/simon-tv.com\/es\/comprar\/simon-peluche-et-abecedaire\/#primaryimage\"},\"image\":{\"@id\":\"https:\/\/simon-tv.com\/es\/comprar\/simon-peluche-et-abecedaire\/#primaryimage\"},\"thumbnailUrl\":\"https:\/\/simon-tv.com\/wp-content\/uploads\/2023\/07\/Simon_produits_Playbac_Peluche_Superlapin05png.webp\",\"datePublished\":\"2023-07-14T07:37:50+00:00\",\"dateModified\":\"2025-03-12T13:33:00+00:00\",\"breadcrumb\":{\"@id\":\"https:\/\/simon-tv.com\/es\/comprar\/simon-peluche-et-abecedaire\/#breadcrumb\"},\"inLanguage\":\"es-ES\",\"potentialAction\":[{\"@type\":\"ReadAction\",\"target\":[\"https:\/\/simon-tv.com\/es\/comprar\/simon-peluche-et-abecedaire\/\"]}]},{\"@type\":\"ImageObject\",\"inLanguage\":\"es-ES\",\"@id\":\"https:\/\/simon-tv.com\/es\/comprar\/simon-peluche-et-abecedaire\/#primaryimage\",\"url\":\"https:\/\/simon-tv.com\/wp-content\/uploads\/2023\/07\/Simon_produits_Playbac_Peluche_Superlapin05png.webp\",\"contentUrl\":\"https:\/\/simon-tv.com\/wp-content\/uploads\/2023\/07\/Simon_produits_Playbac_Peluche_Superlapin05png.webp\",\"width\":1080,\"height\":1080},{\"@type\":\"BreadcrumbList\",\"@id\":\"https:\/\/simon-tv.com\/es\/comprar\/simon-peluche-et-abecedaire\/#breadcrumb\",\"itemListElement\":[{\"@type\":\"ListItem\",\"position\":1,\"name\":\"Home\",\"item\":\"https:\/\/simon-tv.com\/es\/\"},{\"@type\":\"ListItem\",\"position\":2,\"name\":\"Shop Officiel Simon Super Lapin &#8211; O\u00f9 acheter\",\"item\":\"https:\/\/simon-tv.com\/fr\/shop-simon-super-lapin-ou-acheter\/\"},{\"@type\":\"ListItem\",\"position\":3,\"name\":\"Simon &#8211; Peluche et Ab\u00e9c\u00e9daire\"}]},{\"@type\":\"WebSite\",\"@id\":\"https:\/\/simon-tv.com\/es\/#website\",\"url\":\"https:\/\/simon-tv.com\/es\/\",\"name\":\"Simon\",\"description\":\"The cutest little rabbit\",\"potentialAction\":[{\"@type\":\"SearchAction\",\"target\":{\"@type\":\"EntryPoint\",\"urlTemplate\":\"https:\/\/simon-tv.com\/es\/?s={search_term_string}\"},\"query-input\":{\"@type\":\"PropertyValueSpecification\",\"valueRequired\":true,\"valueName\":\"search_term_string\"}}],\"inLanguage\":\"es-ES\"}]}<\/script>\n<!-- \/ Yoast SEO plugin. -->","yoast_head_json":{"title":"Simon - Peluche et Ab\u00e9c\u00e9daire - Simon","robots":{"index":"index","follow":"follow","max-snippet":"max-snippet:-1","max-image-preview":"max-image-preview:large","max-video-preview":"max-video-preview:-1"},"canonical":"https:\/\/simon-tv.com\/es\/comprar\/simon-peluche-et-abecedaire\/","og_locale":"es_ES","og_type":"article","og_title":"Simon - Peluche et Ab\u00e9c\u00e9daire - Simon","og_description":"Playbac","og_url":"https:\/\/simon-tv.com\/es\/comprar\/simon-peluche-et-abecedaire\/","og_site_name":"Simon","article_modified_time":"2025-03-12T13:33:00+00:00","og_image":[{"width":1080,"height":1080,"url":"https:\/\/simon-tv.com\/wp-content\/uploads\/2023\/07\/Simon_produits_Playbac_Peluche_Superlapin05png.webp","type":"image\/webp"}],"twitter_card":"summary_large_image","schema":{"@context":"https:\/\/schema.org","@graph":[{"@type":"WebPage","@id":"https:\/\/simon-tv.com\/es\/comprar\/simon-peluche-et-abecedaire\/","url":"https:\/\/simon-tv.com\/es\/comprar\/simon-peluche-et-abecedaire\/","name":"Simon - Peluche et Ab\u00e9c\u00e9daire - Simon","isPartOf":{"@id":"https:\/\/simon-tv.com\/es\/#website"},"primaryImageOfPage":{"@id":"https:\/\/simon-tv.com\/es\/comprar\/simon-peluche-et-abecedaire\/#primaryimage"},"image":{"@id":"https:\/\/simon-tv.com\/es\/comprar\/simon-peluche-et-abecedaire\/#primaryimage"},"thumbnailUrl":"https:\/\/simon-tv.com\/wp-content\/uploads\/2023\/07\/Simon_produits_Playbac_Peluche_Superlapin05png.webp","datePublished":"2023-07-14T07:37:50+00:00","dateModified":"2025-03-12T13:33:00+00:00","breadcrumb":{"@id":"https:\/\/simon-tv.com\/es\/comprar\/simon-peluche-et-abecedaire\/#breadcrumb"},"inLanguage":"es-ES","potentialAction":[{"@type":"ReadAction","target":["https:\/\/simon-tv.com\/es\/comprar\/simon-peluche-et-abecedaire\/"]}]},{"@type":"ImageObject","inLanguage":"es-ES","@id":"https:\/\/simon-tv.com\/es\/comprar\/simon-peluche-et-abecedaire\/#primaryimage","url":"https:\/\/simon-tv.com\/wp-content\/uploads\/2023\/07\/Simon_produits_Playbac_Peluche_Superlapin05png.webp","contentUrl":"https:\/\/simon-tv.com\/wp-content\/uploads\/2023\/07\/Simon_produits_Playbac_Peluche_Superlapin05png.webp","width":1080,"height":1080},{"@type":"BreadcrumbList","@id":"https:\/\/simon-tv.com\/es\/comprar\/simon-peluche-et-abecedaire\/#breadcrumb","itemListElement":[{"@type":"ListItem","position":1,"name":"Home","item":"https:\/\/simon-tv.com\/es\/"},{"@type":"ListItem","position":2,"name":"Shop Officiel Simon Super Lapin &#8211; O\u00f9 acheter","item":"https:\/\/simon-tv.com\/fr\/shop-simon-super-lapin-ou-acheter\/"},{"@type":"ListItem","position":3,"name":"Simon &#8211; Peluche et Ab\u00e9c\u00e9daire"}]},{"@type":"WebSite","@id":"https:\/\/simon-tv.com\/es\/#website","url":"https:\/\/simon-tv.com\/es\/","name":"Simon","description":"The cutest little rabbit","potentialAction":[{"@type":"SearchAction","target":{"@type":"EntryPoint","urlTemplate":"https:\/\/simon-tv.com\/es\/?s={search_term_string}"},"query-input":{"@type":"PropertyValueSpecification","valueRequired":true,"valueName":"search_term_string"}}],"inLanguage":"es-ES"}]}},"_links":{"self":[{"href":"https:\/\/simon-tv.com\/es\/wp-json\/wp\/v2\/product\/11367","targetHints":{"allow":["GET"]}}],"collection":[{"href":"https:\/\/simon-tv.com\/es\/wp-json\/wp\/v2\/product"}],"about":[{"href":"https:\/\/simon-tv.com\/es\/wp-json\/wp\/v2\/types\/product"}],"replies":[{"embeddable":true,"href":"https:\/\/simon-tv.com\/es\/wp-json\/wp\/v2\/comments?post=11367"}],"wp:featuredmedia":[{"embeddable":true,"href":"https:\/\/simon-tv.com\/es\/wp-json\/wp\/v2\/media\/11364"}],"wp:attachment":[{"href":"https:\/\/simon-tv.com\/es\/wp-json\/wp\/v2\/media?parent=11367"}],"wp:term":[{"taxonomy":"product_brand","embeddable":true,"href":"https:\/\/simon-tv.com\/es\/wp-json\/wp\/v2\/product_brand?post=11367"},{"taxonomy":"product_cat","embeddable":true,"href":"https:\/\/simon-tv.com\/es\/wp-json\/wp\/v2\/product_cat?post=11367"},{"taxonomy":"product_tag","embeddable":true,"href":"https:\/\/simon-tv.com\/es\/wp-json\/wp\/v2\/product_tag?post=11367"}],"curies":[{"name":"wp","href":"https:\/\/api.w.org\/{rel}","templated":true}]}}