{"id":13635,"date":"2023-11-23T16:56:29","date_gmt":"2023-11-23T15:56:29","guid":{"rendered":"https:\/\/simon-tv.com\/produit\/super-kids-clothing\/"},"modified":"2023-11-23T17:01:53","modified_gmt":"2023-11-23T16:01:53","slug":"super-camisetas-y-sudaderas","status":"publish","type":"product","link":"https:\/\/simon-tv.com\/es\/comprar\/super-camisetas-y-sudaderas\/","title":{"rendered":"Super camisetas y sudaderas"},"content":{"rendered":"<p>\u00a1Descubre las s\u00faper camisetas y sudaderas de Sim\u00f3n Super Conejo en la tienda en l\u00ednea Teemill! Una colecci\u00f3n para ni\u00f1os fabricada bajo pedido con cuidado a partir de algod\u00f3n org\u00e1nico certificado: suave para la piel y amigable con el planeta!<\/p>\n","protected":false},"excerpt":{"rendered":"<p>Teemill<\/p>\n","protected":false},"featured_media":13846,"comment_status":"closed","ping_status":"closed","template":"","meta":{"_et_pb_use_builder":"","_et_pb_old_content":"","_et_gb_content_width":""},"product_brand":[],"product_cat":[192],"product_tag":[],"class_list":{"0":"post-13635","1":"product","2":"type-product","3":"status-publish","4":"has-post-thumbnail","6":"product_cat-camisetas-y-sudaderas","8":"first","9":"instock","10":"shipping-taxable","11":"product-type-simple"},"acf":[],"yoast_head":"<!-- This site is optimized with the Yoast SEO plugin v26.4 - https:\/\/yoast.com\/wordpress\/plugins\/seo\/ -->\n<title>Super camisetas y sudaderas - Simon<\/title>\n<meta name=\"description\" content=\"Discover the perfect blend of comfort, style, and sustainability for your little ones at Simon Super Rabbit&#039;s Teemill E-Shop!\" \/>\n<meta name=\"robots\" content=\"index, follow, max-snippet:-1, max-image-preview:large, max-video-preview:-1\" \/>\n<link rel=\"canonical\" href=\"https:\/\/simon-tv.com\/es\/comprar\/super-camisetas-y-sudaderas\/\" \/>\n<meta property=\"og:locale\" content=\"es_ES\" \/>\n<meta property=\"og:type\" content=\"article\" \/>\n<meta property=\"og:title\" content=\"Super camisetas y sudaderas - Simon\" \/>\n<meta property=\"og:description\" content=\"Discover the perfect blend of comfort, style, and sustainability for your little ones at Simon Super Rabbit&#039;s Teemill E-Shop!\" \/>\n<meta property=\"og:url\" content=\"https:\/\/simon-tv.com\/es\/comprar\/super-camisetas-y-sudaderas\/\" \/>\n<meta property=\"og:site_name\" content=\"Simon\" \/>\n<meta property=\"article:modified_time\" content=\"2023-11-23T16:01:53+00:00\" \/>\n<meta property=\"og:image\" content=\"https:\/\/simon-tv.com\/wp-content\/uploads\/2023\/11\/IMG_1.webp\" \/>\n\t<meta property=\"og:image:width\" content=\"1080\" \/>\n\t<meta property=\"og:image:height\" content=\"1080\" \/>\n\t<meta property=\"og:image:type\" content=\"image\/webp\" \/>\n<meta name=\"twitter:card\" content=\"summary_large_image\" \/>\n<meta name=\"twitter:label1\" content=\"Est. reading time\" \/>\n\t<meta name=\"twitter:data1\" content=\"1 minute\" \/>\n<script type=\"application\/ld+json\" class=\"yoast-schema-graph\">{\"@context\":\"https:\/\/schema.org\",\"@graph\":[{\"@type\":\"WebPage\",\"@id\":\"https:\/\/simon-tv.com\/es\/comprar\/super-camisetas-y-sudaderas\/\",\"url\":\"https:\/\/simon-tv.com\/es\/comprar\/super-camisetas-y-sudaderas\/\",\"name\":\"Super camisetas y sudaderas - Simon\",\"isPartOf\":{\"@id\":\"https:\/\/simon-tv.com\/es\/#website\"},\"primaryImageOfPage\":{\"@id\":\"https:\/\/simon-tv.com\/es\/comprar\/super-camisetas-y-sudaderas\/#primaryimage\"},\"image\":{\"@id\":\"https:\/\/simon-tv.com\/es\/comprar\/super-camisetas-y-sudaderas\/#primaryimage\"},\"thumbnailUrl\":\"https:\/\/simon-tv.com\/wp-content\/uploads\/2023\/11\/20231125-t-shirt-teemill-Simon_1.png\",\"datePublished\":\"2023-11-23T15:56:29+00:00\",\"dateModified\":\"2023-11-23T16:01:53+00:00\",\"description\":\"Discover the perfect blend of comfort, style, and sustainability for your little ones at Simon Super Rabbit's Teemill E-Shop!\",\"breadcrumb\":{\"@id\":\"https:\/\/simon-tv.com\/es\/comprar\/super-camisetas-y-sudaderas\/#breadcrumb\"},\"inLanguage\":\"es-ES\",\"potentialAction\":[{\"@type\":\"ReadAction\",\"target\":[\"https:\/\/simon-tv.com\/es\/comprar\/super-camisetas-y-sudaderas\/\"]}]},{\"@type\":\"ImageObject\",\"inLanguage\":\"es-ES\",\"@id\":\"https:\/\/simon-tv.com\/es\/comprar\/super-camisetas-y-sudaderas\/#primaryimage\",\"url\":\"https:\/\/simon-tv.com\/wp-content\/uploads\/2023\/11\/20231125-t-shirt-teemill-Simon_1.png\",\"contentUrl\":\"https:\/\/simon-tv.com\/wp-content\/uploads\/2023\/11\/20231125-t-shirt-teemill-Simon_1.png\",\"width\":1080,\"height\":1080,\"caption\":\"Shop Simon Super Rabbit T-Shirt\"},{\"@type\":\"BreadcrumbList\",\"@id\":\"https:\/\/simon-tv.com\/es\/comprar\/super-camisetas-y-sudaderas\/#breadcrumb\",\"itemListElement\":[{\"@type\":\"ListItem\",\"position\":1,\"name\":\"Home\",\"item\":\"https:\/\/simon-tv.com\/es\/\"},{\"@type\":\"ListItem\",\"position\":2,\"name\":\"Shop Officiel Simon Super Lapin &#8211; O\u00f9 acheter\",\"item\":\"https:\/\/simon-tv.com\/fr\/shop-simon-super-lapin-ou-acheter\/\"},{\"@type\":\"ListItem\",\"position\":3,\"name\":\"Super camisetas y sudaderas\"}]},{\"@type\":\"WebSite\",\"@id\":\"https:\/\/simon-tv.com\/es\/#website\",\"url\":\"https:\/\/simon-tv.com\/es\/\",\"name\":\"Simon\",\"description\":\"The cutest little rabbit\",\"potentialAction\":[{\"@type\":\"SearchAction\",\"target\":{\"@type\":\"EntryPoint\",\"urlTemplate\":\"https:\/\/simon-tv.com\/es\/?s={search_term_string}\"},\"query-input\":{\"@type\":\"PropertyValueSpecification\",\"valueRequired\":true,\"valueName\":\"search_term_string\"}}],\"inLanguage\":\"es-ES\"}]}<\/script>\n<!-- \/ Yoast SEO plugin. -->","yoast_head_json":{"title":"Super camisetas y sudaderas - Simon","description":"Discover the perfect blend of comfort, style, and sustainability for your little ones at Simon Super Rabbit's Teemill E-Shop!","robots":{"index":"index","follow":"follow","max-snippet":"max-snippet:-1","max-image-preview":"max-image-preview:large","max-video-preview":"max-video-preview:-1"},"canonical":"https:\/\/simon-tv.com\/es\/comprar\/super-camisetas-y-sudaderas\/","og_locale":"es_ES","og_type":"article","og_title":"Super camisetas y sudaderas - Simon","og_description":"Discover the perfect blend of comfort, style, and sustainability for your little ones at Simon Super Rabbit's Teemill E-Shop!","og_url":"https:\/\/simon-tv.com\/es\/comprar\/super-camisetas-y-sudaderas\/","og_site_name":"Simon","article_modified_time":"2023-11-23T16:01:53+00:00","og_image":[{"width":1080,"height":1080,"url":"https:\/\/simon-tv.com\/wp-content\/uploads\/2023\/11\/IMG_1.webp","type":"image\/webp"}],"twitter_card":"summary_large_image","twitter_misc":{"Est. reading time":"1 minute"},"schema":{"@context":"https:\/\/schema.org","@graph":[{"@type":"WebPage","@id":"https:\/\/simon-tv.com\/es\/comprar\/super-camisetas-y-sudaderas\/","url":"https:\/\/simon-tv.com\/es\/comprar\/super-camisetas-y-sudaderas\/","name":"Super camisetas y sudaderas - Simon","isPartOf":{"@id":"https:\/\/simon-tv.com\/es\/#website"},"primaryImageOfPage":{"@id":"https:\/\/simon-tv.com\/es\/comprar\/super-camisetas-y-sudaderas\/#primaryimage"},"image":{"@id":"https:\/\/simon-tv.com\/es\/comprar\/super-camisetas-y-sudaderas\/#primaryimage"},"thumbnailUrl":"https:\/\/simon-tv.com\/wp-content\/uploads\/2023\/11\/20231125-t-shirt-teemill-Simon_1.png","datePublished":"2023-11-23T15:56:29+00:00","dateModified":"2023-11-23T16:01:53+00:00","description":"Discover the perfect blend of comfort, style, and sustainability for your little ones at Simon Super Rabbit's Teemill E-Shop!","breadcrumb":{"@id":"https:\/\/simon-tv.com\/es\/comprar\/super-camisetas-y-sudaderas\/#breadcrumb"},"inLanguage":"es-ES","potentialAction":[{"@type":"ReadAction","target":["https:\/\/simon-tv.com\/es\/comprar\/super-camisetas-y-sudaderas\/"]}]},{"@type":"ImageObject","inLanguage":"es-ES","@id":"https:\/\/simon-tv.com\/es\/comprar\/super-camisetas-y-sudaderas\/#primaryimage","url":"https:\/\/simon-tv.com\/wp-content\/uploads\/2023\/11\/20231125-t-shirt-teemill-Simon_1.png","contentUrl":"https:\/\/simon-tv.com\/wp-content\/uploads\/2023\/11\/20231125-t-shirt-teemill-Simon_1.png","width":1080,"height":1080,"caption":"Shop Simon Super Rabbit T-Shirt"},{"@type":"BreadcrumbList","@id":"https:\/\/simon-tv.com\/es\/comprar\/super-camisetas-y-sudaderas\/#breadcrumb","itemListElement":[{"@type":"ListItem","position":1,"name":"Home","item":"https:\/\/simon-tv.com\/es\/"},{"@type":"ListItem","position":2,"name":"Shop Officiel Simon Super Lapin &#8211; O\u00f9 acheter","item":"https:\/\/simon-tv.com\/fr\/shop-simon-super-lapin-ou-acheter\/"},{"@type":"ListItem","position":3,"name":"Super camisetas y sudaderas"}]},{"@type":"WebSite","@id":"https:\/\/simon-tv.com\/es\/#website","url":"https:\/\/simon-tv.com\/es\/","name":"Simon","description":"The cutest little rabbit","potentialAction":[{"@type":"SearchAction","target":{"@type":"EntryPoint","urlTemplate":"https:\/\/simon-tv.com\/es\/?s={search_term_string}"},"query-input":{"@type":"PropertyValueSpecification","valueRequired":true,"valueName":"search_term_string"}}],"inLanguage":"es-ES"}]}},"_links":{"self":[{"href":"https:\/\/simon-tv.com\/es\/wp-json\/wp\/v2\/product\/13635","targetHints":{"allow":["GET"]}}],"collection":[{"href":"https:\/\/simon-tv.com\/es\/wp-json\/wp\/v2\/product"}],"about":[{"href":"https:\/\/simon-tv.com\/es\/wp-json\/wp\/v2\/types\/product"}],"replies":[{"embeddable":true,"href":"https:\/\/simon-tv.com\/es\/wp-json\/wp\/v2\/comments?post=13635"}],"wp:featuredmedia":[{"embeddable":true,"href":"https:\/\/simon-tv.com\/es\/wp-json\/wp\/v2\/media\/13846"}],"wp:attachment":[{"href":"https:\/\/simon-tv.com\/es\/wp-json\/wp\/v2\/media?parent=13635"}],"wp:term":[{"taxonomy":"product_brand","embeddable":true,"href":"https:\/\/simon-tv.com\/es\/wp-json\/wp\/v2\/product_brand?post=13635"},{"taxonomy":"product_cat","embeddable":true,"href":"https:\/\/simon-tv.com\/es\/wp-json\/wp\/v2\/product_cat?post=13635"},{"taxonomy":"product_tag","embeddable":true,"href":"https:\/\/simon-tv.com\/es\/wp-json\/wp\/v2\/product_tag?post=13635"}],"curies":[{"name":"wp","href":"https:\/\/api.w.org\/{rel}","templated":true}]}}