{"id":1197,"date":"2020-09-02T17:27:05","date_gmt":"2020-09-02T15:27:05","guid":{"rendered":"https:\/\/www.simon-tv.com\/?page_id=1197"},"modified":"2022-04-19T20:07:54","modified_gmt":"2022-04-19T18:07:54","slug":"parents-tout-sur-simon","status":"publish","type":"page","link":"https:\/\/simon-tv.com\/fr\/parents-tout-sur-simon\/","title":{"rendered":"Parents"},"content":{"rendered":"<p>[vc_row row_height_percent=\u00a0\u00bb0&Prime; override_padding=\u00a0\u00bbyes\u00a0\u00bb h_padding=\u00a0\u00bb2&Prime; top_padding=\u00a0\u00bb2&Prime; bottom_padding=\u00a0\u00bb3&Prime; back_color=\u00a0\u00bbcolor-957612&Prime; overlay_alpha=\u00a0\u00bb50&Prime; gutter_size=\u00a0\u00bb3&Prime; column_width_percent=\u00a0\u00bb100&Prime; border_color=\u00a0\u00bbcolor-xsdn\u00a0\u00bb border_style=\u00a0\u00bbsolid\u00a0\u00bb shift_y=\u00a0\u00bb0&Prime; z_index=\u00a0\u00bb0&Prime; css=\u00a0\u00bb.vc_custom_1594205232961{border-right-width: 30px !important;border-left-width: 30px !important;}\u00a0\u00bb][vc_column column_width_percent=\u00a0\u00bb100&Prime; gutter_size=\u00a0\u00bb2&Prime; overlay_alpha=\u00a0\u00bb50&Prime; shift_x=\u00a0\u00bb0&Prime; shift_y=\u00a0\u00bb0&Prime; shift_y_down=\u00a0\u00bb0&Prime; z_index=\u00a0\u00bb0&Prime; medium_width=\u00a0\u00bb0&Prime; mobile_width=\u00a0\u00bb0&Prime; width=\u00a0\u00bb1\/1&Prime;][vc_row_inner row_inner_height_percent=\u00a0\u00bb0&Prime; overlay_alpha=\u00a0\u00bb50&Prime; gutter_size=\u00a0\u00bb3&Prime; shift_y=\u00a0\u00bb0&Prime; z_index=\u00a0\u00bb0&Prime; limit_content=\u00a0\u00bb\u00a0\u00bb css=\u00a0\u00bb.vc_custom_1594140190025{margin-bottom: 50px !important;}\u00a0\u00bb][vc_column_inner column_width_percent=\u00a0\u00bb100&Prime; gutter_size=\u00a0\u00bb0&Prime; style=\u00a0\u00bbdark\u00a0\u00bb overlay_alpha=\u00a0\u00bb50&Prime; shift_x=\u00a0\u00bb0&Prime; shift_y=\u00a0\u00bb0&Prime; shift_y_down=\u00a0\u00bb0&Prime; z_index=\u00a0\u00bb0&Prime; medium_width=\u00a0\u00bb0&Prime; mobile_width=\u00a0\u00bb0&Prime; width=\u00a0\u00bb1\/1&Prime;][vc_custom_heading heading_semantic=\u00a0\u00bbp\u00a0\u00bb text_color=\u00a0\u00bbcolor-168113&Prime;]Parents[\/vc_custom_heading][vc_custom_heading heading_semantic=\u00a0\u00bbh1&Prime; text_font=\u00a0\u00bbfont-752866&Prime; text_size=\u00a0\u00bbh1&Prime; text_transform=\u00a0\u00bbuppercase\u00a0\u00bb text_color=\u00a0\u00bbcolor-xsdn\u00a0\u00bb sub_reduced=\u00a0\u00bbyes\u00a0\u00bb css_animation=\u00a0\u00bbcurtain-words\u00a0\u00bb el_class=\u00a0\u00bbtxt-shadow\u00a0\u00bb]Tout sur Simon Superlapin[\/vc_custom_heading][vc_column_text]<\/p>\n<p class=\"p-style-h4 color-bleu\">Simon est une s\u00e9rie d\u2019animation pour les enfants de 3 \u00e0 6 ans, elle est l\u2019adaptation des albums de Stephanie Blake publi\u00e9s \u00e0 l\u2019\u00e9cole des loisirs.<\/p>\n<p>\u00ab A travers Simon et son dynamisme, c\u2019est la vitalit\u00e9 de l\u2019enfance qui s\u2019exprime. A travers lui, c\u2019est la capacit\u00e9 de l\u2019enfant \u00e0 s\u2019affirmer par rapport aux adultes auxquels il s\u2019oppose, m\u00eame s\u2019il lui faudra finalement c\u00e9der. En quelques ann\u00e9es et en quelques albums, Simon est devenu une \u00ab star \u00bb du livre pour les petits \u00bb. Michel Defourny, titulaire du cours de Litt\u00e9rature pour la jeunesse \u00e0 l\u2019Universit\u00e9 de Li\u00e8ge.[\/vc_column_text][\/vc_column_inner][\/vc_row_inner][vc_row_inner row_inner_height_percent=\u00a0\u00bb0&Prime; overlay_alpha=\u00a0\u00bb50&Prime; gutter_size=\u00a0\u00bb3&Prime; shift_y=\u00a0\u00bb0&Prime; z_index=\u00a0\u00bb0&Prime; limit_content=\u00a0\u00bb\u00a0\u00bb css=\u00a0\u00bb.vc_custom_1594140788578{margin-bottom: 50px !important;}\u00a0\u00bb][vc_column_inner column_width_percent=\u00a0\u00bb100&Prime; gutter_size=\u00a0\u00bb0&Prime; style=\u00a0\u00bbdark\u00a0\u00bb overlay_alpha=\u00a0\u00bb50&Prime; shift_x=\u00a0\u00bb0&Prime; shift_y=\u00a0\u00bb0&Prime; shift_y_down=\u00a0\u00bb0&Prime; z_index=\u00a0\u00bb0&Prime; medium_width=\u00a0\u00bb0&Prime; mobile_width=\u00a0\u00bb0&Prime; width=\u00a0\u00bb1\/4&Prime;][vc_single_image media=\u00a0\u00bb616&Prime; media_width_percent=\u00a0\u00bb100&Prime; shape=\u00a0\u00bbimg-circle\u00a0\u00bb advanced=\u00a0\u00bbyes\u00a0\u00bb media_items=\u00a0\u00bbmedia|original\u00a0\u00bb media_overlay_opacity=\u00a0\u00bb50&Prime; media_padding=\u00a0\u00bb2&Prime;][\/vc_column_inner][vc_column_inner column_width_percent=\u00a0\u00bb100&Prime; gutter_size=\u00a0\u00bb2&Prime; style=\u00a0\u00bbdark\u00a0\u00bb overlay_alpha=\u00a0\u00bb50&Prime; shift_x=\u00a0\u00bb0&Prime; shift_y=\u00a0\u00bb0&Prime; shift_y_down=\u00a0\u00bb0&Prime; z_index=\u00a0\u00bb0&Prime; medium_width=\u00a0\u00bb0&Prime; mobile_width=\u00a0\u00bb0&Prime; width=\u00a0\u00bb3\/4&Prime;][vc_custom_heading text_font=\u00a0\u00bbfont-752866&Prime; text_size=\u00a0\u00bbh1&Prime; text_color=\u00a0\u00bbcolor-168113&Prime; sub_lead=\u00a0\u00bbyes\u00a0\u00bb sub_reduced=\u00a0\u00bbyes\u00a0\u00bb css_animation=\u00a0\u00bbcurtain-words\u00a0\u00bb el_class=\u00a0\u00bbtxt-shadow\u00a0\u00bb]STEPHANIE BLAKE[\/vc_custom_heading][vc_custom_heading heading_semantic=\u00a0\u00bbh3&Prime; text_font=\u00a0\u00bbfont-416270&Prime; text_size=\u00a0\u00bbh3&Prime; text_color=\u00a0\u00bbcolor-xsdn\u00a0\u00bb sub_reduced=\u00a0\u00bbyes\u00a0\u00bb css_animation=\u00a0\u00bbcurtain-words\u00a0\u00bb]Autrice[\/vc_custom_heading][vc_column_text]Souvent il arrive qu\u2019un Am\u00e9ricain tombe amoureux de la France, vienne y vivre quelques temps, puis s\u2019en retourne \u2014 plein d\u2019usage et de raison \u2014 dans son beau pays\u2026<\/p>\n<p>Sans l\u2019avoir demand\u00e9, Stephanie Blake est tomb\u00e9e en France, un jour de ses huit ans. Elle qui \u00e9tait toute empreinte des livres de son enfance \u2014 de Dr. Seuss, Richard Scarry, William Steig, Margaret Wise Brown, A.A. Milne, Maurice Sendak \u2014 se rendit-elle compte qu\u2019elle avait travers\u00e9 un oc\u00e9an ?<\/p>\n<p>Dans la cour de l\u2019\u00e9cole de la rue Didot dans le quatorzi\u00e8me arrondissement de Paris, elle avait une t\u00eate (blonde) de plus que les autres et les dents \u00e9cart\u00e9es de son\u2026 futur lapin. Certes, ce lapin-l\u00e0, ne parlait pas (encore) le fran\u00e7ais.<\/p>\n<p>N\u00e9e en 1968 \u00e0 Northfield Minnesota, Stephanie Blake s\u2019est donc durablement install\u00e9e en France et y a fond\u00e9 une famille. C\u2019est sans doute Simon, le h\u00e9ros de \u00ab Caca Boudin \u00bb, qui lui a fait comprendre qu\u2019un adulte qui \u00e9crit pour les enfants ne doit jamais oublier \u00e0 qui il s\u2019adresse ni surtout d\u2019o\u00f9 il vient, car la vie est pleine d\u2019entr\u00e9es secr\u00e8tes, de passages oblig\u00e9s, d\u2019oc\u00e9ans \u00e0 traverser\u2026 La vie est pleine d\u2019enfants qui poussent une porte interdite, se retrouvent seuls dans le noir, sautent \u00e0 une corde magique qui les propulse aux \u00e9toiles. La vie est pleine de livres qui d\u00e9dramatisent les petits et les grands maux du quotidien.<\/p>\n<p>Les livres de Stephanie Blake sont de ceux-l\u00e0, ils sont pleins de la vie de nos enfants et Simon leur ressemble comme ils ressemblent \u00e0 Simon.[\/vc_column_text][\/vc_column_inner][\/vc_row_inner][vc_row_inner row_inner_height_percent=\u00a0\u00bb0&Prime; overlay_alpha=\u00a0\u00bb50&Prime; gutter_size=\u00a0\u00bb3&Prime; shift_y=\u00a0\u00bb0&Prime; z_index=\u00a0\u00bb0&Prime; limit_content=\u00a0\u00bb\u00a0\u00bb css=\u00a0\u00bb.vc_custom_1594142992236{margin-bottom: 100px !important;}\u00a0\u00bb][vc_column_inner column_width_percent=\u00a0\u00bb100&Prime; gutter_size=\u00a0\u00bb0&Prime; style=\u00a0\u00bbdark\u00a0\u00bb overlay_alpha=\u00a0\u00bb50&Prime; shift_x=\u00a0\u00bb0&Prime; shift_y=\u00a0\u00bb0&Prime; shift_y_down=\u00a0\u00bb0&Prime; z_index=\u00a0\u00bb0&Prime; medium_width=\u00a0\u00bb0&Prime; mobile_width=\u00a0\u00bb0&Prime; width=\u00a0\u00bb1\/4&Prime;][vc_single_image media=\u00a0\u00bb1204&Prime; media_width_use_pixel=\u00a0\u00bbyes\u00a0\u00bb alignment=\u00a0\u00bbcenter\u00a0\u00bb advanced=\u00a0\u00bbyes\u00a0\u00bb media_items=\u00a0\u00bbmedia|original\u00a0\u00bb media_text=\u00a0\u00bbunder\u00a0\u00bb media_overlay_opacity=\u00a0\u00bb50&Prime; media_padding=\u00a0\u00bb2&Prime; media_width_pixel=\u00a0\u00bb200&Prime; media_title_custom=\u00a0\u00bbDiscover Simon&rsquo;s books published by geckopress\u00a0\u00bb media_subtitle_custom=\u00a0\u00bbDiscover Simon&rsquo;s books published by geckopress\u00a0\u00bb media_caption_custom=\u00a0\u00bbDiscover Simon&rsquo;s books published by geckopress\u00a0\u00bb media_link=\u00a0\u00bburl:https%3A%2F%2Fwww.ecoledesloisirs.fr%2Fauteur%2Fstephanie-blake||target:%20_blank|\u00a0\u00bb][\/vc_column_inner][vc_column_inner column_width_percent=\u00a0\u00bb100&Prime; gutter_size=\u00a0\u00bb2&Prime; style=\u00a0\u00bbdark\u00a0\u00bb overlay_alpha=\u00a0\u00bb50&Prime; shift_x=\u00a0\u00bb0&Prime; shift_y=\u00a0\u00bb0&Prime; shift_y_down=\u00a0\u00bb0&Prime; z_index=\u00a0\u00bb0&Prime; medium_width=\u00a0\u00bb0&Prime; mobile_width=\u00a0\u00bb0&Prime; width=\u00a0\u00bb3\/4&Prime;][vc_custom_heading heading_semantic=\u00a0\u00bbh3&Prime; text_font=\u00a0\u00bbfont-416270&Prime; text_size=\u00a0\u00bbh3&Prime; text_color=\u00a0\u00bbcolor-xsdn\u00a0\u00bb]D\u00e9couvrez les livres publi\u00e9s \u00e0 l&rsquo;\u00e9cole des loisirs.[\/vc_custom_heading][\/vc_column_inner][\/vc_row_inner][vc_row_inner limit_content=\u00a0\u00bb\u00a0\u00bb][vc_column_inner column_width_percent=\u00a0\u00bb100&Prime; gutter_size=\u00a0\u00bb0&Prime; style=\u00a0\u00bbdark\u00a0\u00bb overlay_alpha=\u00a0\u00bb50&Prime; shift_x=\u00a0\u00bb0&Prime; shift_y=\u00a0\u00bb0&Prime; shift_y_down=\u00a0\u00bb0&Prime; z_index=\u00a0\u00bb0&Prime; medium_width=\u00a0\u00bb0&Prime; mobile_width=\u00a0\u00bb0&Prime; width=\u00a0\u00bb1\/4&Prime;][vc_single_image media=\u00a0\u00bb613&Prime; media_width_percent=\u00a0\u00bb100&Prime; shape=\u00a0\u00bbimg-circle\u00a0\u00bb advanced=\u00a0\u00bbyes\u00a0\u00bb media_overlay_opacity=\u00a0\u00bb50&Prime; media_padding=\u00a0\u00bb0&Prime; media_title_family=\u00a0\u00bbfont-752866&Prime; media_caption_custom=\u00a0\u00bbDirector\u00a0\u00bb media_title_custom=\u00a0\u00bbJulien Cayot\u00a0\u00bb][\/vc_column_inner][vc_column_inner column_width_percent=\u00a0\u00bb100&Prime; gutter_size=\u00a0\u00bb2&Prime; style=\u00a0\u00bbdark\u00a0\u00bb overlay_alpha=\u00a0\u00bb50&Prime; shift_x=\u00a0\u00bb0&Prime; shift_y=\u00a0\u00bb0&Prime; shift_y_down=\u00a0\u00bb0&Prime; z_index=\u00a0\u00bb0&Prime; medium_width=\u00a0\u00bb0&Prime; mobile_width=\u00a0\u00bb0&Prime; width=\u00a0\u00bb3\/4&Prime;][vc_custom_heading text_font=\u00a0\u00bbfont-752866&Prime; text_size=\u00a0\u00bbh1&Prime; text_color=\u00a0\u00bbcolor-168113&Prime; css_animation=\u00a0\u00bbcurtain-words\u00a0\u00bb el_class=\u00a0\u00bbtxt-shadow\u00a0\u00bb]JULIEN CAYOT[\/vc_custom_heading][vc_custom_heading heading_semantic=\u00a0\u00bbh3&Prime; text_font=\u00a0\u00bbfont-416270&Prime; text_size=\u00a0\u00bbh3&Prime; text_color=\u00a0\u00bbcolor-xsdn\u00a0\u00bb css_animation=\u00a0\u00bbcurtain-words\u00a0\u00bb]R\u00e9alisateur[\/vc_custom_heading][vc_column_text]Apr\u00e8s des \u00e9tudes d\u2019arts plastiques, Julien Cayot d\u00e9marre sa carri\u00e8re dans l\u2019animation au sein du groupe Millimages en occupant des postes de premier assistant r\u00e9alisateur sur \u00ab Balthazar le petit tigre \u00bb (26 x 5\u2019 pour France 5 et la BBC), \u00ab Pigeon Boy \u00bb (26 x 26\u2019 pour France 3) et sur la 3 \u00e8me saison de \u00ab Didou \u00bb (39 x 5\u2019 pour France 5) et de superviseur d\u2019animation sur les s\u00e9ries \u00ab Pitt &amp; Kantrop \u00bb (26 x 26\u2019 pour l\u2019UER &#8211; France 3, BBC, ARD-WDR et TVE) et \u00ab Lola et Virginia \u00bb (52 x 26\u2019 pour France 3 et Catalunya). Il passe \u00e0 la r\u00e9alisation en 2008 avec la s\u00e9rie \u00ab 64 rue du zoo \u00bb, dont il r\u00e9alisera deux saisons de 26 \u00e9pisodes de 11\u2019 pour France 5 et la BBC. Il alterne avec la supervision d\u2019animation de \u00ab Commandant Clark \u00bb (52 x 13\u2019 pour France 5 et Cartoon Network) chez GO-N Productions et la direction technique de \u00ab Mouk \u00bb (62 x 11\u2019 pour France 5 et la BBC) chez Millimages. Il rejoint GO-N Productions comme directeur de l\u2018animation sur la s\u00e9rie \u00ab ZIP ZIP \u00bb (52 x 12\u2019 pour France 3, Super RTL et Disney Channel), pour poursuivre avec la r\u00e9alisation de \u00ab Simon \u00bb (52 x 5\u2019 pour France 5).[\/vc_column_text][\/vc_column_inner][\/vc_row_inner][\/vc_column][\/vc_row][vc_row][vc_column width=\u00a0\u00bb1\/1&Prime;][uncode_block id=\u00a0\u00bb787&Prime;][\/vc_column][\/vc_row]<\/p>\n","protected":false},"excerpt":{"rendered":"<p>[vc_row row_height_percent=\u00a0\u00bb0&Prime; override_padding=\u00a0\u00bbyes\u00a0\u00bb h_padding=\u00a0\u00bb2&Prime; top_padding=\u00a0\u00bb2&Prime; bottom_padding=\u00a0\u00bb3&Prime; back_color=\u00a0\u00bbcolor-957612&Prime; overlay_alpha=\u00a0\u00bb50&Prime; gutter_size=\u00a0\u00bb3&Prime; column_width_percent=\u00a0\u00bb100&Prime; border_color=\u00a0\u00bbcolor-xsdn\u00a0\u00bb border_style=\u00a0\u00bbsolid\u00a0\u00bb shift_y=\u00a0\u00bb0&Prime; z_index=\u00a0\u00bb0&Prime; css=\u00a0\u00bb.vc_custom_1594205232961{border-right-width: 30px !important;border-left-width: 30px !important;}\u00a0\u00bb][vc_column column_width_percent=\u00a0\u00bb100&Prime; gutter_size=\u00a0\u00bb2&Prime; overlay_alpha=\u00a0\u00bb50&Prime; shift_x=\u00a0\u00bb0&Prime; shift_y=\u00a0\u00bb0&Prime; shift_y_down=\u00a0\u00bb0&Prime; z_index=\u00a0\u00bb0&Prime; medium_width=\u00a0\u00bb0&Prime; mobile_width=\u00a0\u00bb0&Prime; width=\u00a0\u00bb1\/1&Prime;][vc_row_inner row_inner_height_percent=\u00a0\u00bb0&Prime; overlay_alpha=\u00a0\u00bb50&Prime; gutter_size=\u00a0\u00bb3&Prime; shift_y=\u00a0\u00bb0&Prime; z_index=\u00a0\u00bb0&Prime; limit_content=\u00a0\u00bb\u00a0\u00bb css=\u00a0\u00bb.vc_custom_1594140190025{margin-bottom: 50px !important;}\u00a0\u00bb][vc_column_inner column_width_percent=\u00a0\u00bb100&Prime; gutter_size=\u00a0\u00bb0&Prime; style=\u00a0\u00bbdark\u00a0\u00bb overlay_alpha=\u00a0\u00bb50&Prime; shift_x=\u00a0\u00bb0&Prime; shift_y=\u00a0\u00bb0&Prime; shift_y_down=\u00a0\u00bb0&Prime; z_index=\u00a0\u00bb0&Prime; medium_width=\u00a0\u00bb0&Prime; mobile_width=\u00a0\u00bb0&Prime; width=\u00a0\u00bb1\/1&Prime;][vc_custom_heading heading_semantic=\u00a0\u00bbp\u00a0\u00bb text_color=\u00a0\u00bbcolor-168113&Prime;]Parents[\/vc_custom_heading][vc_custom_heading heading_semantic=\u00a0\u00bbh1&Prime; text_font=\u00a0\u00bbfont-752866&Prime; text_size=\u00a0\u00bbh1&Prime; text_transform=\u00a0\u00bbuppercase\u00a0\u00bb [&hellip;]<\/p>\n","protected":false},"author":6,"featured_media":0,"parent":0,"menu_order":0,"comment_status":"closed","ping_status":"closed","template":"","meta":{"_et_pb_use_builder":"","_et_pb_old_content":"","_et_gb_content_width":"","footnotes":""},"class_list":["post-1197","page","type-page","status-publish","hentry"],"acf":[],"yoast_head":"<!-- This site is optimized with the Yoast SEO plugin v26.4 - https:\/\/yoast.com\/wordpress\/plugins\/seo\/ -->\n<title>Les cr\u00e9ateurs - Simon Superlapin - Plus d&#039;informations<\/title>\n<meta name=\"description\" content=\"Simon est un dessin anim\u00e9 pour les enfants de 3 \u00e0 6 ans, adapt\u00e9e des albums de Stephanie Blake publi\u00e9s \u00e0 l\u2019\u00e9cole des loisirs.\" \/>\n<meta name=\"robots\" content=\"index, follow, max-snippet:-1, max-image-preview:large, max-video-preview:-1\" \/>\n<link rel=\"canonical\" href=\"https:\/\/simon-tv.com\/fr\/parents-tout-sur-simon\/\" \/>\n<meta property=\"og:locale\" content=\"fr_FR\" \/>\n<meta property=\"og:type\" content=\"article\" \/>\n<meta property=\"og:title\" content=\"Les cr\u00e9ateurs - Simon Superlapin - Plus d&#039;informations\" \/>\n<meta property=\"og:description\" content=\"Simon est un dessin anim\u00e9 pour les enfants de 3 \u00e0 6 ans, adapt\u00e9e des albums de Stephanie Blake publi\u00e9s \u00e0 l\u2019\u00e9cole des loisirs.\" \/>\n<meta property=\"og:url\" content=\"https:\/\/simon-tv.com\/fr\/parents-tout-sur-simon\/\" \/>\n<meta property=\"og:site_name\" content=\"Simon\" \/>\n<meta property=\"article:modified_time\" content=\"2022-04-19T18:07:54+00:00\" \/>\n<meta name=\"twitter:card\" content=\"summary_large_image\" \/>\n<meta name=\"twitter:label1\" content=\"Dur\u00e9e de lecture estim\u00e9e\" \/>\n\t<meta name=\"twitter:data1\" content=\"4 minutes\" \/>\n<script type=\"application\/ld+json\" class=\"yoast-schema-graph\">{\"@context\":\"https:\/\/schema.org\",\"@graph\":[{\"@type\":\"WebPage\",\"@id\":\"https:\/\/simon-tv.com\/fr\/parents-tout-sur-simon\/\",\"url\":\"https:\/\/simon-tv.com\/fr\/parents-tout-sur-simon\/\",\"name\":\"Les cr\u00e9ateurs - Simon Superlapin - Plus d'informations\",\"isPartOf\":{\"@id\":\"https:\/\/simon-tv.com\/fr\/#website\"},\"datePublished\":\"2020-09-02T15:27:05+00:00\",\"dateModified\":\"2022-04-19T18:07:54+00:00\",\"description\":\"Simon est un dessin anim\u00e9 pour les enfants de 3 \u00e0 6 ans, adapt\u00e9e des albums de Stephanie Blake publi\u00e9s \u00e0 l\u2019\u00e9cole des loisirs.\",\"breadcrumb\":{\"@id\":\"https:\/\/simon-tv.com\/fr\/parents-tout-sur-simon\/#breadcrumb\"},\"inLanguage\":\"fr-FR\",\"potentialAction\":[{\"@type\":\"ReadAction\",\"target\":[\"https:\/\/simon-tv.com\/fr\/parents-tout-sur-simon\/\"]}]},{\"@type\":\"BreadcrumbList\",\"@id\":\"https:\/\/simon-tv.com\/fr\/parents-tout-sur-simon\/#breadcrumb\",\"itemListElement\":[{\"@type\":\"ListItem\",\"position\":1,\"name\":\"Home\",\"item\":\"https:\/\/simon-tv.com\/fr\/\"},{\"@type\":\"ListItem\",\"position\":2,\"name\":\"Parents\"}]},{\"@type\":\"WebSite\",\"@id\":\"https:\/\/simon-tv.com\/fr\/#website\",\"url\":\"https:\/\/simon-tv.com\/fr\/\",\"name\":\"Simon\",\"description\":\"The cutest little rabbit\",\"potentialAction\":[{\"@type\":\"SearchAction\",\"target\":{\"@type\":\"EntryPoint\",\"urlTemplate\":\"https:\/\/simon-tv.com\/fr\/?s={search_term_string}\"},\"query-input\":{\"@type\":\"PropertyValueSpecification\",\"valueRequired\":true,\"valueName\":\"search_term_string\"}}],\"inLanguage\":\"fr-FR\"}]}<\/script>\n<!-- \/ Yoast SEO plugin. -->","yoast_head_json":{"title":"Les cr\u00e9ateurs - Simon Superlapin - Plus d'informations","description":"Simon est un dessin anim\u00e9 pour les enfants de 3 \u00e0 6 ans, adapt\u00e9e des albums de Stephanie Blake publi\u00e9s \u00e0 l\u2019\u00e9cole des loisirs.","robots":{"index":"index","follow":"follow","max-snippet":"max-snippet:-1","max-image-preview":"max-image-preview:large","max-video-preview":"max-video-preview:-1"},"canonical":"https:\/\/simon-tv.com\/fr\/parents-tout-sur-simon\/","og_locale":"fr_FR","og_type":"article","og_title":"Les cr\u00e9ateurs - Simon Superlapin - Plus d'informations","og_description":"Simon est un dessin anim\u00e9 pour les enfants de 3 \u00e0 6 ans, adapt\u00e9e des albums de Stephanie Blake publi\u00e9s \u00e0 l\u2019\u00e9cole des loisirs.","og_url":"https:\/\/simon-tv.com\/fr\/parents-tout-sur-simon\/","og_site_name":"Simon","article_modified_time":"2022-04-19T18:07:54+00:00","twitter_card":"summary_large_image","twitter_misc":{"Dur\u00e9e de lecture estim\u00e9e":"4 minutes"},"schema":{"@context":"https:\/\/schema.org","@graph":[{"@type":"WebPage","@id":"https:\/\/simon-tv.com\/fr\/parents-tout-sur-simon\/","url":"https:\/\/simon-tv.com\/fr\/parents-tout-sur-simon\/","name":"Les cr\u00e9ateurs - Simon Superlapin - Plus d'informations","isPartOf":{"@id":"https:\/\/simon-tv.com\/fr\/#website"},"datePublished":"2020-09-02T15:27:05+00:00","dateModified":"2022-04-19T18:07:54+00:00","description":"Simon est un dessin anim\u00e9 pour les enfants de 3 \u00e0 6 ans, adapt\u00e9e des albums de Stephanie Blake publi\u00e9s \u00e0 l\u2019\u00e9cole des loisirs.","breadcrumb":{"@id":"https:\/\/simon-tv.com\/fr\/parents-tout-sur-simon\/#breadcrumb"},"inLanguage":"fr-FR","potentialAction":[{"@type":"ReadAction","target":["https:\/\/simon-tv.com\/fr\/parents-tout-sur-simon\/"]}]},{"@type":"BreadcrumbList","@id":"https:\/\/simon-tv.com\/fr\/parents-tout-sur-simon\/#breadcrumb","itemListElement":[{"@type":"ListItem","position":1,"name":"Home","item":"https:\/\/simon-tv.com\/fr\/"},{"@type":"ListItem","position":2,"name":"Parents"}]},{"@type":"WebSite","@id":"https:\/\/simon-tv.com\/fr\/#website","url":"https:\/\/simon-tv.com\/fr\/","name":"Simon","description":"The cutest little rabbit","potentialAction":[{"@type":"SearchAction","target":{"@type":"EntryPoint","urlTemplate":"https:\/\/simon-tv.com\/fr\/?s={search_term_string}"},"query-input":{"@type":"PropertyValueSpecification","valueRequired":true,"valueName":"search_term_string"}}],"inLanguage":"fr-FR"}]}},"_links":{"self":[{"href":"https:\/\/simon-tv.com\/fr\/wp-json\/wp\/v2\/pages\/1197","targetHints":{"allow":["GET"]}}],"collection":[{"href":"https:\/\/simon-tv.com\/fr\/wp-json\/wp\/v2\/pages"}],"about":[{"href":"https:\/\/simon-tv.com\/fr\/wp-json\/wp\/v2\/types\/page"}],"author":[{"embeddable":true,"href":"https:\/\/simon-tv.com\/fr\/wp-json\/wp\/v2\/users\/6"}],"replies":[{"embeddable":true,"href":"https:\/\/simon-tv.com\/fr\/wp-json\/wp\/v2\/comments?post=1197"}],"version-history":[{"count":0,"href":"https:\/\/simon-tv.com\/fr\/wp-json\/wp\/v2\/pages\/1197\/revisions"}],"wp:attachment":[{"href":"https:\/\/simon-tv.com\/fr\/wp-json\/wp\/v2\/media?parent=1197"}],"curies":[{"name":"wp","href":"https:\/\/api.w.org\/{rel}","templated":true}]}}