{"id":11319,"date":"2023-07-14T09:27:24","date_gmt":"2023-07-14T07:27:24","guid":{"rendered":"https:\/\/simon-tv.com\/?post_type=product&#038;p=11319"},"modified":"2023-07-17T10:58:58","modified_gmt":"2023-07-17T08:58:58","slug":"peluche-simon-35-cm-avec-cape","status":"publish","type":"product","link":"https:\/\/simon-tv.com\/fr\/produit\/peluche-simon-35-cm-avec-cape\/","title":{"rendered":"Peluche Simon 35 cm avec cape"},"content":{"rendered":"<p>Voici la peluche de Simon qui fera sourire votre enfant ! Cette peluche de 35cm de haut est faite d\u2019un mat\u00e9riau doux et c\u00e2lin, parfaite pour les enfants de 12 mois et plus. Ce petit lapin dot\u00e9 d\u2019une cape et d\u2019un masque est un vrai super-h\u00e9ros ! Ses bras et ses jambes sont mobiles, de sorte que votre enfant peut le poser dans diff\u00e9rentes positions. Ce doudou est s\u00fbr de devenir un compagnon pr\u00e9f\u00e9r\u00e9 pour votre tout-petit ! Il sera ravi de poss\u00e9der cette Voici la peluche de Simon qui fera sourire votre enfant ! Cette peluche de 35cm de haut est faite d\u2019un mat\u00e9riau doux et c\u00e2lin, parfaite pour les enfants de 12 mois et plus. Ce petit lapin dot\u00e9 d\u2019une cape et d\u2019un masque est un vrai super-h\u00e9ros ! Ses bras et ses jambes sont mobiles, de sorte que votre enfant peut le poser dans diff\u00e9rentes positions. Ce doudou est s\u00fbr de devenir un compagnon pr\u00e9f\u00e9r\u00e9 pour votre tout-petit ! Il sera ravi de poss\u00e9der cette peluche. Ce jouet en peluche deviendra le compagnon de vie de tous les fans de Simon, le petit lapin le plus c\u00e9l\u00e8bre !<\/p>\n","protected":false},"excerpt":{"rendered":"<p>Jemini<\/p>\n","protected":false},"featured_media":11264,"comment_status":"closed","ping_status":"closed","template":"","meta":{"_et_pb_use_builder":"","_et_pb_old_content":"","_et_gb_content_width":""},"product_brand":[],"product_cat":[45],"product_tag":[180],"class_list":{"0":"post-11319","1":"product","2":"type-product","3":"status-publish","4":"has-post-thumbnail","6":"product_cat-peluches-et-jouets","7":"product_tag-france-fr","9":"first","10":"instock","11":"featured","12":"shipping-taxable","13":"product-type-simple"},"acf":[],"yoast_head":"<!-- This site is optimized with the Yoast SEO plugin v26.4 - https:\/\/yoast.com\/wordpress\/plugins\/seo\/ -->\n<title>Peluche Simon 35 cm avec cape - Simon<\/title>\n<meta name=\"robots\" content=\"index, follow, max-snippet:-1, max-image-preview:large, max-video-preview:-1\" \/>\n<link rel=\"canonical\" href=\"https:\/\/simon-tv.com\/fr\/produit\/peluche-simon-35-cm-avec-cape\/\" \/>\n<meta property=\"og:locale\" content=\"fr_FR\" \/>\n<meta property=\"og:type\" content=\"article\" \/>\n<meta property=\"og:title\" content=\"Peluche Simon 35 cm avec cape - Simon\" \/>\n<meta property=\"og:description\" content=\"Jemini\" \/>\n<meta property=\"og:url\" content=\"https:\/\/simon-tv.com\/fr\/produit\/peluche-simon-35-cm-avec-cape\/\" \/>\n<meta property=\"og:site_name\" content=\"Simon\" \/>\n<meta property=\"article:modified_time\" content=\"2023-07-17T08:58:58+00:00\" \/>\n<meta property=\"og:image\" content=\"https:\/\/simon-tv.com\/wp-content\/uploads\/2023\/07\/Simon-Superlapin.gif\" \/>\n\t<meta property=\"og:image:width\" content=\"470\" \/>\n\t<meta property=\"og:image:height\" content=\"500\" \/>\n\t<meta property=\"og:image:type\" content=\"image\/gif\" \/>\n<meta name=\"twitter:card\" content=\"summary_large_image\" \/>\n<meta name=\"twitter:label1\" content=\"Dur\u00e9e de lecture estim\u00e9e\" \/>\n\t<meta name=\"twitter:data1\" content=\"1 minute\" \/>\n<script type=\"application\/ld+json\" class=\"yoast-schema-graph\">{\"@context\":\"https:\/\/schema.org\",\"@graph\":[{\"@type\":\"WebPage\",\"@id\":\"https:\/\/simon-tv.com\/fr\/produit\/peluche-simon-35-cm-avec-cape\/\",\"url\":\"https:\/\/simon-tv.com\/fr\/produit\/peluche-simon-35-cm-avec-cape\/\",\"name\":\"Peluche Simon 35 cm avec cape - Simon\",\"isPartOf\":{\"@id\":\"https:\/\/simon-tv.com\/fr\/#website\"},\"primaryImageOfPage\":{\"@id\":\"https:\/\/simon-tv.com\/fr\/produit\/peluche-simon-35-cm-avec-cape\/#primaryimage\"},\"image\":{\"@id\":\"https:\/\/simon-tv.com\/fr\/produit\/peluche-simon-35-cm-avec-cape\/#primaryimage\"},\"thumbnailUrl\":\"https:\/\/simon-tv.com\/wp-content\/uploads\/2023\/07\/Simon-Superlapin.gif\",\"datePublished\":\"2023-07-14T07:27:24+00:00\",\"dateModified\":\"2023-07-17T08:58:58+00:00\",\"breadcrumb\":{\"@id\":\"https:\/\/simon-tv.com\/fr\/produit\/peluche-simon-35-cm-avec-cape\/#breadcrumb\"},\"inLanguage\":\"fr-FR\",\"potentialAction\":[{\"@type\":\"ReadAction\",\"target\":[\"https:\/\/simon-tv.com\/fr\/produit\/peluche-simon-35-cm-avec-cape\/\"]}]},{\"@type\":\"ImageObject\",\"inLanguage\":\"fr-FR\",\"@id\":\"https:\/\/simon-tv.com\/fr\/produit\/peluche-simon-35-cm-avec-cape\/#primaryimage\",\"url\":\"https:\/\/simon-tv.com\/wp-content\/uploads\/2023\/07\/Simon-Superlapin.gif\",\"contentUrl\":\"https:\/\/simon-tv.com\/wp-content\/uploads\/2023\/07\/Simon-Superlapin.gif\",\"width\":470,\"height\":500},{\"@type\":\"BreadcrumbList\",\"@id\":\"https:\/\/simon-tv.com\/fr\/produit\/peluche-simon-35-cm-avec-cape\/#breadcrumb\",\"itemListElement\":[{\"@type\":\"ListItem\",\"position\":1,\"name\":\"Home\",\"item\":\"https:\/\/simon-tv.com\/fr\/\"},{\"@type\":\"ListItem\",\"position\":2,\"name\":\"Shop Officiel Simon Super Lapin &#8211; O\u00f9 acheter\",\"item\":\"https:\/\/simon-tv.com\/fr\/shop-simon-super-lapin-ou-acheter\/\"},{\"@type\":\"ListItem\",\"position\":3,\"name\":\"Peluche Simon 35 cm avec cape\"}]},{\"@type\":\"WebSite\",\"@id\":\"https:\/\/simon-tv.com\/fr\/#website\",\"url\":\"https:\/\/simon-tv.com\/fr\/\",\"name\":\"Simon\",\"description\":\"The cutest little rabbit\",\"potentialAction\":[{\"@type\":\"SearchAction\",\"target\":{\"@type\":\"EntryPoint\",\"urlTemplate\":\"https:\/\/simon-tv.com\/fr\/?s={search_term_string}\"},\"query-input\":{\"@type\":\"PropertyValueSpecification\",\"valueRequired\":true,\"valueName\":\"search_term_string\"}}],\"inLanguage\":\"fr-FR\"}]}<\/script>\n<!-- \/ Yoast SEO plugin. -->","yoast_head_json":{"title":"Peluche Simon 35 cm avec cape - Simon","robots":{"index":"index","follow":"follow","max-snippet":"max-snippet:-1","max-image-preview":"max-image-preview:large","max-video-preview":"max-video-preview:-1"},"canonical":"https:\/\/simon-tv.com\/fr\/produit\/peluche-simon-35-cm-avec-cape\/","og_locale":"fr_FR","og_type":"article","og_title":"Peluche Simon 35 cm avec cape - Simon","og_description":"Jemini","og_url":"https:\/\/simon-tv.com\/fr\/produit\/peluche-simon-35-cm-avec-cape\/","og_site_name":"Simon","article_modified_time":"2023-07-17T08:58:58+00:00","og_image":[{"url":"https:\/\/simon-tv.com\/wp-content\/uploads\/2023\/07\/Simon-Superlapin.gif","width":470,"height":500,"type":"image\/gif"}],"twitter_card":"summary_large_image","twitter_misc":{"Dur\u00e9e de lecture estim\u00e9e":"1 minute"},"schema":{"@context":"https:\/\/schema.org","@graph":[{"@type":"WebPage","@id":"https:\/\/simon-tv.com\/fr\/produit\/peluche-simon-35-cm-avec-cape\/","url":"https:\/\/simon-tv.com\/fr\/produit\/peluche-simon-35-cm-avec-cape\/","name":"Peluche Simon 35 cm avec cape - Simon","isPartOf":{"@id":"https:\/\/simon-tv.com\/fr\/#website"},"primaryImageOfPage":{"@id":"https:\/\/simon-tv.com\/fr\/produit\/peluche-simon-35-cm-avec-cape\/#primaryimage"},"image":{"@id":"https:\/\/simon-tv.com\/fr\/produit\/peluche-simon-35-cm-avec-cape\/#primaryimage"},"thumbnailUrl":"https:\/\/simon-tv.com\/wp-content\/uploads\/2023\/07\/Simon-Superlapin.gif","datePublished":"2023-07-14T07:27:24+00:00","dateModified":"2023-07-17T08:58:58+00:00","breadcrumb":{"@id":"https:\/\/simon-tv.com\/fr\/produit\/peluche-simon-35-cm-avec-cape\/#breadcrumb"},"inLanguage":"fr-FR","potentialAction":[{"@type":"ReadAction","target":["https:\/\/simon-tv.com\/fr\/produit\/peluche-simon-35-cm-avec-cape\/"]}]},{"@type":"ImageObject","inLanguage":"fr-FR","@id":"https:\/\/simon-tv.com\/fr\/produit\/peluche-simon-35-cm-avec-cape\/#primaryimage","url":"https:\/\/simon-tv.com\/wp-content\/uploads\/2023\/07\/Simon-Superlapin.gif","contentUrl":"https:\/\/simon-tv.com\/wp-content\/uploads\/2023\/07\/Simon-Superlapin.gif","width":470,"height":500},{"@type":"BreadcrumbList","@id":"https:\/\/simon-tv.com\/fr\/produit\/peluche-simon-35-cm-avec-cape\/#breadcrumb","itemListElement":[{"@type":"ListItem","position":1,"name":"Home","item":"https:\/\/simon-tv.com\/fr\/"},{"@type":"ListItem","position":2,"name":"Shop Officiel Simon Super Lapin &#8211; O\u00f9 acheter","item":"https:\/\/simon-tv.com\/fr\/shop-simon-super-lapin-ou-acheter\/"},{"@type":"ListItem","position":3,"name":"Peluche Simon 35 cm avec cape"}]},{"@type":"WebSite","@id":"https:\/\/simon-tv.com\/fr\/#website","url":"https:\/\/simon-tv.com\/fr\/","name":"Simon","description":"The cutest little rabbit","potentialAction":[{"@type":"SearchAction","target":{"@type":"EntryPoint","urlTemplate":"https:\/\/simon-tv.com\/fr\/?s={search_term_string}"},"query-input":{"@type":"PropertyValueSpecification","valueRequired":true,"valueName":"search_term_string"}}],"inLanguage":"fr-FR"}]}},"_links":{"self":[{"href":"https:\/\/simon-tv.com\/fr\/wp-json\/wp\/v2\/product\/11319","targetHints":{"allow":["GET"]}}],"collection":[{"href":"https:\/\/simon-tv.com\/fr\/wp-json\/wp\/v2\/product"}],"about":[{"href":"https:\/\/simon-tv.com\/fr\/wp-json\/wp\/v2\/types\/product"}],"replies":[{"embeddable":true,"href":"https:\/\/simon-tv.com\/fr\/wp-json\/wp\/v2\/comments?post=11319"}],"wp:featuredmedia":[{"embeddable":true,"href":"https:\/\/simon-tv.com\/fr\/wp-json\/wp\/v2\/media\/11264"}],"wp:attachment":[{"href":"https:\/\/simon-tv.com\/fr\/wp-json\/wp\/v2\/media?parent=11319"}],"wp:term":[{"taxonomy":"product_brand","embeddable":true,"href":"https:\/\/simon-tv.com\/fr\/wp-json\/wp\/v2\/product_brand?post=11319"},{"taxonomy":"product_cat","embeddable":true,"href":"https:\/\/simon-tv.com\/fr\/wp-json\/wp\/v2\/product_cat?post=11319"},{"taxonomy":"product_tag","embeddable":true,"href":"https:\/\/simon-tv.com\/fr\/wp-json\/wp\/v2\/product_tag?post=11319"}],"curies":[{"name":"wp","href":"https:\/\/api.w.org\/{rel}","templated":true}]}}