{"id":11368,"date":"2023-07-14T09:49:06","date_gmt":"2023-07-14T07:49:06","guid":{"rendered":"https:\/\/simon-tv.com\/?post_type=product&#038;p=11368"},"modified":"2025-03-12T18:42:48","modified_gmt":"2025-03-12T17:42:48","slug":"boite-de-jeu-memo-rigolo","status":"publish","type":"product","link":"https:\/\/simon-tv.com\/fr\/produit\/boite-de-jeu-memo-rigolo\/","title":{"rendered":"Bo\u00eete de jeu Memo Rigolo"},"content":{"rendered":"<p>Les joueurs doivent constituer des paires de cartes identiques. Celui qui obtient le plus grand nombre de paires remporte la partie. <br \/>\nD\u00e9roulement de la partie : Celui qui r\u00e9alise la plus belle grimace commence la partie. Si vous n\u2019arrivez pas \u00e0 vous d\u00e9partager, le plus jeune joueur commence. Les joueurs jouent dans le sens des aiguilles d\u2019une montre. Chaque joueur retourne deux cartes du jeu, l\u2019une apr\u00e8s l\u2019autre. Si les cartes sont diff\u00e9rentes, le joueur remet les cartes face cach\u00e9e \u00e0 l\u2019endroit o\u00f9 elles \u00e9taient. C\u2019est ensuite au joueur suivant de jouer. Si les cartes sont identiques, le joueur remporte la paire. Il pleut alors rejouer. Si un joueur constitue une paire de cartes \u00ab mots \u00bb, il doit dire tout haut ce qui est \u00e9crit sur la carte.<br \/>\nUne fois que toutes les paires ont \u00e9t\u00e9 constitu\u00e9es, le joueur qui en poss\u00e8de le plus remporte la partie.<\/p>\n","protected":false},"excerpt":{"rendered":"<p>Ecole Des Loisirs<br \/>\nPlaybac<\/p>\n","protected":false},"featured_media":11369,"comment_status":"closed","ping_status":"closed","template":"","meta":{"_et_pb_use_builder":"","_et_pb_old_content":"","_et_gb_content_width":""},"product_brand":[],"product_cat":[159],"product_tag":[180],"class_list":{"0":"post-11368","1":"product","2":"type-product","3":"status-publish","4":"has-post-thumbnail","6":"product_cat-jeux","7":"product_tag-france-fr","9":"first","10":"instock","11":"shipping-taxable","12":"product-type-simple"},"acf":[],"yoast_head":"<!-- This site is optimized with the Yoast SEO plugin v26.4 - https:\/\/yoast.com\/wordpress\/plugins\/seo\/ -->\n<title>Bo\u00eete de jeu Memo Rigolo - Simon<\/title>\n<meta name=\"robots\" content=\"index, follow, max-snippet:-1, max-image-preview:large, max-video-preview:-1\" \/>\n<link rel=\"canonical\" href=\"https:\/\/simon-tv.com\/fr\/produit\/boite-de-jeu-memo-rigolo\/\" \/>\n<meta property=\"og:locale\" content=\"fr_FR\" \/>\n<meta property=\"og:type\" content=\"article\" \/>\n<meta property=\"og:title\" content=\"Bo\u00eete de jeu Memo Rigolo - Simon\" \/>\n<meta property=\"og:description\" content=\"Ecole Des Loisirs Playbac\" \/>\n<meta property=\"og:url\" content=\"https:\/\/simon-tv.com\/fr\/produit\/boite-de-jeu-memo-rigolo\/\" \/>\n<meta property=\"og:site_name\" content=\"Simon\" \/>\n<meta property=\"article:modified_time\" content=\"2025-03-12T17:42:48+00:00\" \/>\n<meta property=\"og:image\" content=\"https:\/\/simon-tv.com\/wp-content\/uploads\/2023\/07\/Shop_Memo_Game.jpg\" \/>\n\t<meta property=\"og:image:width\" content=\"871\" \/>\n\t<meta property=\"og:image:height\" content=\"1500\" \/>\n\t<meta property=\"og:image:type\" content=\"image\/jpeg\" \/>\n<meta name=\"twitter:card\" content=\"summary_large_image\" \/>\n<meta name=\"twitter:label1\" content=\"Dur\u00e9e de lecture estim\u00e9e\" \/>\n\t<meta name=\"twitter:data1\" content=\"1 minute\" \/>\n<script type=\"application\/ld+json\" class=\"yoast-schema-graph\">{\"@context\":\"https:\/\/schema.org\",\"@graph\":[{\"@type\":\"WebPage\",\"@id\":\"https:\/\/simon-tv.com\/fr\/produit\/boite-de-jeu-memo-rigolo\/\",\"url\":\"https:\/\/simon-tv.com\/fr\/produit\/boite-de-jeu-memo-rigolo\/\",\"name\":\"Bo\u00eete de jeu Memo Rigolo - Simon\",\"isPartOf\":{\"@id\":\"https:\/\/simon-tv.com\/fr\/#website\"},\"primaryImageOfPage\":{\"@id\":\"https:\/\/simon-tv.com\/fr\/produit\/boite-de-jeu-memo-rigolo\/#primaryimage\"},\"image\":{\"@id\":\"https:\/\/simon-tv.com\/fr\/produit\/boite-de-jeu-memo-rigolo\/#primaryimage\"},\"thumbnailUrl\":\"https:\/\/simon-tv.com\/wp-content\/uploads\/2023\/07\/Shop_Memo_Game.jpg\",\"datePublished\":\"2023-07-14T07:49:06+00:00\",\"dateModified\":\"2025-03-12T17:42:48+00:00\",\"breadcrumb\":{\"@id\":\"https:\/\/simon-tv.com\/fr\/produit\/boite-de-jeu-memo-rigolo\/#breadcrumb\"},\"inLanguage\":\"fr-FR\",\"potentialAction\":[{\"@type\":\"ReadAction\",\"target\":[\"https:\/\/simon-tv.com\/fr\/produit\/boite-de-jeu-memo-rigolo\/\"]}]},{\"@type\":\"ImageObject\",\"inLanguage\":\"fr-FR\",\"@id\":\"https:\/\/simon-tv.com\/fr\/produit\/boite-de-jeu-memo-rigolo\/#primaryimage\",\"url\":\"https:\/\/simon-tv.com\/wp-content\/uploads\/2023\/07\/Shop_Memo_Game.jpg\",\"contentUrl\":\"https:\/\/simon-tv.com\/wp-content\/uploads\/2023\/07\/Shop_Memo_Game.jpg\",\"width\":871,\"height\":1500},{\"@type\":\"BreadcrumbList\",\"@id\":\"https:\/\/simon-tv.com\/fr\/produit\/boite-de-jeu-memo-rigolo\/#breadcrumb\",\"itemListElement\":[{\"@type\":\"ListItem\",\"position\":1,\"name\":\"Home\",\"item\":\"https:\/\/simon-tv.com\/fr\/\"},{\"@type\":\"ListItem\",\"position\":2,\"name\":\"Shop Officiel Simon Super Lapin &#8211; O\u00f9 acheter\",\"item\":\"https:\/\/simon-tv.com\/fr\/shop-simon-super-lapin-ou-acheter\/\"},{\"@type\":\"ListItem\",\"position\":3,\"name\":\"Bo\u00eete de jeu Memo Rigolo\"}]},{\"@type\":\"WebSite\",\"@id\":\"https:\/\/simon-tv.com\/fr\/#website\",\"url\":\"https:\/\/simon-tv.com\/fr\/\",\"name\":\"Simon\",\"description\":\"The cutest little rabbit\",\"potentialAction\":[{\"@type\":\"SearchAction\",\"target\":{\"@type\":\"EntryPoint\",\"urlTemplate\":\"https:\/\/simon-tv.com\/fr\/?s={search_term_string}\"},\"query-input\":{\"@type\":\"PropertyValueSpecification\",\"valueRequired\":true,\"valueName\":\"search_term_string\"}}],\"inLanguage\":\"fr-FR\"}]}<\/script>\n<!-- \/ Yoast SEO plugin. -->","yoast_head_json":{"title":"Bo\u00eete de jeu Memo Rigolo - Simon","robots":{"index":"index","follow":"follow","max-snippet":"max-snippet:-1","max-image-preview":"max-image-preview:large","max-video-preview":"max-video-preview:-1"},"canonical":"https:\/\/simon-tv.com\/fr\/produit\/boite-de-jeu-memo-rigolo\/","og_locale":"fr_FR","og_type":"article","og_title":"Bo\u00eete de jeu Memo Rigolo - Simon","og_description":"Ecole Des Loisirs Playbac","og_url":"https:\/\/simon-tv.com\/fr\/produit\/boite-de-jeu-memo-rigolo\/","og_site_name":"Simon","article_modified_time":"2025-03-12T17:42:48+00:00","og_image":[{"width":871,"height":1500,"url":"https:\/\/simon-tv.com\/wp-content\/uploads\/2023\/07\/Shop_Memo_Game.jpg","type":"image\/jpeg"}],"twitter_card":"summary_large_image","twitter_misc":{"Dur\u00e9e de lecture estim\u00e9e":"1 minute"},"schema":{"@context":"https:\/\/schema.org","@graph":[{"@type":"WebPage","@id":"https:\/\/simon-tv.com\/fr\/produit\/boite-de-jeu-memo-rigolo\/","url":"https:\/\/simon-tv.com\/fr\/produit\/boite-de-jeu-memo-rigolo\/","name":"Bo\u00eete de jeu Memo Rigolo - Simon","isPartOf":{"@id":"https:\/\/simon-tv.com\/fr\/#website"},"primaryImageOfPage":{"@id":"https:\/\/simon-tv.com\/fr\/produit\/boite-de-jeu-memo-rigolo\/#primaryimage"},"image":{"@id":"https:\/\/simon-tv.com\/fr\/produit\/boite-de-jeu-memo-rigolo\/#primaryimage"},"thumbnailUrl":"https:\/\/simon-tv.com\/wp-content\/uploads\/2023\/07\/Shop_Memo_Game.jpg","datePublished":"2023-07-14T07:49:06+00:00","dateModified":"2025-03-12T17:42:48+00:00","breadcrumb":{"@id":"https:\/\/simon-tv.com\/fr\/produit\/boite-de-jeu-memo-rigolo\/#breadcrumb"},"inLanguage":"fr-FR","potentialAction":[{"@type":"ReadAction","target":["https:\/\/simon-tv.com\/fr\/produit\/boite-de-jeu-memo-rigolo\/"]}]},{"@type":"ImageObject","inLanguage":"fr-FR","@id":"https:\/\/simon-tv.com\/fr\/produit\/boite-de-jeu-memo-rigolo\/#primaryimage","url":"https:\/\/simon-tv.com\/wp-content\/uploads\/2023\/07\/Shop_Memo_Game.jpg","contentUrl":"https:\/\/simon-tv.com\/wp-content\/uploads\/2023\/07\/Shop_Memo_Game.jpg","width":871,"height":1500},{"@type":"BreadcrumbList","@id":"https:\/\/simon-tv.com\/fr\/produit\/boite-de-jeu-memo-rigolo\/#breadcrumb","itemListElement":[{"@type":"ListItem","position":1,"name":"Home","item":"https:\/\/simon-tv.com\/fr\/"},{"@type":"ListItem","position":2,"name":"Shop Officiel Simon Super Lapin &#8211; O\u00f9 acheter","item":"https:\/\/simon-tv.com\/fr\/shop-simon-super-lapin-ou-acheter\/"},{"@type":"ListItem","position":3,"name":"Bo\u00eete de jeu Memo Rigolo"}]},{"@type":"WebSite","@id":"https:\/\/simon-tv.com\/fr\/#website","url":"https:\/\/simon-tv.com\/fr\/","name":"Simon","description":"The cutest little rabbit","potentialAction":[{"@type":"SearchAction","target":{"@type":"EntryPoint","urlTemplate":"https:\/\/simon-tv.com\/fr\/?s={search_term_string}"},"query-input":{"@type":"PropertyValueSpecification","valueRequired":true,"valueName":"search_term_string"}}],"inLanguage":"fr-FR"}]}},"_links":{"self":[{"href":"https:\/\/simon-tv.com\/fr\/wp-json\/wp\/v2\/product\/11368","targetHints":{"allow":["GET"]}}],"collection":[{"href":"https:\/\/simon-tv.com\/fr\/wp-json\/wp\/v2\/product"}],"about":[{"href":"https:\/\/simon-tv.com\/fr\/wp-json\/wp\/v2\/types\/product"}],"replies":[{"embeddable":true,"href":"https:\/\/simon-tv.com\/fr\/wp-json\/wp\/v2\/comments?post=11368"}],"wp:featuredmedia":[{"embeddable":true,"href":"https:\/\/simon-tv.com\/fr\/wp-json\/wp\/v2\/media\/11369"}],"wp:attachment":[{"href":"https:\/\/simon-tv.com\/fr\/wp-json\/wp\/v2\/media?parent=11368"}],"wp:term":[{"taxonomy":"product_brand","embeddable":true,"href":"https:\/\/simon-tv.com\/fr\/wp-json\/wp\/v2\/product_brand?post=11368"},{"taxonomy":"product_cat","embeddable":true,"href":"https:\/\/simon-tv.com\/fr\/wp-json\/wp\/v2\/product_cat?post=11368"},{"taxonomy":"product_tag","embeddable":true,"href":"https:\/\/simon-tv.com\/fr\/wp-json\/wp\/v2\/product_tag?post=11368"}],"curies":[{"name":"wp","href":"https:\/\/api.w.org\/{rel}","templated":true}]}}