{"id":11392,"date":"2023-07-14T10:02:44","date_gmt":"2023-07-14T08:02:44","guid":{"rendered":"https:\/\/simon-tv.com\/?post_type=product&#038;p=11392"},"modified":"2023-07-14T18:11:28","modified_gmt":"2023-07-14T16:11:28","slug":"ma-premiere-ardoise-simon-chiffres-avec-feutre-effacable","status":"publish","type":"product","link":"https:\/\/simon-tv.com\/fr\/produit\/ma-premiere-ardoise-simon-chiffres-avec-feutre-effacable\/","title":{"rendered":"Ma premi\u00e8re ardoise Simon chiffres avec feutre effa\u00e7able"},"content":{"rendered":"<p>Apprends \u00e0 \u00e9crire toutes les lettres de l&rsquo;alphabet avec Simon et son ardoise effa\u00e7able et devient un expert comme Super-Lapin ! Explore la lettre avec le doigt. Ecris chaque lettre de l&rsquo;alphabet dans deux tailles diff\u00e9rentes. Efface et recommence \u00e0 l&rsquo;infini !<\/p>\n","protected":false},"excerpt":{"rendered":"<p>PlayBac<\/p>\n","protected":false},"featured_media":11393,"comment_status":"closed","ping_status":"closed","template":"","meta":{"_et_pb_use_builder":"","_et_pb_old_content":"","_et_gb_content_width":""},"product_brand":[],"product_cat":[159],"product_tag":[180],"class_list":{"0":"post-11392","1":"product","2":"type-product","3":"status-publish","4":"has-post-thumbnail","6":"product_cat-jeux","7":"product_tag-france-fr","9":"first","10":"instock","11":"shipping-taxable","12":"product-type-simple"},"acf":[],"yoast_head":"<!-- This site is optimized with the Yoast SEO plugin v26.4 - https:\/\/yoast.com\/wordpress\/plugins\/seo\/ -->\n<title>Ma premi\u00e8re ardoise Simon chiffres avec feutre effa\u00e7able - Simon<\/title>\n<meta name=\"robots\" content=\"index, follow, max-snippet:-1, max-image-preview:large, max-video-preview:-1\" \/>\n<link rel=\"canonical\" href=\"https:\/\/simon-tv.com\/fr\/produit\/ma-premiere-ardoise-simon-chiffres-avec-feutre-effacable\/\" \/>\n<meta property=\"og:locale\" content=\"fr_FR\" \/>\n<meta property=\"og:type\" content=\"article\" \/>\n<meta property=\"og:title\" content=\"Ma premi\u00e8re ardoise Simon chiffres avec feutre effa\u00e7able - Simon\" \/>\n<meta property=\"og:description\" content=\"PlayBac\" \/>\n<meta property=\"og:url\" content=\"https:\/\/simon-tv.com\/fr\/produit\/ma-premiere-ardoise-simon-chiffres-avec-feutre-effacable\/\" \/>\n<meta property=\"og:site_name\" content=\"Simon\" \/>\n<meta property=\"article:modified_time\" content=\"2023-07-14T16:11:28+00:00\" \/>\n<meta property=\"og:image\" content=\"https:\/\/simon-tv.com\/wp-content\/uploads\/2023\/07\/Simon_produits_Playbac_ArdoisesMagiques2.webp\" \/>\n\t<meta property=\"og:image:width\" content=\"1080\" \/>\n\t<meta property=\"og:image:height\" content=\"1080\" \/>\n\t<meta property=\"og:image:type\" content=\"image\/webp\" \/>\n<meta name=\"twitter:card\" content=\"summary_large_image\" \/>\n<meta name=\"twitter:label1\" content=\"Dur\u00e9e de lecture estim\u00e9e\" \/>\n\t<meta name=\"twitter:data1\" content=\"1 minute\" \/>\n<script type=\"application\/ld+json\" class=\"yoast-schema-graph\">{\"@context\":\"https:\/\/schema.org\",\"@graph\":[{\"@type\":\"WebPage\",\"@id\":\"https:\/\/simon-tv.com\/fr\/produit\/ma-premiere-ardoise-simon-chiffres-avec-feutre-effacable\/\",\"url\":\"https:\/\/simon-tv.com\/fr\/produit\/ma-premiere-ardoise-simon-chiffres-avec-feutre-effacable\/\",\"name\":\"Ma premi\u00e8re ardoise Simon chiffres avec feutre effa\u00e7able - Simon\",\"isPartOf\":{\"@id\":\"https:\/\/simon-tv.com\/fr\/#website\"},\"primaryImageOfPage\":{\"@id\":\"https:\/\/simon-tv.com\/fr\/produit\/ma-premiere-ardoise-simon-chiffres-avec-feutre-effacable\/#primaryimage\"},\"image\":{\"@id\":\"https:\/\/simon-tv.com\/fr\/produit\/ma-premiere-ardoise-simon-chiffres-avec-feutre-effacable\/#primaryimage\"},\"thumbnailUrl\":\"https:\/\/simon-tv.com\/wp-content\/uploads\/2023\/07\/Simon_produits_Playbac_ArdoisesMagiques2.webp\",\"datePublished\":\"2023-07-14T08:02:44+00:00\",\"dateModified\":\"2023-07-14T16:11:28+00:00\",\"breadcrumb\":{\"@id\":\"https:\/\/simon-tv.com\/fr\/produit\/ma-premiere-ardoise-simon-chiffres-avec-feutre-effacable\/#breadcrumb\"},\"inLanguage\":\"fr-FR\",\"potentialAction\":[{\"@type\":\"ReadAction\",\"target\":[\"https:\/\/simon-tv.com\/fr\/produit\/ma-premiere-ardoise-simon-chiffres-avec-feutre-effacable\/\"]}]},{\"@type\":\"ImageObject\",\"inLanguage\":\"fr-FR\",\"@id\":\"https:\/\/simon-tv.com\/fr\/produit\/ma-premiere-ardoise-simon-chiffres-avec-feutre-effacable\/#primaryimage\",\"url\":\"https:\/\/simon-tv.com\/wp-content\/uploads\/2023\/07\/Simon_produits_Playbac_ArdoisesMagiques2.webp\",\"contentUrl\":\"https:\/\/simon-tv.com\/wp-content\/uploads\/2023\/07\/Simon_produits_Playbac_ArdoisesMagiques2.webp\",\"width\":1080,\"height\":1080},{\"@type\":\"BreadcrumbList\",\"@id\":\"https:\/\/simon-tv.com\/fr\/produit\/ma-premiere-ardoise-simon-chiffres-avec-feutre-effacable\/#breadcrumb\",\"itemListElement\":[{\"@type\":\"ListItem\",\"position\":1,\"name\":\"Home\",\"item\":\"https:\/\/simon-tv.com\/fr\/\"},{\"@type\":\"ListItem\",\"position\":2,\"name\":\"Shop Officiel Simon Super Lapin &#8211; O\u00f9 acheter\",\"item\":\"https:\/\/simon-tv.com\/fr\/shop-simon-super-lapin-ou-acheter\/\"},{\"@type\":\"ListItem\",\"position\":3,\"name\":\"Ma premi\u00e8re ardoise Simon chiffres avec feutre effa\u00e7able\"}]},{\"@type\":\"WebSite\",\"@id\":\"https:\/\/simon-tv.com\/fr\/#website\",\"url\":\"https:\/\/simon-tv.com\/fr\/\",\"name\":\"Simon\",\"description\":\"The cutest little rabbit\",\"potentialAction\":[{\"@type\":\"SearchAction\",\"target\":{\"@type\":\"EntryPoint\",\"urlTemplate\":\"https:\/\/simon-tv.com\/fr\/?s={search_term_string}\"},\"query-input\":{\"@type\":\"PropertyValueSpecification\",\"valueRequired\":true,\"valueName\":\"search_term_string\"}}],\"inLanguage\":\"fr-FR\"}]}<\/script>\n<!-- \/ Yoast SEO plugin. -->","yoast_head_json":{"title":"Ma premi\u00e8re ardoise Simon chiffres avec feutre effa\u00e7able - Simon","robots":{"index":"index","follow":"follow","max-snippet":"max-snippet:-1","max-image-preview":"max-image-preview:large","max-video-preview":"max-video-preview:-1"},"canonical":"https:\/\/simon-tv.com\/fr\/produit\/ma-premiere-ardoise-simon-chiffres-avec-feutre-effacable\/","og_locale":"fr_FR","og_type":"article","og_title":"Ma premi\u00e8re ardoise Simon chiffres avec feutre effa\u00e7able - Simon","og_description":"PlayBac","og_url":"https:\/\/simon-tv.com\/fr\/produit\/ma-premiere-ardoise-simon-chiffres-avec-feutre-effacable\/","og_site_name":"Simon","article_modified_time":"2023-07-14T16:11:28+00:00","og_image":[{"width":1080,"height":1080,"url":"https:\/\/simon-tv.com\/wp-content\/uploads\/2023\/07\/Simon_produits_Playbac_ArdoisesMagiques2.webp","type":"image\/webp"}],"twitter_card":"summary_large_image","twitter_misc":{"Dur\u00e9e de lecture estim\u00e9e":"1 minute"},"schema":{"@context":"https:\/\/schema.org","@graph":[{"@type":"WebPage","@id":"https:\/\/simon-tv.com\/fr\/produit\/ma-premiere-ardoise-simon-chiffres-avec-feutre-effacable\/","url":"https:\/\/simon-tv.com\/fr\/produit\/ma-premiere-ardoise-simon-chiffres-avec-feutre-effacable\/","name":"Ma premi\u00e8re ardoise Simon chiffres avec feutre effa\u00e7able - Simon","isPartOf":{"@id":"https:\/\/simon-tv.com\/fr\/#website"},"primaryImageOfPage":{"@id":"https:\/\/simon-tv.com\/fr\/produit\/ma-premiere-ardoise-simon-chiffres-avec-feutre-effacable\/#primaryimage"},"image":{"@id":"https:\/\/simon-tv.com\/fr\/produit\/ma-premiere-ardoise-simon-chiffres-avec-feutre-effacable\/#primaryimage"},"thumbnailUrl":"https:\/\/simon-tv.com\/wp-content\/uploads\/2023\/07\/Simon_produits_Playbac_ArdoisesMagiques2.webp","datePublished":"2023-07-14T08:02:44+00:00","dateModified":"2023-07-14T16:11:28+00:00","breadcrumb":{"@id":"https:\/\/simon-tv.com\/fr\/produit\/ma-premiere-ardoise-simon-chiffres-avec-feutre-effacable\/#breadcrumb"},"inLanguage":"fr-FR","potentialAction":[{"@type":"ReadAction","target":["https:\/\/simon-tv.com\/fr\/produit\/ma-premiere-ardoise-simon-chiffres-avec-feutre-effacable\/"]}]},{"@type":"ImageObject","inLanguage":"fr-FR","@id":"https:\/\/simon-tv.com\/fr\/produit\/ma-premiere-ardoise-simon-chiffres-avec-feutre-effacable\/#primaryimage","url":"https:\/\/simon-tv.com\/wp-content\/uploads\/2023\/07\/Simon_produits_Playbac_ArdoisesMagiques2.webp","contentUrl":"https:\/\/simon-tv.com\/wp-content\/uploads\/2023\/07\/Simon_produits_Playbac_ArdoisesMagiques2.webp","width":1080,"height":1080},{"@type":"BreadcrumbList","@id":"https:\/\/simon-tv.com\/fr\/produit\/ma-premiere-ardoise-simon-chiffres-avec-feutre-effacable\/#breadcrumb","itemListElement":[{"@type":"ListItem","position":1,"name":"Home","item":"https:\/\/simon-tv.com\/fr\/"},{"@type":"ListItem","position":2,"name":"Shop Officiel Simon Super Lapin &#8211; O\u00f9 acheter","item":"https:\/\/simon-tv.com\/fr\/shop-simon-super-lapin-ou-acheter\/"},{"@type":"ListItem","position":3,"name":"Ma premi\u00e8re ardoise Simon chiffres avec feutre effa\u00e7able"}]},{"@type":"WebSite","@id":"https:\/\/simon-tv.com\/fr\/#website","url":"https:\/\/simon-tv.com\/fr\/","name":"Simon","description":"The cutest little rabbit","potentialAction":[{"@type":"SearchAction","target":{"@type":"EntryPoint","urlTemplate":"https:\/\/simon-tv.com\/fr\/?s={search_term_string}"},"query-input":{"@type":"PropertyValueSpecification","valueRequired":true,"valueName":"search_term_string"}}],"inLanguage":"fr-FR"}]}},"_links":{"self":[{"href":"https:\/\/simon-tv.com\/fr\/wp-json\/wp\/v2\/product\/11392","targetHints":{"allow":["GET"]}}],"collection":[{"href":"https:\/\/simon-tv.com\/fr\/wp-json\/wp\/v2\/product"}],"about":[{"href":"https:\/\/simon-tv.com\/fr\/wp-json\/wp\/v2\/types\/product"}],"replies":[{"embeddable":true,"href":"https:\/\/simon-tv.com\/fr\/wp-json\/wp\/v2\/comments?post=11392"}],"wp:featuredmedia":[{"embeddable":true,"href":"https:\/\/simon-tv.com\/fr\/wp-json\/wp\/v2\/media\/11393"}],"wp:attachment":[{"href":"https:\/\/simon-tv.com\/fr\/wp-json\/wp\/v2\/media?parent=11392"}],"wp:term":[{"taxonomy":"product_brand","embeddable":true,"href":"https:\/\/simon-tv.com\/fr\/wp-json\/wp\/v2\/product_brand?post=11392"},{"taxonomy":"product_cat","embeddable":true,"href":"https:\/\/simon-tv.com\/fr\/wp-json\/wp\/v2\/product_cat?post=11392"},{"taxonomy":"product_tag","embeddable":true,"href":"https:\/\/simon-tv.com\/fr\/wp-json\/wp\/v2\/product_tag?post=11392"}],"curies":[{"name":"wp","href":"https:\/\/api.w.org\/{rel}","templated":true}]}}