{"id":11489,"date":"2023-07-14T11:28:49","date_gmt":"2023-07-14T09:28:49","guid":{"rendered":"https:\/\/simon-tv.com\/?post_type=product&#038;p=11489"},"modified":"2023-07-14T18:21:17","modified_gmt":"2023-07-14T16:21:17","slug":"ah-ah-meme-pas-vrai","status":"publish","type":"product","link":"https:\/\/simon-tv.com\/fr\/produit\/ah-ah-meme-pas-vrai\/","title":{"rendered":"Ah ! Ah ! M\u00eame pas vrai !"},"content":{"rendered":"<p>Simon a trouv\u00e9 un nouveau jeu tr\u00e8s marrant. Il dit quelque chose d&rsquo;\u00e9patant, comme par exemple \u00ab J&rsquo;ai fait gagner mon \u00e9quipe au foot en marquant 10 buts \u00e0 moi tout seul \u00bb, alors tout le monde r\u00e9pond \u00ab Oh ! Bravo ! Super ! \u00bb, mais lui, aussit\u00f4t, rectifie : \u00ab C&rsquo;est m\u00eame pas vrai ! \u00bb Son petit fr\u00e8re Gaspard ne perd pas une miette de sa tactique autorigolante et, bient\u00f4t, il d\u00e9cide que c&rsquo;est son tour de jouer\u2026<\/p>\n","protected":false},"excerpt":{"rendered":"<p>Ecole Des Loisirs<\/p>\n","protected":false},"featured_media":11490,"comment_status":"closed","ping_status":"closed","template":"","meta":{"_et_pb_use_builder":"","_et_pb_old_content":"","_et_gb_content_width":""},"product_brand":[],"product_cat":[48],"product_tag":[180],"class_list":{"0":"post-11489","1":"product","2":"type-product","3":"status-publish","4":"has-post-thumbnail","6":"product_cat-livres","7":"product_tag-france-fr","9":"first","10":"instock","11":"shipping-taxable","12":"product-type-simple"},"acf":[],"yoast_head":"<!-- This site is optimized with the Yoast SEO plugin v26.4 - https:\/\/yoast.com\/wordpress\/plugins\/seo\/ -->\n<title>Ah ! Ah ! M\u00eame pas vrai ! - Simon<\/title>\n<meta name=\"robots\" content=\"index, follow, max-snippet:-1, max-image-preview:large, max-video-preview:-1\" \/>\n<link rel=\"canonical\" href=\"https:\/\/simon-tv.com\/fr\/produit\/ah-ah-meme-pas-vrai\/\" \/>\n<meta property=\"og:locale\" content=\"fr_FR\" \/>\n<meta property=\"og:type\" content=\"article\" \/>\n<meta property=\"og:title\" content=\"Ah ! Ah ! M\u00eame pas vrai ! - Simon\" \/>\n<meta property=\"og:description\" content=\"Ecole Des Loisirs\" \/>\n<meta property=\"og:url\" content=\"https:\/\/simon-tv.com\/fr\/produit\/ah-ah-meme-pas-vrai\/\" \/>\n<meta property=\"og:site_name\" content=\"Simon\" \/>\n<meta property=\"article:modified_time\" content=\"2023-07-14T16:21:17+00:00\" \/>\n<meta property=\"og:image\" content=\"https:\/\/simon-tv.com\/wp-content\/uploads\/2023\/07\/blake_ah_ah_meme_pas_vrai_couv_HD-scaled.webp\" \/>\n\t<meta property=\"og:image:width\" content=\"2058\" \/>\n\t<meta property=\"og:image:height\" content=\"2560\" \/>\n\t<meta property=\"og:image:type\" content=\"image\/webp\" \/>\n<meta name=\"twitter:card\" content=\"summary_large_image\" \/>\n<meta name=\"twitter:label1\" content=\"Dur\u00e9e de lecture estim\u00e9e\" \/>\n\t<meta name=\"twitter:data1\" content=\"1 minute\" \/>\n<script type=\"application\/ld+json\" class=\"yoast-schema-graph\">{\"@context\":\"https:\/\/schema.org\",\"@graph\":[{\"@type\":\"WebPage\",\"@id\":\"https:\/\/simon-tv.com\/fr\/produit\/ah-ah-meme-pas-vrai\/\",\"url\":\"https:\/\/simon-tv.com\/fr\/produit\/ah-ah-meme-pas-vrai\/\",\"name\":\"Ah ! Ah ! M\u00eame pas vrai ! - Simon\",\"isPartOf\":{\"@id\":\"https:\/\/simon-tv.com\/fr\/#website\"},\"primaryImageOfPage\":{\"@id\":\"https:\/\/simon-tv.com\/fr\/produit\/ah-ah-meme-pas-vrai\/#primaryimage\"},\"image\":{\"@id\":\"https:\/\/simon-tv.com\/fr\/produit\/ah-ah-meme-pas-vrai\/#primaryimage\"},\"thumbnailUrl\":\"https:\/\/simon-tv.com\/wp-content\/uploads\/2023\/07\/blake_ah_ah_meme_pas_vrai_couv_HD-scaled.webp\",\"datePublished\":\"2023-07-14T09:28:49+00:00\",\"dateModified\":\"2023-07-14T16:21:17+00:00\",\"breadcrumb\":{\"@id\":\"https:\/\/simon-tv.com\/fr\/produit\/ah-ah-meme-pas-vrai\/#breadcrumb\"},\"inLanguage\":\"fr-FR\",\"potentialAction\":[{\"@type\":\"ReadAction\",\"target\":[\"https:\/\/simon-tv.com\/fr\/produit\/ah-ah-meme-pas-vrai\/\"]}]},{\"@type\":\"ImageObject\",\"inLanguage\":\"fr-FR\",\"@id\":\"https:\/\/simon-tv.com\/fr\/produit\/ah-ah-meme-pas-vrai\/#primaryimage\",\"url\":\"https:\/\/simon-tv.com\/wp-content\/uploads\/2023\/07\/blake_ah_ah_meme_pas_vrai_couv_HD-scaled.webp\",\"contentUrl\":\"https:\/\/simon-tv.com\/wp-content\/uploads\/2023\/07\/blake_ah_ah_meme_pas_vrai_couv_HD-scaled.webp\",\"width\":2058,\"height\":2560},{\"@type\":\"BreadcrumbList\",\"@id\":\"https:\/\/simon-tv.com\/fr\/produit\/ah-ah-meme-pas-vrai\/#breadcrumb\",\"itemListElement\":[{\"@type\":\"ListItem\",\"position\":1,\"name\":\"Home\",\"item\":\"https:\/\/simon-tv.com\/fr\/\"},{\"@type\":\"ListItem\",\"position\":2,\"name\":\"Shop Officiel Simon Super Lapin &#8211; O\u00f9 acheter\",\"item\":\"https:\/\/simon-tv.com\/fr\/shop-simon-super-lapin-ou-acheter\/\"},{\"@type\":\"ListItem\",\"position\":3,\"name\":\"Ah ! Ah ! M\u00eame pas vrai !\"}]},{\"@type\":\"WebSite\",\"@id\":\"https:\/\/simon-tv.com\/fr\/#website\",\"url\":\"https:\/\/simon-tv.com\/fr\/\",\"name\":\"Simon\",\"description\":\"The cutest little rabbit\",\"potentialAction\":[{\"@type\":\"SearchAction\",\"target\":{\"@type\":\"EntryPoint\",\"urlTemplate\":\"https:\/\/simon-tv.com\/fr\/?s={search_term_string}\"},\"query-input\":{\"@type\":\"PropertyValueSpecification\",\"valueRequired\":true,\"valueName\":\"search_term_string\"}}],\"inLanguage\":\"fr-FR\"}]}<\/script>\n<!-- \/ Yoast SEO plugin. -->","yoast_head_json":{"title":"Ah ! Ah ! M\u00eame pas vrai ! - Simon","robots":{"index":"index","follow":"follow","max-snippet":"max-snippet:-1","max-image-preview":"max-image-preview:large","max-video-preview":"max-video-preview:-1"},"canonical":"https:\/\/simon-tv.com\/fr\/produit\/ah-ah-meme-pas-vrai\/","og_locale":"fr_FR","og_type":"article","og_title":"Ah ! Ah ! M\u00eame pas vrai ! - Simon","og_description":"Ecole Des Loisirs","og_url":"https:\/\/simon-tv.com\/fr\/produit\/ah-ah-meme-pas-vrai\/","og_site_name":"Simon","article_modified_time":"2023-07-14T16:21:17+00:00","og_image":[{"width":2058,"height":2560,"url":"https:\/\/simon-tv.com\/wp-content\/uploads\/2023\/07\/blake_ah_ah_meme_pas_vrai_couv_HD-scaled.webp","type":"image\/webp"}],"twitter_card":"summary_large_image","twitter_misc":{"Dur\u00e9e de lecture estim\u00e9e":"1 minute"},"schema":{"@context":"https:\/\/schema.org","@graph":[{"@type":"WebPage","@id":"https:\/\/simon-tv.com\/fr\/produit\/ah-ah-meme-pas-vrai\/","url":"https:\/\/simon-tv.com\/fr\/produit\/ah-ah-meme-pas-vrai\/","name":"Ah ! Ah ! M\u00eame pas vrai ! - Simon","isPartOf":{"@id":"https:\/\/simon-tv.com\/fr\/#website"},"primaryImageOfPage":{"@id":"https:\/\/simon-tv.com\/fr\/produit\/ah-ah-meme-pas-vrai\/#primaryimage"},"image":{"@id":"https:\/\/simon-tv.com\/fr\/produit\/ah-ah-meme-pas-vrai\/#primaryimage"},"thumbnailUrl":"https:\/\/simon-tv.com\/wp-content\/uploads\/2023\/07\/blake_ah_ah_meme_pas_vrai_couv_HD-scaled.webp","datePublished":"2023-07-14T09:28:49+00:00","dateModified":"2023-07-14T16:21:17+00:00","breadcrumb":{"@id":"https:\/\/simon-tv.com\/fr\/produit\/ah-ah-meme-pas-vrai\/#breadcrumb"},"inLanguage":"fr-FR","potentialAction":[{"@type":"ReadAction","target":["https:\/\/simon-tv.com\/fr\/produit\/ah-ah-meme-pas-vrai\/"]}]},{"@type":"ImageObject","inLanguage":"fr-FR","@id":"https:\/\/simon-tv.com\/fr\/produit\/ah-ah-meme-pas-vrai\/#primaryimage","url":"https:\/\/simon-tv.com\/wp-content\/uploads\/2023\/07\/blake_ah_ah_meme_pas_vrai_couv_HD-scaled.webp","contentUrl":"https:\/\/simon-tv.com\/wp-content\/uploads\/2023\/07\/blake_ah_ah_meme_pas_vrai_couv_HD-scaled.webp","width":2058,"height":2560},{"@type":"BreadcrumbList","@id":"https:\/\/simon-tv.com\/fr\/produit\/ah-ah-meme-pas-vrai\/#breadcrumb","itemListElement":[{"@type":"ListItem","position":1,"name":"Home","item":"https:\/\/simon-tv.com\/fr\/"},{"@type":"ListItem","position":2,"name":"Shop Officiel Simon Super Lapin &#8211; O\u00f9 acheter","item":"https:\/\/simon-tv.com\/fr\/shop-simon-super-lapin-ou-acheter\/"},{"@type":"ListItem","position":3,"name":"Ah ! Ah ! M\u00eame pas vrai !"}]},{"@type":"WebSite","@id":"https:\/\/simon-tv.com\/fr\/#website","url":"https:\/\/simon-tv.com\/fr\/","name":"Simon","description":"The cutest little rabbit","potentialAction":[{"@type":"SearchAction","target":{"@type":"EntryPoint","urlTemplate":"https:\/\/simon-tv.com\/fr\/?s={search_term_string}"},"query-input":{"@type":"PropertyValueSpecification","valueRequired":true,"valueName":"search_term_string"}}],"inLanguage":"fr-FR"}]}},"_links":{"self":[{"href":"https:\/\/simon-tv.com\/fr\/wp-json\/wp\/v2\/product\/11489","targetHints":{"allow":["GET"]}}],"collection":[{"href":"https:\/\/simon-tv.com\/fr\/wp-json\/wp\/v2\/product"}],"about":[{"href":"https:\/\/simon-tv.com\/fr\/wp-json\/wp\/v2\/types\/product"}],"replies":[{"embeddable":true,"href":"https:\/\/simon-tv.com\/fr\/wp-json\/wp\/v2\/comments?post=11489"}],"wp:featuredmedia":[{"embeddable":true,"href":"https:\/\/simon-tv.com\/fr\/wp-json\/wp\/v2\/media\/11490"}],"wp:attachment":[{"href":"https:\/\/simon-tv.com\/fr\/wp-json\/wp\/v2\/media?parent=11489"}],"wp:term":[{"taxonomy":"product_brand","embeddable":true,"href":"https:\/\/simon-tv.com\/fr\/wp-json\/wp\/v2\/product_brand?post=11489"},{"taxonomy":"product_cat","embeddable":true,"href":"https:\/\/simon-tv.com\/fr\/wp-json\/wp\/v2\/product_cat?post=11489"},{"taxonomy":"product_tag","embeddable":true,"href":"https:\/\/simon-tv.com\/fr\/wp-json\/wp\/v2\/product_tag?post=11489"}],"curies":[{"name":"wp","href":"https:\/\/api.w.org\/{rel}","templated":true}]}}