{"id":11541,"date":"2023-07-14T11:57:02","date_gmt":"2023-07-14T09:57:02","guid":{"rendered":"https:\/\/simon-tv.com\/?post_type=product&#038;p=11541"},"modified":"2023-07-14T18:23:14","modified_gmt":"2023-07-14T16:23:14","slug":"je-veux-pas-aller-a-la-piscine","status":"publish","type":"product","link":"https:\/\/simon-tv.com\/fr\/produit\/je-veux-pas-aller-a-la-piscine\/","title":{"rendered":"Je veux pas aller \u00e0 la piscine"},"content":{"rendered":"<p>La piscine ? Cet endroit horrible o\u00f9 l&rsquo;on grelotte de froid, de peur et de honte en maillot de bain, o\u00f9 l&rsquo;on boit la tasse, o\u00f9 des monstres marins peuvent nous attaquer ? Simon le Superlapin n&rsquo;a qu&rsquo;une r\u00e9ponse quand ses parents lui annoncent que la premi\u00e8re s\u00e9ance est pour demain : \u00ab Jamais de la vie ! \u00bb Pourtant, quand il aper\u00e7oit Lou qui tremble encore plus que lui sur le bord du bassin, Simon n&rsquo;\u00e9coute que son courage et d\u00e9couvre que, la piscine, ce n&rsquo;est pas aussi terrible que ce qu&rsquo;il croyait&#8230;<\/p>\n","protected":false},"excerpt":{"rendered":"<p>Ecole Des Loisirs<\/p>\n","protected":false},"featured_media":11542,"comment_status":"closed","ping_status":"closed","template":"","meta":{"_et_pb_use_builder":"","_et_pb_old_content":"","_et_gb_content_width":""},"product_brand":[],"product_cat":[48],"product_tag":[180],"class_list":{"0":"post-11541","1":"product","2":"type-product","3":"status-publish","4":"has-post-thumbnail","6":"product_cat-livres","7":"product_tag-france-fr","9":"first","10":"instock","11":"shipping-taxable","12":"product-type-simple"},"acf":[],"yoast_head":"<!-- This site is optimized with the Yoast SEO plugin v26.4 - https:\/\/yoast.com\/wordpress\/plugins\/seo\/ -->\n<title>Je veux pas aller \u00e0 la piscine - Simon<\/title>\n<meta name=\"robots\" content=\"index, follow, max-snippet:-1, max-image-preview:large, max-video-preview:-1\" \/>\n<link rel=\"canonical\" href=\"https:\/\/simon-tv.com\/fr\/produit\/je-veux-pas-aller-a-la-piscine\/\" \/>\n<meta property=\"og:locale\" content=\"fr_FR\" \/>\n<meta property=\"og:type\" content=\"article\" \/>\n<meta property=\"og:title\" content=\"Je veux pas aller \u00e0 la piscine - Simon\" \/>\n<meta property=\"og:description\" content=\"Ecole Des Loisirs\" \/>\n<meta property=\"og:url\" content=\"https:\/\/simon-tv.com\/fr\/produit\/je-veux-pas-aller-a-la-piscine\/\" \/>\n<meta property=\"og:site_name\" content=\"Simon\" \/>\n<meta property=\"article:modified_time\" content=\"2023-07-14T16:23:14+00:00\" \/>\n<meta property=\"og:image\" content=\"https:\/\/simon-tv.com\/wp-content\/uploads\/2023\/07\/blake_je_veux_pas_aller_a_la_piscine-scaled.webp\" \/>\n\t<meta property=\"og:image:width\" content=\"2062\" \/>\n\t<meta property=\"og:image:height\" content=\"2560\" \/>\n\t<meta property=\"og:image:type\" content=\"image\/webp\" \/>\n<meta name=\"twitter:card\" content=\"summary_large_image\" \/>\n<meta name=\"twitter:label1\" content=\"Dur\u00e9e de lecture estim\u00e9e\" \/>\n\t<meta name=\"twitter:data1\" content=\"1 minute\" \/>\n<script type=\"application\/ld+json\" class=\"yoast-schema-graph\">{\"@context\":\"https:\/\/schema.org\",\"@graph\":[{\"@type\":\"WebPage\",\"@id\":\"https:\/\/simon-tv.com\/fr\/produit\/je-veux-pas-aller-a-la-piscine\/\",\"url\":\"https:\/\/simon-tv.com\/fr\/produit\/je-veux-pas-aller-a-la-piscine\/\",\"name\":\"Je veux pas aller \u00e0 la piscine - Simon\",\"isPartOf\":{\"@id\":\"https:\/\/simon-tv.com\/fr\/#website\"},\"primaryImageOfPage\":{\"@id\":\"https:\/\/simon-tv.com\/fr\/produit\/je-veux-pas-aller-a-la-piscine\/#primaryimage\"},\"image\":{\"@id\":\"https:\/\/simon-tv.com\/fr\/produit\/je-veux-pas-aller-a-la-piscine\/#primaryimage\"},\"thumbnailUrl\":\"https:\/\/simon-tv.com\/wp-content\/uploads\/2023\/07\/blake_je_veux_pas_aller_a_la_piscine-scaled.webp\",\"datePublished\":\"2023-07-14T09:57:02+00:00\",\"dateModified\":\"2023-07-14T16:23:14+00:00\",\"breadcrumb\":{\"@id\":\"https:\/\/simon-tv.com\/fr\/produit\/je-veux-pas-aller-a-la-piscine\/#breadcrumb\"},\"inLanguage\":\"fr-FR\",\"potentialAction\":[{\"@type\":\"ReadAction\",\"target\":[\"https:\/\/simon-tv.com\/fr\/produit\/je-veux-pas-aller-a-la-piscine\/\"]}]},{\"@type\":\"ImageObject\",\"inLanguage\":\"fr-FR\",\"@id\":\"https:\/\/simon-tv.com\/fr\/produit\/je-veux-pas-aller-a-la-piscine\/#primaryimage\",\"url\":\"https:\/\/simon-tv.com\/wp-content\/uploads\/2023\/07\/blake_je_veux_pas_aller_a_la_piscine-scaled.webp\",\"contentUrl\":\"https:\/\/simon-tv.com\/wp-content\/uploads\/2023\/07\/blake_je_veux_pas_aller_a_la_piscine-scaled.webp\",\"width\":2062,\"height\":2560},{\"@type\":\"BreadcrumbList\",\"@id\":\"https:\/\/simon-tv.com\/fr\/produit\/je-veux-pas-aller-a-la-piscine\/#breadcrumb\",\"itemListElement\":[{\"@type\":\"ListItem\",\"position\":1,\"name\":\"Home\",\"item\":\"https:\/\/simon-tv.com\/fr\/\"},{\"@type\":\"ListItem\",\"position\":2,\"name\":\"Shop Officiel Simon Super Lapin &#8211; O\u00f9 acheter\",\"item\":\"https:\/\/simon-tv.com\/fr\/shop-simon-super-lapin-ou-acheter\/\"},{\"@type\":\"ListItem\",\"position\":3,\"name\":\"Je veux pas aller \u00e0 la piscine\"}]},{\"@type\":\"WebSite\",\"@id\":\"https:\/\/simon-tv.com\/fr\/#website\",\"url\":\"https:\/\/simon-tv.com\/fr\/\",\"name\":\"Simon\",\"description\":\"The cutest little rabbit\",\"potentialAction\":[{\"@type\":\"SearchAction\",\"target\":{\"@type\":\"EntryPoint\",\"urlTemplate\":\"https:\/\/simon-tv.com\/fr\/?s={search_term_string}\"},\"query-input\":{\"@type\":\"PropertyValueSpecification\",\"valueRequired\":true,\"valueName\":\"search_term_string\"}}],\"inLanguage\":\"fr-FR\"}]}<\/script>\n<!-- \/ Yoast SEO plugin. -->","yoast_head_json":{"title":"Je veux pas aller \u00e0 la piscine - Simon","robots":{"index":"index","follow":"follow","max-snippet":"max-snippet:-1","max-image-preview":"max-image-preview:large","max-video-preview":"max-video-preview:-1"},"canonical":"https:\/\/simon-tv.com\/fr\/produit\/je-veux-pas-aller-a-la-piscine\/","og_locale":"fr_FR","og_type":"article","og_title":"Je veux pas aller \u00e0 la piscine - Simon","og_description":"Ecole Des Loisirs","og_url":"https:\/\/simon-tv.com\/fr\/produit\/je-veux-pas-aller-a-la-piscine\/","og_site_name":"Simon","article_modified_time":"2023-07-14T16:23:14+00:00","og_image":[{"width":2062,"height":2560,"url":"https:\/\/simon-tv.com\/wp-content\/uploads\/2023\/07\/blake_je_veux_pas_aller_a_la_piscine-scaled.webp","type":"image\/webp"}],"twitter_card":"summary_large_image","twitter_misc":{"Dur\u00e9e de lecture estim\u00e9e":"1 minute"},"schema":{"@context":"https:\/\/schema.org","@graph":[{"@type":"WebPage","@id":"https:\/\/simon-tv.com\/fr\/produit\/je-veux-pas-aller-a-la-piscine\/","url":"https:\/\/simon-tv.com\/fr\/produit\/je-veux-pas-aller-a-la-piscine\/","name":"Je veux pas aller \u00e0 la piscine - Simon","isPartOf":{"@id":"https:\/\/simon-tv.com\/fr\/#website"},"primaryImageOfPage":{"@id":"https:\/\/simon-tv.com\/fr\/produit\/je-veux-pas-aller-a-la-piscine\/#primaryimage"},"image":{"@id":"https:\/\/simon-tv.com\/fr\/produit\/je-veux-pas-aller-a-la-piscine\/#primaryimage"},"thumbnailUrl":"https:\/\/simon-tv.com\/wp-content\/uploads\/2023\/07\/blake_je_veux_pas_aller_a_la_piscine-scaled.webp","datePublished":"2023-07-14T09:57:02+00:00","dateModified":"2023-07-14T16:23:14+00:00","breadcrumb":{"@id":"https:\/\/simon-tv.com\/fr\/produit\/je-veux-pas-aller-a-la-piscine\/#breadcrumb"},"inLanguage":"fr-FR","potentialAction":[{"@type":"ReadAction","target":["https:\/\/simon-tv.com\/fr\/produit\/je-veux-pas-aller-a-la-piscine\/"]}]},{"@type":"ImageObject","inLanguage":"fr-FR","@id":"https:\/\/simon-tv.com\/fr\/produit\/je-veux-pas-aller-a-la-piscine\/#primaryimage","url":"https:\/\/simon-tv.com\/wp-content\/uploads\/2023\/07\/blake_je_veux_pas_aller_a_la_piscine-scaled.webp","contentUrl":"https:\/\/simon-tv.com\/wp-content\/uploads\/2023\/07\/blake_je_veux_pas_aller_a_la_piscine-scaled.webp","width":2062,"height":2560},{"@type":"BreadcrumbList","@id":"https:\/\/simon-tv.com\/fr\/produit\/je-veux-pas-aller-a-la-piscine\/#breadcrumb","itemListElement":[{"@type":"ListItem","position":1,"name":"Home","item":"https:\/\/simon-tv.com\/fr\/"},{"@type":"ListItem","position":2,"name":"Shop Officiel Simon Super Lapin &#8211; O\u00f9 acheter","item":"https:\/\/simon-tv.com\/fr\/shop-simon-super-lapin-ou-acheter\/"},{"@type":"ListItem","position":3,"name":"Je veux pas aller \u00e0 la piscine"}]},{"@type":"WebSite","@id":"https:\/\/simon-tv.com\/fr\/#website","url":"https:\/\/simon-tv.com\/fr\/","name":"Simon","description":"The cutest little rabbit","potentialAction":[{"@type":"SearchAction","target":{"@type":"EntryPoint","urlTemplate":"https:\/\/simon-tv.com\/fr\/?s={search_term_string}"},"query-input":{"@type":"PropertyValueSpecification","valueRequired":true,"valueName":"search_term_string"}}],"inLanguage":"fr-FR"}]}},"_links":{"self":[{"href":"https:\/\/simon-tv.com\/fr\/wp-json\/wp\/v2\/product\/11541","targetHints":{"allow":["GET"]}}],"collection":[{"href":"https:\/\/simon-tv.com\/fr\/wp-json\/wp\/v2\/product"}],"about":[{"href":"https:\/\/simon-tv.com\/fr\/wp-json\/wp\/v2\/types\/product"}],"replies":[{"embeddable":true,"href":"https:\/\/simon-tv.com\/fr\/wp-json\/wp\/v2\/comments?post=11541"}],"wp:featuredmedia":[{"embeddable":true,"href":"https:\/\/simon-tv.com\/fr\/wp-json\/wp\/v2\/media\/11542"}],"wp:attachment":[{"href":"https:\/\/simon-tv.com\/fr\/wp-json\/wp\/v2\/media?parent=11541"}],"wp:term":[{"taxonomy":"product_brand","embeddable":true,"href":"https:\/\/simon-tv.com\/fr\/wp-json\/wp\/v2\/product_brand?post=11541"},{"taxonomy":"product_cat","embeddable":true,"href":"https:\/\/simon-tv.com\/fr\/wp-json\/wp\/v2\/product_cat?post=11541"},{"taxonomy":"product_tag","embeddable":true,"href":"https:\/\/simon-tv.com\/fr\/wp-json\/wp\/v2\/product_tag?post=11541"}],"curies":[{"name":"wp","href":"https:\/\/api.w.org\/{rel}","templated":true}]}}