{"id":11565,"date":"2023-07-14T12:10:59","date_gmt":"2023-07-14T10:10:59","guid":{"rendered":"https:\/\/simon-tv.com\/?post_type=product&#038;p=11565"},"modified":"2025-07-30T11:12:05","modified_gmt":"2025-07-30T09:12:05","slug":"superlapin-stephanieblake","status":"publish","type":"product","link":"https:\/\/simon-tv.com\/fr\/produit\/superlapin-stephanieblake\/","title":{"rendered":"Superlapin"},"content":{"rendered":"<p>Il \u00e9tait une fois un petit lapin qui se prenait pour Superlapin. Lorsque sa maman lui disait : \u00ab Que vas-tu faire aujourd&rsquo;hui, mon petit lapin ? \u00bb, il r\u00e9pondait : \u00ab Mais enfin, ch\u00e8re m\u00e8re, je ne suis pas un petit lapin, je suis SUPERLAPIN ! Les Superlapins attrapent les m\u00e9chants, vous le savez bien ! \u00bb Et le petit lapin &#8211; pardon, Superlapin -, dans son costume de Superlapin, partait chasser les m\u00e9chants. Superlapin n&rsquo;a peur de rien. Il peut sauter dans le creux d&rsquo;un arbre, m\u00eame s&rsquo;il y fait tr\u00e8s froid et tr\u00e8s sombre.<\/p>\n","protected":false},"excerpt":{"rendered":"<p>Ecole Des Loisirs<\/p>\n","protected":false},"featured_media":11566,"comment_status":"closed","ping_status":"closed","template":"","meta":{"_et_pb_use_builder":"","_et_pb_old_content":"","_et_gb_content_width":""},"product_brand":[],"product_cat":[48],"product_tag":[180,183],"class_list":{"0":"post-11565","1":"product","2":"type-product","3":"status-publish","4":"has-post-thumbnail","6":"product_cat-livres","7":"product_tag-france-fr","8":"product_tag-italy-fr","10":"first","11":"instock","12":"shipping-taxable","13":"product-type-simple"},"acf":[],"yoast_head":"<!-- This site is optimized with the Yoast SEO plugin v26.4 - https:\/\/yoast.com\/wordpress\/plugins\/seo\/ -->\n<title>Superlapin - Stephanie Blake - Simon<\/title>\n<meta name=\"description\" content=\"Il \u00e9tait une fois un petit lapin qui se prenait pour Superlapin. Album \u00e9crit par Stephanie Blake. Publi\u00e9 \u00e0 l&#039;\u00e9cole des loisirs\" \/>\n<meta name=\"robots\" content=\"index, follow, max-snippet:-1, max-image-preview:large, max-video-preview:-1\" \/>\n<link rel=\"canonical\" href=\"https:\/\/simon-tv.com\/fr\/produit\/superlapin-stephanieblake\/\" \/>\n<meta property=\"og:locale\" content=\"fr_FR\" \/>\n<meta property=\"og:type\" content=\"article\" \/>\n<meta property=\"og:title\" content=\"Superlapin - Stephanie Blake - Simon\" \/>\n<meta property=\"og:description\" content=\"Il \u00e9tait une fois un petit lapin qui se prenait pour Superlapin. Album \u00e9crit par Stephanie Blake. Publi\u00e9 \u00e0 l&#039;\u00e9cole des loisirs\" \/>\n<meta property=\"og:url\" content=\"https:\/\/simon-tv.com\/fr\/produit\/superlapin-stephanieblake\/\" \/>\n<meta property=\"og:site_name\" content=\"Simon\" \/>\n<meta property=\"article:modified_time\" content=\"2025-07-30T09:12:05+00:00\" \/>\n<meta property=\"og:image\" content=\"https:\/\/simon-tv.com\/wp-content\/uploads\/2023\/07\/blake_superlapin.webp\" \/>\n\t<meta property=\"og:image:width\" content=\"960\" \/>\n\t<meta property=\"og:image:height\" content=\"1193\" \/>\n\t<meta property=\"og:image:type\" content=\"image\/webp\" \/>\n<meta name=\"twitter:card\" content=\"summary_large_image\" \/>\n<meta name=\"twitter:label1\" content=\"Dur\u00e9e de lecture estim\u00e9e\" \/>\n\t<meta name=\"twitter:data1\" content=\"1 minute\" \/>\n<script type=\"application\/ld+json\" class=\"yoast-schema-graph\">{\"@context\":\"https:\/\/schema.org\",\"@graph\":[{\"@type\":\"WebPage\",\"@id\":\"https:\/\/simon-tv.com\/fr\/produit\/superlapin-stephanieblake\/\",\"url\":\"https:\/\/simon-tv.com\/fr\/produit\/superlapin-stephanieblake\/\",\"name\":\"Superlapin - Stephanie Blake - Simon\",\"isPartOf\":{\"@id\":\"https:\/\/simon-tv.com\/fr\/#website\"},\"primaryImageOfPage\":{\"@id\":\"https:\/\/simon-tv.com\/fr\/produit\/superlapin-stephanieblake\/#primaryimage\"},\"image\":{\"@id\":\"https:\/\/simon-tv.com\/fr\/produit\/superlapin-stephanieblake\/#primaryimage\"},\"thumbnailUrl\":\"https:\/\/simon-tv.com\/wp-content\/uploads\/2023\/07\/blake_superlapin.webp\",\"datePublished\":\"2023-07-14T10:10:59+00:00\",\"dateModified\":\"2025-07-30T09:12:05+00:00\",\"description\":\"Il \u00e9tait une fois un petit lapin qui se prenait pour Superlapin. Album \u00e9crit par Stephanie Blake. Publi\u00e9 \u00e0 l'\u00e9cole des loisirs\",\"breadcrumb\":{\"@id\":\"https:\/\/simon-tv.com\/fr\/produit\/superlapin-stephanieblake\/#breadcrumb\"},\"inLanguage\":\"fr-FR\",\"potentialAction\":[{\"@type\":\"ReadAction\",\"target\":[\"https:\/\/simon-tv.com\/fr\/produit\/superlapin-stephanieblake\/\"]}]},{\"@type\":\"ImageObject\",\"inLanguage\":\"fr-FR\",\"@id\":\"https:\/\/simon-tv.com\/fr\/produit\/superlapin-stephanieblake\/#primaryimage\",\"url\":\"https:\/\/simon-tv.com\/wp-content\/uploads\/2023\/07\/blake_superlapin.webp\",\"contentUrl\":\"https:\/\/simon-tv.com\/wp-content\/uploads\/2023\/07\/blake_superlapin.webp\",\"width\":960,\"height\":1193},{\"@type\":\"BreadcrumbList\",\"@id\":\"https:\/\/simon-tv.com\/fr\/produit\/superlapin-stephanieblake\/#breadcrumb\",\"itemListElement\":[{\"@type\":\"ListItem\",\"position\":1,\"name\":\"Home\",\"item\":\"https:\/\/simon-tv.com\/fr\/\"},{\"@type\":\"ListItem\",\"position\":2,\"name\":\"Shop Officiel Simon Super Lapin &#8211; O\u00f9 acheter\",\"item\":\"https:\/\/simon-tv.com\/fr\/shop-simon-super-lapin-ou-acheter\/\"},{\"@type\":\"ListItem\",\"position\":3,\"name\":\"Superlapin\"}]},{\"@type\":\"WebSite\",\"@id\":\"https:\/\/simon-tv.com\/fr\/#website\",\"url\":\"https:\/\/simon-tv.com\/fr\/\",\"name\":\"Simon\",\"description\":\"The cutest little rabbit\",\"potentialAction\":[{\"@type\":\"SearchAction\",\"target\":{\"@type\":\"EntryPoint\",\"urlTemplate\":\"https:\/\/simon-tv.com\/fr\/?s={search_term_string}\"},\"query-input\":{\"@type\":\"PropertyValueSpecification\",\"valueRequired\":true,\"valueName\":\"search_term_string\"}}],\"inLanguage\":\"fr-FR\"}]}<\/script>\n<!-- \/ Yoast SEO plugin. -->","yoast_head_json":{"title":"Superlapin - Stephanie Blake - Simon","description":"Il \u00e9tait une fois un petit lapin qui se prenait pour Superlapin. Album \u00e9crit par Stephanie Blake. Publi\u00e9 \u00e0 l'\u00e9cole des loisirs","robots":{"index":"index","follow":"follow","max-snippet":"max-snippet:-1","max-image-preview":"max-image-preview:large","max-video-preview":"max-video-preview:-1"},"canonical":"https:\/\/simon-tv.com\/fr\/produit\/superlapin-stephanieblake\/","og_locale":"fr_FR","og_type":"article","og_title":"Superlapin - Stephanie Blake - Simon","og_description":"Il \u00e9tait une fois un petit lapin qui se prenait pour Superlapin. Album \u00e9crit par Stephanie Blake. Publi\u00e9 \u00e0 l'\u00e9cole des loisirs","og_url":"https:\/\/simon-tv.com\/fr\/produit\/superlapin-stephanieblake\/","og_site_name":"Simon","article_modified_time":"2025-07-30T09:12:05+00:00","og_image":[{"width":960,"height":1193,"url":"https:\/\/simon-tv.com\/wp-content\/uploads\/2023\/07\/blake_superlapin.webp","type":"image\/webp"}],"twitter_card":"summary_large_image","twitter_misc":{"Dur\u00e9e de lecture estim\u00e9e":"1 minute"},"schema":{"@context":"https:\/\/schema.org","@graph":[{"@type":"WebPage","@id":"https:\/\/simon-tv.com\/fr\/produit\/superlapin-stephanieblake\/","url":"https:\/\/simon-tv.com\/fr\/produit\/superlapin-stephanieblake\/","name":"Superlapin - Stephanie Blake - Simon","isPartOf":{"@id":"https:\/\/simon-tv.com\/fr\/#website"},"primaryImageOfPage":{"@id":"https:\/\/simon-tv.com\/fr\/produit\/superlapin-stephanieblake\/#primaryimage"},"image":{"@id":"https:\/\/simon-tv.com\/fr\/produit\/superlapin-stephanieblake\/#primaryimage"},"thumbnailUrl":"https:\/\/simon-tv.com\/wp-content\/uploads\/2023\/07\/blake_superlapin.webp","datePublished":"2023-07-14T10:10:59+00:00","dateModified":"2025-07-30T09:12:05+00:00","description":"Il \u00e9tait une fois un petit lapin qui se prenait pour Superlapin. Album \u00e9crit par Stephanie Blake. Publi\u00e9 \u00e0 l'\u00e9cole des loisirs","breadcrumb":{"@id":"https:\/\/simon-tv.com\/fr\/produit\/superlapin-stephanieblake\/#breadcrumb"},"inLanguage":"fr-FR","potentialAction":[{"@type":"ReadAction","target":["https:\/\/simon-tv.com\/fr\/produit\/superlapin-stephanieblake\/"]}]},{"@type":"ImageObject","inLanguage":"fr-FR","@id":"https:\/\/simon-tv.com\/fr\/produit\/superlapin-stephanieblake\/#primaryimage","url":"https:\/\/simon-tv.com\/wp-content\/uploads\/2023\/07\/blake_superlapin.webp","contentUrl":"https:\/\/simon-tv.com\/wp-content\/uploads\/2023\/07\/blake_superlapin.webp","width":960,"height":1193},{"@type":"BreadcrumbList","@id":"https:\/\/simon-tv.com\/fr\/produit\/superlapin-stephanieblake\/#breadcrumb","itemListElement":[{"@type":"ListItem","position":1,"name":"Home","item":"https:\/\/simon-tv.com\/fr\/"},{"@type":"ListItem","position":2,"name":"Shop Officiel Simon Super Lapin &#8211; O\u00f9 acheter","item":"https:\/\/simon-tv.com\/fr\/shop-simon-super-lapin-ou-acheter\/"},{"@type":"ListItem","position":3,"name":"Superlapin"}]},{"@type":"WebSite","@id":"https:\/\/simon-tv.com\/fr\/#website","url":"https:\/\/simon-tv.com\/fr\/","name":"Simon","description":"The cutest little rabbit","potentialAction":[{"@type":"SearchAction","target":{"@type":"EntryPoint","urlTemplate":"https:\/\/simon-tv.com\/fr\/?s={search_term_string}"},"query-input":{"@type":"PropertyValueSpecification","valueRequired":true,"valueName":"search_term_string"}}],"inLanguage":"fr-FR"}]}},"_links":{"self":[{"href":"https:\/\/simon-tv.com\/fr\/wp-json\/wp\/v2\/product\/11565","targetHints":{"allow":["GET"]}}],"collection":[{"href":"https:\/\/simon-tv.com\/fr\/wp-json\/wp\/v2\/product"}],"about":[{"href":"https:\/\/simon-tv.com\/fr\/wp-json\/wp\/v2\/types\/product"}],"replies":[{"embeddable":true,"href":"https:\/\/simon-tv.com\/fr\/wp-json\/wp\/v2\/comments?post=11565"}],"wp:featuredmedia":[{"embeddable":true,"href":"https:\/\/simon-tv.com\/fr\/wp-json\/wp\/v2\/media\/11566"}],"wp:attachment":[{"href":"https:\/\/simon-tv.com\/fr\/wp-json\/wp\/v2\/media?parent=11565"}],"wp:term":[{"taxonomy":"product_brand","embeddable":true,"href":"https:\/\/simon-tv.com\/fr\/wp-json\/wp\/v2\/product_brand?post=11565"},{"taxonomy":"product_cat","embeddable":true,"href":"https:\/\/simon-tv.com\/fr\/wp-json\/wp\/v2\/product_cat?post=11565"},{"taxonomy":"product_tag","embeddable":true,"href":"https:\/\/simon-tv.com\/fr\/wp-json\/wp\/v2\/product_tag?post=11565"}],"curies":[{"name":"wp","href":"https:\/\/api.w.org\/{rel}","templated":true}]}}