{"id":11849,"date":"2023-07-14T15:10:28","date_gmt":"2023-07-14T13:10:28","guid":{"rendered":"https:\/\/simon-tv.com\/boutique\/simone-imparo-a-contare\/"},"modified":"2023-07-14T15:10:28","modified_gmt":"2023-07-14T13:10:28","slug":"simone-imparo-a-contare","status":"publish","type":"product","link":"https:\/\/simon-tv.com\/fr\/produit\/simone-imparo-a-contare\/","title":{"rendered":"Simone Imparo a contare"},"content":{"rendered":"<p>Un divertente libro educativo per imparare i numeri e stimolare le capacit\u00e0 logiche dei pi\u00f9 piccoli. In pi\u00f9 un memo per divertirsi a giocare in compagnia di Simone e dei suoi simpatici amici! Et\u00e0 di lettura: da 3 anni.<\/p>\n","protected":false},"excerpt":{"rendered":"<p>Un divertente libro educativo per imparare i numeri e stimolare le capacit\u00e0 logiche dei pi\u00f9 piccoli. In pi\u00f9 un memo per divertirsi a giocare in compagnia di Simone e dei suoi simpatici amici! Et\u00e0 di lettura: da 3 anni.<\/p>\n","protected":false},"featured_media":11846,"comment_status":"closed","ping_status":"closed","template":"","meta":{"_et_pb_use_builder":"","_et_pb_old_content":"","_et_gb_content_width":""},"product_brand":[],"product_cat":[159],"product_tag":[],"class_list":{"0":"post-11849","1":"product","2":"type-product","3":"status-publish","4":"has-post-thumbnail","6":"product_cat-jeux","8":"first","9":"instock","10":"shipping-taxable","11":"product-type-simple"},"acf":[],"yoast_head":"<!-- This site is optimized with the Yoast SEO plugin v26.4 - https:\/\/yoast.com\/wordpress\/plugins\/seo\/ -->\n<title>Simone Imparo a contare - Simon<\/title>\n<meta name=\"robots\" content=\"index, follow, max-snippet:-1, max-image-preview:large, max-video-preview:-1\" \/>\n<link rel=\"canonical\" href=\"https:\/\/simon-tv.com\/fr\/produit\/simone-imparo-a-contare\/\" \/>\n<meta property=\"og:locale\" content=\"fr_FR\" \/>\n<meta property=\"og:type\" content=\"article\" \/>\n<meta property=\"og:title\" content=\"Simone Imparo a contare - Simon\" \/>\n<meta property=\"og:description\" content=\"Un divertente libro educativo per imparare i numeri e stimolare le capacit\u00e0 logiche dei pi\u00f9 piccoli. In pi\u00f9 un memo per divertirsi a giocare in compagnia di Simone e dei suoi simpatici amici! Et\u00e0 di lettura: da 3 anni.\" \/>\n<meta property=\"og:url\" content=\"https:\/\/simon-tv.com\/fr\/produit\/simone-imparo-a-contare\/\" \/>\n<meta property=\"og:site_name\" content=\"Simon\" \/>\n<meta property=\"og:image\" content=\"https:\/\/simon-tv.com\/wp-content\/uploads\/2023\/07\/memory_chiffres_italien.webp\" \/>\n\t<meta property=\"og:image:width\" content=\"499\" \/>\n\t<meta property=\"og:image:height\" content=\"327\" \/>\n\t<meta property=\"og:image:type\" content=\"image\/webp\" \/>\n<meta name=\"twitter:card\" content=\"summary_large_image\" \/>\n<script type=\"application\/ld+json\" class=\"yoast-schema-graph\">{\"@context\":\"https:\/\/schema.org\",\"@graph\":[{\"@type\":\"WebPage\",\"@id\":\"https:\/\/simon-tv.com\/fr\/produit\/simone-imparo-a-contare\/\",\"url\":\"https:\/\/simon-tv.com\/fr\/produit\/simone-imparo-a-contare\/\",\"name\":\"Simone Imparo a contare - Simon\",\"isPartOf\":{\"@id\":\"https:\/\/simon-tv.com\/fr\/#website\"},\"primaryImageOfPage\":{\"@id\":\"https:\/\/simon-tv.com\/fr\/produit\/simone-imparo-a-contare\/#primaryimage\"},\"image\":{\"@id\":\"https:\/\/simon-tv.com\/fr\/produit\/simone-imparo-a-contare\/#primaryimage\"},\"thumbnailUrl\":\"https:\/\/simon-tv.com\/wp-content\/uploads\/2023\/07\/memory_chiffres_italien.webp\",\"datePublished\":\"2023-07-14T13:10:28+00:00\",\"breadcrumb\":{\"@id\":\"https:\/\/simon-tv.com\/fr\/produit\/simone-imparo-a-contare\/#breadcrumb\"},\"inLanguage\":\"fr-FR\",\"potentialAction\":[{\"@type\":\"ReadAction\",\"target\":[\"https:\/\/simon-tv.com\/fr\/produit\/simone-imparo-a-contare\/\"]}]},{\"@type\":\"ImageObject\",\"inLanguage\":\"fr-FR\",\"@id\":\"https:\/\/simon-tv.com\/fr\/produit\/simone-imparo-a-contare\/#primaryimage\",\"url\":\"https:\/\/simon-tv.com\/wp-content\/uploads\/2023\/07\/memory_chiffres_italien.webp\",\"contentUrl\":\"https:\/\/simon-tv.com\/wp-content\/uploads\/2023\/07\/memory_chiffres_italien.webp\",\"width\":499,\"height\":327},{\"@type\":\"BreadcrumbList\",\"@id\":\"https:\/\/simon-tv.com\/fr\/produit\/simone-imparo-a-contare\/#breadcrumb\",\"itemListElement\":[{\"@type\":\"ListItem\",\"position\":1,\"name\":\"Home\",\"item\":\"https:\/\/simon-tv.com\/fr\/\"},{\"@type\":\"ListItem\",\"position\":2,\"name\":\"Shop Officiel Simon Super Lapin &#8211; O\u00f9 acheter\",\"item\":\"https:\/\/simon-tv.com\/fr\/shop-simon-super-lapin-ou-acheter\/\"},{\"@type\":\"ListItem\",\"position\":3,\"name\":\"Simone Imparo a contare\"}]},{\"@type\":\"WebSite\",\"@id\":\"https:\/\/simon-tv.com\/fr\/#website\",\"url\":\"https:\/\/simon-tv.com\/fr\/\",\"name\":\"Simon\",\"description\":\"The cutest little rabbit\",\"potentialAction\":[{\"@type\":\"SearchAction\",\"target\":{\"@type\":\"EntryPoint\",\"urlTemplate\":\"https:\/\/simon-tv.com\/fr\/?s={search_term_string}\"},\"query-input\":{\"@type\":\"PropertyValueSpecification\",\"valueRequired\":true,\"valueName\":\"search_term_string\"}}],\"inLanguage\":\"fr-FR\"}]}<\/script>\n<!-- \/ Yoast SEO plugin. -->","yoast_head_json":{"title":"Simone Imparo a contare - Simon","robots":{"index":"index","follow":"follow","max-snippet":"max-snippet:-1","max-image-preview":"max-image-preview:large","max-video-preview":"max-video-preview:-1"},"canonical":"https:\/\/simon-tv.com\/fr\/produit\/simone-imparo-a-contare\/","og_locale":"fr_FR","og_type":"article","og_title":"Simone Imparo a contare - Simon","og_description":"Un divertente libro educativo per imparare i numeri e stimolare le capacit\u00e0 logiche dei pi\u00f9 piccoli. In pi\u00f9 un memo per divertirsi a giocare in compagnia di Simone e dei suoi simpatici amici! Et\u00e0 di lettura: da 3 anni.","og_url":"https:\/\/simon-tv.com\/fr\/produit\/simone-imparo-a-contare\/","og_site_name":"Simon","og_image":[{"width":499,"height":327,"url":"https:\/\/simon-tv.com\/wp-content\/uploads\/2023\/07\/memory_chiffres_italien.webp","type":"image\/webp"}],"twitter_card":"summary_large_image","schema":{"@context":"https:\/\/schema.org","@graph":[{"@type":"WebPage","@id":"https:\/\/simon-tv.com\/fr\/produit\/simone-imparo-a-contare\/","url":"https:\/\/simon-tv.com\/fr\/produit\/simone-imparo-a-contare\/","name":"Simone Imparo a contare - Simon","isPartOf":{"@id":"https:\/\/simon-tv.com\/fr\/#website"},"primaryImageOfPage":{"@id":"https:\/\/simon-tv.com\/fr\/produit\/simone-imparo-a-contare\/#primaryimage"},"image":{"@id":"https:\/\/simon-tv.com\/fr\/produit\/simone-imparo-a-contare\/#primaryimage"},"thumbnailUrl":"https:\/\/simon-tv.com\/wp-content\/uploads\/2023\/07\/memory_chiffres_italien.webp","datePublished":"2023-07-14T13:10:28+00:00","breadcrumb":{"@id":"https:\/\/simon-tv.com\/fr\/produit\/simone-imparo-a-contare\/#breadcrumb"},"inLanguage":"fr-FR","potentialAction":[{"@type":"ReadAction","target":["https:\/\/simon-tv.com\/fr\/produit\/simone-imparo-a-contare\/"]}]},{"@type":"ImageObject","inLanguage":"fr-FR","@id":"https:\/\/simon-tv.com\/fr\/produit\/simone-imparo-a-contare\/#primaryimage","url":"https:\/\/simon-tv.com\/wp-content\/uploads\/2023\/07\/memory_chiffres_italien.webp","contentUrl":"https:\/\/simon-tv.com\/wp-content\/uploads\/2023\/07\/memory_chiffres_italien.webp","width":499,"height":327},{"@type":"BreadcrumbList","@id":"https:\/\/simon-tv.com\/fr\/produit\/simone-imparo-a-contare\/#breadcrumb","itemListElement":[{"@type":"ListItem","position":1,"name":"Home","item":"https:\/\/simon-tv.com\/fr\/"},{"@type":"ListItem","position":2,"name":"Shop Officiel Simon Super Lapin &#8211; O\u00f9 acheter","item":"https:\/\/simon-tv.com\/fr\/shop-simon-super-lapin-ou-acheter\/"},{"@type":"ListItem","position":3,"name":"Simone Imparo a contare"}]},{"@type":"WebSite","@id":"https:\/\/simon-tv.com\/fr\/#website","url":"https:\/\/simon-tv.com\/fr\/","name":"Simon","description":"The cutest little rabbit","potentialAction":[{"@type":"SearchAction","target":{"@type":"EntryPoint","urlTemplate":"https:\/\/simon-tv.com\/fr\/?s={search_term_string}"},"query-input":{"@type":"PropertyValueSpecification","valueRequired":true,"valueName":"search_term_string"}}],"inLanguage":"fr-FR"}]}},"_links":{"self":[{"href":"https:\/\/simon-tv.com\/fr\/wp-json\/wp\/v2\/product\/11849","targetHints":{"allow":["GET"]}}],"collection":[{"href":"https:\/\/simon-tv.com\/fr\/wp-json\/wp\/v2\/product"}],"about":[{"href":"https:\/\/simon-tv.com\/fr\/wp-json\/wp\/v2\/types\/product"}],"replies":[{"embeddable":true,"href":"https:\/\/simon-tv.com\/fr\/wp-json\/wp\/v2\/comments?post=11849"}],"wp:featuredmedia":[{"embeddable":true,"href":"https:\/\/simon-tv.com\/fr\/wp-json\/wp\/v2\/media\/11846"}],"wp:attachment":[{"href":"https:\/\/simon-tv.com\/fr\/wp-json\/wp\/v2\/media?parent=11849"}],"wp:term":[{"taxonomy":"product_brand","embeddable":true,"href":"https:\/\/simon-tv.com\/fr\/wp-json\/wp\/v2\/product_brand?post=11849"},{"taxonomy":"product_cat","embeddable":true,"href":"https:\/\/simon-tv.com\/fr\/wp-json\/wp\/v2\/product_cat?post=11849"},{"taxonomy":"product_tag","embeddable":true,"href":"https:\/\/simon-tv.com\/fr\/wp-json\/wp\/v2\/product_tag?post=11849"}],"curies":[{"name":"wp","href":"https:\/\/api.w.org\/{rel}","templated":true}]}}