{"id":13948,"date":"2025-07-30T11:19:46","date_gmt":"2025-07-30T09:19:46","guid":{"rendered":"https:\/\/simon-tv.com\/?post_type=product&#038;p=13948"},"modified":"2025-08-05T17:24:53","modified_gmt":"2025-08-05T15:24:53","slug":"magazine-simon","status":"publish","type":"product","link":"https:\/\/simon-tv.com\/fr\/produit\/magazine-simon\/","title":{"rendered":"Magazine Simon"},"content":{"rendered":"<p>Simon Superlapin est le tout nouveau magazine trimestriel pour les pr\u00e9-scolaires (3 \u00e0 5 ans) inspir\u00e9 de l\u2019univers de cet adorable petit lapin cr\u00e9\u00e9 par Stephanie Blake.<\/p>\n<p>Il permettra aux enfants de compl\u00e9ter les notions simples abord\u00e9es \u00e0 l\u2019\u00e9cole tout en laissant exprimer leur vitalit\u00e9 \u00e0 travers des lectures, coloriages, jeux d\u2019observation et d\u2019\u00e9criture\u2026<\/p>\n<p>Autant d\u2019activit\u00e9s vari\u00e9es lui permettant de stimuler son imagination et de d\u00e9velopper sa concentration !<\/p>\n<p>Pour ne manquer aucun num\u00e9ro,\u00a0<a href=\"https:\/\/turbulences.aboshop.fr\/simon\/abonnement-magazine\">pensez \u00e0 l&rsquo;abonnement<\/a>\u00a0!<\/p>\n","protected":false},"excerpt":{"rendered":"<p>Turbulences Presse<\/p>\n","protected":false},"featured_media":13977,"comment_status":"closed","ping_status":"closed","template":"","meta":{"_et_pb_use_builder":"","_et_pb_old_content":"","_et_gb_content_width":""},"product_brand":[],"product_cat":[156],"product_tag":[],"class_list":{"0":"post-13948","1":"product","2":"type-product","3":"status-publish","4":"has-post-thumbnail","6":"product_cat-materiel-scolaire","8":"first","9":"instock","10":"shipping-taxable","11":"product-type-simple"},"acf":[],"yoast_head":"<!-- This site is optimized with the Yoast SEO plugin v26.4 - https:\/\/yoast.com\/wordpress\/plugins\/seo\/ -->\n<title>Magazine Simon - Simon<\/title>\n<meta name=\"description\" content=\"Simon Superlapin est le tout nouveau magazine trimestriel pour les pr\u00e9-scolaires inspir\u00e9 de l\u2019univers de cet adorable petit lapin cr\u00e9\u00e9 par Stephanie Blake.\" \/>\n<meta name=\"robots\" content=\"index, follow, max-snippet:-1, max-image-preview:large, max-video-preview:-1\" \/>\n<link rel=\"canonical\" href=\"https:\/\/simon-tv.com\/fr\/produit\/magazine-simon\/\" \/>\n<meta property=\"og:locale\" content=\"fr_FR\" \/>\n<meta property=\"og:type\" content=\"article\" \/>\n<meta property=\"og:title\" content=\"Magazine Simon - Simon\" \/>\n<meta property=\"og:description\" content=\"Simon Superlapin est le tout nouveau magazine trimestriel pour les pr\u00e9-scolaires inspir\u00e9 de l\u2019univers de cet adorable petit lapin cr\u00e9\u00e9 par Stephanie Blake.\" \/>\n<meta property=\"og:url\" content=\"https:\/\/simon-tv.com\/fr\/produit\/magazine-simon\/\" \/>\n<meta property=\"og:site_name\" content=\"Simon\" \/>\n<meta property=\"article:modified_time\" content=\"2025-08-05T15:24:53+00:00\" \/>\n<meta property=\"og:image\" content=\"https:\/\/simon-tv.com\/wp-content\/uploads\/2025\/08\/magazine.webp\" \/>\n\t<meta property=\"og:image:width\" content=\"438\" \/>\n\t<meta property=\"og:image:height\" content=\"478\" \/>\n\t<meta property=\"og:image:type\" content=\"image\/webp\" \/>\n<meta name=\"twitter:card\" content=\"summary_large_image\" \/>\n<meta name=\"twitter:label1\" content=\"Dur\u00e9e de lecture estim\u00e9e\" \/>\n\t<meta name=\"twitter:data1\" content=\"1 minute\" \/>\n<script type=\"application\/ld+json\" class=\"yoast-schema-graph\">{\"@context\":\"https:\/\/schema.org\",\"@graph\":[{\"@type\":\"WebPage\",\"@id\":\"https:\/\/simon-tv.com\/fr\/produit\/magazine-simon\/\",\"url\":\"https:\/\/simon-tv.com\/fr\/produit\/magazine-simon\/\",\"name\":\"Magazine Simon - Simon\",\"isPartOf\":{\"@id\":\"https:\/\/simon-tv.com\/fr\/#website\"},\"primaryImageOfPage\":{\"@id\":\"https:\/\/simon-tv.com\/fr\/produit\/magazine-simon\/#primaryimage\"},\"image\":{\"@id\":\"https:\/\/simon-tv.com\/fr\/produit\/magazine-simon\/#primaryimage\"},\"thumbnailUrl\":\"https:\/\/simon-tv.com\/wp-content\/uploads\/2025\/08\/magazine.webp\",\"datePublished\":\"2025-07-30T09:19:46+00:00\",\"dateModified\":\"2025-08-05T15:24:53+00:00\",\"description\":\"Simon Superlapin est le tout nouveau magazine trimestriel pour les pr\u00e9-scolaires inspir\u00e9 de l\u2019univers de cet adorable petit lapin cr\u00e9\u00e9 par Stephanie Blake.\",\"breadcrumb\":{\"@id\":\"https:\/\/simon-tv.com\/fr\/produit\/magazine-simon\/#breadcrumb\"},\"inLanguage\":\"fr-FR\",\"potentialAction\":[{\"@type\":\"ReadAction\",\"target\":[\"https:\/\/simon-tv.com\/fr\/produit\/magazine-simon\/\"]}]},{\"@type\":\"ImageObject\",\"inLanguage\":\"fr-FR\",\"@id\":\"https:\/\/simon-tv.com\/fr\/produit\/magazine-simon\/#primaryimage\",\"url\":\"https:\/\/simon-tv.com\/wp-content\/uploads\/2025\/08\/magazine.webp\",\"contentUrl\":\"https:\/\/simon-tv.com\/wp-content\/uploads\/2025\/08\/magazine.webp\",\"width\":438,\"height\":478},{\"@type\":\"BreadcrumbList\",\"@id\":\"https:\/\/simon-tv.com\/fr\/produit\/magazine-simon\/#breadcrumb\",\"itemListElement\":[{\"@type\":\"ListItem\",\"position\":1,\"name\":\"Home\",\"item\":\"https:\/\/simon-tv.com\/fr\/\"},{\"@type\":\"ListItem\",\"position\":2,\"name\":\"Shop Officiel Simon Super Lapin &#8211; O\u00f9 acheter\",\"item\":\"https:\/\/simon-tv.com\/fr\/shop-simon-super-lapin-ou-acheter\/\"},{\"@type\":\"ListItem\",\"position\":3,\"name\":\"Magazine Simon\"}]},{\"@type\":\"WebSite\",\"@id\":\"https:\/\/simon-tv.com\/fr\/#website\",\"url\":\"https:\/\/simon-tv.com\/fr\/\",\"name\":\"Simon\",\"description\":\"The cutest little rabbit\",\"potentialAction\":[{\"@type\":\"SearchAction\",\"target\":{\"@type\":\"EntryPoint\",\"urlTemplate\":\"https:\/\/simon-tv.com\/fr\/?s={search_term_string}\"},\"query-input\":{\"@type\":\"PropertyValueSpecification\",\"valueRequired\":true,\"valueName\":\"search_term_string\"}}],\"inLanguage\":\"fr-FR\"}]}<\/script>\n<!-- \/ Yoast SEO plugin. -->","yoast_head_json":{"title":"Magazine Simon - Simon","description":"Simon Superlapin est le tout nouveau magazine trimestriel pour les pr\u00e9-scolaires inspir\u00e9 de l\u2019univers de cet adorable petit lapin cr\u00e9\u00e9 par Stephanie Blake.","robots":{"index":"index","follow":"follow","max-snippet":"max-snippet:-1","max-image-preview":"max-image-preview:large","max-video-preview":"max-video-preview:-1"},"canonical":"https:\/\/simon-tv.com\/fr\/produit\/magazine-simon\/","og_locale":"fr_FR","og_type":"article","og_title":"Magazine Simon - Simon","og_description":"Simon Superlapin est le tout nouveau magazine trimestriel pour les pr\u00e9-scolaires inspir\u00e9 de l\u2019univers de cet adorable petit lapin cr\u00e9\u00e9 par Stephanie Blake.","og_url":"https:\/\/simon-tv.com\/fr\/produit\/magazine-simon\/","og_site_name":"Simon","article_modified_time":"2025-08-05T15:24:53+00:00","og_image":[{"width":438,"height":478,"url":"https:\/\/simon-tv.com\/wp-content\/uploads\/2025\/08\/magazine.webp","type":"image\/webp"}],"twitter_card":"summary_large_image","twitter_misc":{"Dur\u00e9e de lecture estim\u00e9e":"1 minute"},"schema":{"@context":"https:\/\/schema.org","@graph":[{"@type":"WebPage","@id":"https:\/\/simon-tv.com\/fr\/produit\/magazine-simon\/","url":"https:\/\/simon-tv.com\/fr\/produit\/magazine-simon\/","name":"Magazine Simon - Simon","isPartOf":{"@id":"https:\/\/simon-tv.com\/fr\/#website"},"primaryImageOfPage":{"@id":"https:\/\/simon-tv.com\/fr\/produit\/magazine-simon\/#primaryimage"},"image":{"@id":"https:\/\/simon-tv.com\/fr\/produit\/magazine-simon\/#primaryimage"},"thumbnailUrl":"https:\/\/simon-tv.com\/wp-content\/uploads\/2025\/08\/magazine.webp","datePublished":"2025-07-30T09:19:46+00:00","dateModified":"2025-08-05T15:24:53+00:00","description":"Simon Superlapin est le tout nouveau magazine trimestriel pour les pr\u00e9-scolaires inspir\u00e9 de l\u2019univers de cet adorable petit lapin cr\u00e9\u00e9 par Stephanie Blake.","breadcrumb":{"@id":"https:\/\/simon-tv.com\/fr\/produit\/magazine-simon\/#breadcrumb"},"inLanguage":"fr-FR","potentialAction":[{"@type":"ReadAction","target":["https:\/\/simon-tv.com\/fr\/produit\/magazine-simon\/"]}]},{"@type":"ImageObject","inLanguage":"fr-FR","@id":"https:\/\/simon-tv.com\/fr\/produit\/magazine-simon\/#primaryimage","url":"https:\/\/simon-tv.com\/wp-content\/uploads\/2025\/08\/magazine.webp","contentUrl":"https:\/\/simon-tv.com\/wp-content\/uploads\/2025\/08\/magazine.webp","width":438,"height":478},{"@type":"BreadcrumbList","@id":"https:\/\/simon-tv.com\/fr\/produit\/magazine-simon\/#breadcrumb","itemListElement":[{"@type":"ListItem","position":1,"name":"Home","item":"https:\/\/simon-tv.com\/fr\/"},{"@type":"ListItem","position":2,"name":"Shop Officiel Simon Super Lapin &#8211; O\u00f9 acheter","item":"https:\/\/simon-tv.com\/fr\/shop-simon-super-lapin-ou-acheter\/"},{"@type":"ListItem","position":3,"name":"Magazine Simon"}]},{"@type":"WebSite","@id":"https:\/\/simon-tv.com\/fr\/#website","url":"https:\/\/simon-tv.com\/fr\/","name":"Simon","description":"The cutest little rabbit","potentialAction":[{"@type":"SearchAction","target":{"@type":"EntryPoint","urlTemplate":"https:\/\/simon-tv.com\/fr\/?s={search_term_string}"},"query-input":{"@type":"PropertyValueSpecification","valueRequired":true,"valueName":"search_term_string"}}],"inLanguage":"fr-FR"}]}},"_links":{"self":[{"href":"https:\/\/simon-tv.com\/fr\/wp-json\/wp\/v2\/product\/13948","targetHints":{"allow":["GET"]}}],"collection":[{"href":"https:\/\/simon-tv.com\/fr\/wp-json\/wp\/v2\/product"}],"about":[{"href":"https:\/\/simon-tv.com\/fr\/wp-json\/wp\/v2\/types\/product"}],"replies":[{"embeddable":true,"href":"https:\/\/simon-tv.com\/fr\/wp-json\/wp\/v2\/comments?post=13948"}],"wp:featuredmedia":[{"embeddable":true,"href":"https:\/\/simon-tv.com\/fr\/wp-json\/wp\/v2\/media\/13977"}],"wp:attachment":[{"href":"https:\/\/simon-tv.com\/fr\/wp-json\/wp\/v2\/media?parent=13948"}],"wp:term":[{"taxonomy":"product_brand","embeddable":true,"href":"https:\/\/simon-tv.com\/fr\/wp-json\/wp\/v2\/product_brand?post=13948"},{"taxonomy":"product_cat","embeddable":true,"href":"https:\/\/simon-tv.com\/fr\/wp-json\/wp\/v2\/product_cat?post=13948"},{"taxonomy":"product_tag","embeddable":true,"href":"https:\/\/simon-tv.com\/fr\/wp-json\/wp\/v2\/product_tag?post=13948"}],"curies":[{"name":"wp","href":"https:\/\/api.w.org\/{rel}","templated":true}]}}