{"id":14031,"date":"2025-12-09T11:28:17","date_gmt":"2025-12-09T10:28:17","guid":{"rendered":"https:\/\/simon-tv.com\/?post_type=product&#038;p=14031"},"modified":"2025-12-09T11:45:21","modified_gmt":"2025-12-09T10:45:21","slug":"figurine-tonies-simon-superlapin-pour-toniebox","status":"publish","type":"product","link":"https:\/\/simon-tv.com\/fr\/produit\/figurine-tonies-simon-superlapin-pour-toniebox\/","title":{"rendered":"Figurine Tonies Simon Superlapin"},"content":{"rendered":"<div class=\"sc-44364599-0 dpbvID\">\n<div>\n<div class=\"sc-d2ddc626-0 dqHVzV\">\n<div class=\"sc-e83ad680-0 UKWIm\">\n<div class=\"sc-e83ad680-2 hOkUe\">\n<p class=\"sc-38074708-1 dxgFoa sc-2eb7b061-1 lclyhK\" data-testid=\"paragraph\">(Re)d\u00e9couvrez le personnage de Simon Superlapin, le h\u00e9ros du c\u00e9l\u00e8bre Caca boudin !, dans plusieurs \u00e9pisodes audio adapt\u00e9s de la s\u00e9rie TV d&rsquo;apr\u00e8s les albums de Stephanie Blake publi\u00e9s \u00e0 L\u2019\u00e9cole des loisirs. Entour\u00e9 de sa famille et de ses amis, Simon grandit et fait l&rsquo;apprentissage de la vie.<\/p>\n<\/div>\n<\/div>\n<\/div>\n<\/div>\n<\/div>\n<div class=\"sc-44364599-0 kNwANj\">\n<div class=\"sc-2e0710aa-0 dVZyWr\">\n<div class=\"sc-d2ddc626-0 jZIhqj sc-6d7dab65-0 iUYQCd sc-59144671-0 cruyfk\">\n<div class=\"sc-59144671-1 ifUmCJ\">\n<div class=\"sc-d2ddc626-0 dsigds\">\n<p class=\"sc-38074708-1 keoBMh\" data-testid=\"paragraph\">Ne convient pas aux enfants de moins de 36 mois. Pi\u00e8ces de petite taille. Risque d&rsquo;\u00e9touffement.<\/p>\n<\/div>\n<div class=\"sc-d2ddc626-0 dsigds\">\n<p class=\"sc-38074708-1 keoBMh\" data-testid=\"paragraph\">Tous les Tonies contiennent des aimants. Veuillez donc les maintenir \u00e0 distance de dispositifs m\u00e9dicaux tels que les d\u00e9fibrillateurs, les shunts ou les stimulateurs cardiaques ainsi que des appareils sensibles aux champs magn\u00e9tiques tels que les supports de donn\u00e9es magn\u00e9tiques, les cartes de cr\u00e9dit ou les ordinateurs.<\/p>\n<\/div>\n<\/div>\n<\/div>\n<\/div>\n<\/div>\n","protected":false},"excerpt":{"rendered":"<p>(Re)d\u00e9couvrez le personnage de Simon Superlapin, le h\u00e9ros du c\u00e9l\u00e8bre Caca boudin !, dans plusieurs \u00e9pisodes audio adapt\u00e9s de la s\u00e9rie TV d&rsquo;apr\u00e8s les albums de Stephanie Blake publi\u00e9s \u00e0 L\u2019\u00e9cole des loisirs. Entour\u00e9 de sa famille et de ses amis, Simon grandit et fait l&rsquo;apprentissage de la vie. Ne convient pas aux enfants de [&hellip;]<\/p>\n","protected":false},"featured_media":14032,"comment_status":"closed","ping_status":"closed","template":"","meta":{"_et_pb_use_builder":"","_et_pb_old_content":"","_et_gb_content_width":""},"product_brand":[],"product_cat":[159],"product_tag":[],"class_list":{"0":"post-14031","1":"product","2":"type-product","3":"status-publish","4":"has-post-thumbnail","6":"product_cat-jeux","8":"first","9":"instock","10":"shipping-taxable","11":"product-type-simple"},"acf":[],"yoast_head":"<!-- This site is optimized with the Yoast SEO plugin v26.4 - https:\/\/yoast.com\/wordpress\/plugins\/seo\/ -->\n<title>Figurine Tonies Simon Superlapin - Simon<\/title>\n<meta name=\"description\" content=\"D\u00e9couvrez le Tonies du personnage de Simon Superlapin, le h\u00e9ros du c\u00e9l\u00e8bre album &quot;Caca boudin&quot;, dans plusieurs \u00e9pisodes audio adapt\u00e9s de la s\u00e9rie TV\" \/>\n<meta name=\"robots\" content=\"index, follow, max-snippet:-1, max-image-preview:large, max-video-preview:-1\" \/>\n<link rel=\"canonical\" href=\"https:\/\/simon-tv.com\/fr\/produit\/figurine-tonies-simon-superlapin-pour-toniebox\/\" \/>\n<meta property=\"og:locale\" content=\"fr_FR\" \/>\n<meta property=\"og:type\" content=\"article\" \/>\n<meta property=\"og:title\" content=\"Figurine Tonies Simon Superlapin - Simon\" \/>\n<meta property=\"og:description\" content=\"D\u00e9couvrez le Tonies du personnage de Simon Superlapin, le h\u00e9ros du c\u00e9l\u00e8bre album &quot;Caca boudin&quot;, dans plusieurs \u00e9pisodes audio adapt\u00e9s de la s\u00e9rie TV\" \/>\n<meta property=\"og:url\" content=\"https:\/\/simon-tv.com\/fr\/produit\/figurine-tonies-simon-superlapin-pour-toniebox\/\" \/>\n<meta property=\"og:site_name\" content=\"Simon\" \/>\n<meta property=\"article:modified_time\" content=\"2025-12-09T10:45:21+00:00\" \/>\n<meta property=\"og:image\" content=\"https:\/\/simon-tv.com\/wp-content\/uploads\/2025\/12\/Tonies_Simon.jpg\" \/>\n\t<meta property=\"og:image:width\" content=\"668\" \/>\n\t<meta property=\"og:image:height\" content=\"501\" \/>\n\t<meta property=\"og:image:type\" content=\"image\/jpeg\" \/>\n<meta name=\"twitter:card\" content=\"summary_large_image\" \/>\n<meta name=\"twitter:label1\" content=\"Dur\u00e9e de lecture estim\u00e9e\" \/>\n\t<meta name=\"twitter:data1\" content=\"1 minute\" \/>\n<script type=\"application\/ld+json\" class=\"yoast-schema-graph\">{\"@context\":\"https:\/\/schema.org\",\"@graph\":[{\"@type\":\"WebPage\",\"@id\":\"https:\/\/simon-tv.com\/fr\/produit\/figurine-tonies-simon-superlapin-pour-toniebox\/\",\"url\":\"https:\/\/simon-tv.com\/fr\/produit\/figurine-tonies-simon-superlapin-pour-toniebox\/\",\"name\":\"Figurine Tonies Simon Superlapin - Simon\",\"isPartOf\":{\"@id\":\"https:\/\/simon-tv.com\/fr\/#website\"},\"primaryImageOfPage\":{\"@id\":\"https:\/\/simon-tv.com\/fr\/produit\/figurine-tonies-simon-superlapin-pour-toniebox\/#primaryimage\"},\"image\":{\"@id\":\"https:\/\/simon-tv.com\/fr\/produit\/figurine-tonies-simon-superlapin-pour-toniebox\/#primaryimage\"},\"thumbnailUrl\":\"https:\/\/simon-tv.com\/wp-content\/uploads\/2025\/12\/Tonies_Simon.jpg\",\"datePublished\":\"2025-12-09T10:28:17+00:00\",\"dateModified\":\"2025-12-09T10:45:21+00:00\",\"description\":\"D\u00e9couvrez le Tonies du personnage de Simon Superlapin, le h\u00e9ros du c\u00e9l\u00e8bre album \\\"Caca boudin\\\", dans plusieurs \u00e9pisodes audio adapt\u00e9s de la s\u00e9rie TV\",\"breadcrumb\":{\"@id\":\"https:\/\/simon-tv.com\/fr\/produit\/figurine-tonies-simon-superlapin-pour-toniebox\/#breadcrumb\"},\"inLanguage\":\"fr-FR\",\"potentialAction\":[{\"@type\":\"ReadAction\",\"target\":[\"https:\/\/simon-tv.com\/fr\/produit\/figurine-tonies-simon-superlapin-pour-toniebox\/\"]}]},{\"@type\":\"ImageObject\",\"inLanguage\":\"fr-FR\",\"@id\":\"https:\/\/simon-tv.com\/fr\/produit\/figurine-tonies-simon-superlapin-pour-toniebox\/#primaryimage\",\"url\":\"https:\/\/simon-tv.com\/wp-content\/uploads\/2025\/12\/Tonies_Simon.jpg\",\"contentUrl\":\"https:\/\/simon-tv.com\/wp-content\/uploads\/2025\/12\/Tonies_Simon.jpg\",\"width\":668,\"height\":501,\"caption\":\"Tonies Simon Sperlapin\"},{\"@type\":\"BreadcrumbList\",\"@id\":\"https:\/\/simon-tv.com\/fr\/produit\/figurine-tonies-simon-superlapin-pour-toniebox\/#breadcrumb\",\"itemListElement\":[{\"@type\":\"ListItem\",\"position\":1,\"name\":\"Home\",\"item\":\"https:\/\/simon-tv.com\/fr\/\"},{\"@type\":\"ListItem\",\"position\":2,\"name\":\"Shop Officiel Simon Super Lapin &#8211; O\u00f9 acheter\",\"item\":\"https:\/\/simon-tv.com\/fr\/shop-simon-super-lapin-ou-acheter\/\"},{\"@type\":\"ListItem\",\"position\":3,\"name\":\"Figurine Tonies Simon Superlapin\"}]},{\"@type\":\"WebSite\",\"@id\":\"https:\/\/simon-tv.com\/fr\/#website\",\"url\":\"https:\/\/simon-tv.com\/fr\/\",\"name\":\"Simon\",\"description\":\"The cutest little rabbit\",\"potentialAction\":[{\"@type\":\"SearchAction\",\"target\":{\"@type\":\"EntryPoint\",\"urlTemplate\":\"https:\/\/simon-tv.com\/fr\/?s={search_term_string}\"},\"query-input\":{\"@type\":\"PropertyValueSpecification\",\"valueRequired\":true,\"valueName\":\"search_term_string\"}}],\"inLanguage\":\"fr-FR\"}]}<\/script>\n<!-- \/ Yoast SEO plugin. -->","yoast_head_json":{"title":"Figurine Tonies Simon Superlapin - Simon","description":"D\u00e9couvrez le Tonies du personnage de Simon Superlapin, le h\u00e9ros du c\u00e9l\u00e8bre album \"Caca boudin\", dans plusieurs \u00e9pisodes audio adapt\u00e9s de la s\u00e9rie TV","robots":{"index":"index","follow":"follow","max-snippet":"max-snippet:-1","max-image-preview":"max-image-preview:large","max-video-preview":"max-video-preview:-1"},"canonical":"https:\/\/simon-tv.com\/fr\/produit\/figurine-tonies-simon-superlapin-pour-toniebox\/","og_locale":"fr_FR","og_type":"article","og_title":"Figurine Tonies Simon Superlapin - Simon","og_description":"D\u00e9couvrez le Tonies du personnage de Simon Superlapin, le h\u00e9ros du c\u00e9l\u00e8bre album \"Caca boudin\", dans plusieurs \u00e9pisodes audio adapt\u00e9s de la s\u00e9rie TV","og_url":"https:\/\/simon-tv.com\/fr\/produit\/figurine-tonies-simon-superlapin-pour-toniebox\/","og_site_name":"Simon","article_modified_time":"2025-12-09T10:45:21+00:00","og_image":[{"width":668,"height":501,"url":"https:\/\/simon-tv.com\/wp-content\/uploads\/2025\/12\/Tonies_Simon.jpg","type":"image\/jpeg"}],"twitter_card":"summary_large_image","twitter_misc":{"Dur\u00e9e de lecture estim\u00e9e":"1 minute"},"schema":{"@context":"https:\/\/schema.org","@graph":[{"@type":"WebPage","@id":"https:\/\/simon-tv.com\/fr\/produit\/figurine-tonies-simon-superlapin-pour-toniebox\/","url":"https:\/\/simon-tv.com\/fr\/produit\/figurine-tonies-simon-superlapin-pour-toniebox\/","name":"Figurine Tonies Simon Superlapin - Simon","isPartOf":{"@id":"https:\/\/simon-tv.com\/fr\/#website"},"primaryImageOfPage":{"@id":"https:\/\/simon-tv.com\/fr\/produit\/figurine-tonies-simon-superlapin-pour-toniebox\/#primaryimage"},"image":{"@id":"https:\/\/simon-tv.com\/fr\/produit\/figurine-tonies-simon-superlapin-pour-toniebox\/#primaryimage"},"thumbnailUrl":"https:\/\/simon-tv.com\/wp-content\/uploads\/2025\/12\/Tonies_Simon.jpg","datePublished":"2025-12-09T10:28:17+00:00","dateModified":"2025-12-09T10:45:21+00:00","description":"D\u00e9couvrez le Tonies du personnage de Simon Superlapin, le h\u00e9ros du c\u00e9l\u00e8bre album \"Caca boudin\", dans plusieurs \u00e9pisodes audio adapt\u00e9s de la s\u00e9rie TV","breadcrumb":{"@id":"https:\/\/simon-tv.com\/fr\/produit\/figurine-tonies-simon-superlapin-pour-toniebox\/#breadcrumb"},"inLanguage":"fr-FR","potentialAction":[{"@type":"ReadAction","target":["https:\/\/simon-tv.com\/fr\/produit\/figurine-tonies-simon-superlapin-pour-toniebox\/"]}]},{"@type":"ImageObject","inLanguage":"fr-FR","@id":"https:\/\/simon-tv.com\/fr\/produit\/figurine-tonies-simon-superlapin-pour-toniebox\/#primaryimage","url":"https:\/\/simon-tv.com\/wp-content\/uploads\/2025\/12\/Tonies_Simon.jpg","contentUrl":"https:\/\/simon-tv.com\/wp-content\/uploads\/2025\/12\/Tonies_Simon.jpg","width":668,"height":501,"caption":"Tonies Simon Sperlapin"},{"@type":"BreadcrumbList","@id":"https:\/\/simon-tv.com\/fr\/produit\/figurine-tonies-simon-superlapin-pour-toniebox\/#breadcrumb","itemListElement":[{"@type":"ListItem","position":1,"name":"Home","item":"https:\/\/simon-tv.com\/fr\/"},{"@type":"ListItem","position":2,"name":"Shop Officiel Simon Super Lapin &#8211; O\u00f9 acheter","item":"https:\/\/simon-tv.com\/fr\/shop-simon-super-lapin-ou-acheter\/"},{"@type":"ListItem","position":3,"name":"Figurine Tonies Simon Superlapin"}]},{"@type":"WebSite","@id":"https:\/\/simon-tv.com\/fr\/#website","url":"https:\/\/simon-tv.com\/fr\/","name":"Simon","description":"The cutest little rabbit","potentialAction":[{"@type":"SearchAction","target":{"@type":"EntryPoint","urlTemplate":"https:\/\/simon-tv.com\/fr\/?s={search_term_string}"},"query-input":{"@type":"PropertyValueSpecification","valueRequired":true,"valueName":"search_term_string"}}],"inLanguage":"fr-FR"}]}},"_links":{"self":[{"href":"https:\/\/simon-tv.com\/fr\/wp-json\/wp\/v2\/product\/14031","targetHints":{"allow":["GET"]}}],"collection":[{"href":"https:\/\/simon-tv.com\/fr\/wp-json\/wp\/v2\/product"}],"about":[{"href":"https:\/\/simon-tv.com\/fr\/wp-json\/wp\/v2\/types\/product"}],"replies":[{"embeddable":true,"href":"https:\/\/simon-tv.com\/fr\/wp-json\/wp\/v2\/comments?post=14031"}],"wp:featuredmedia":[{"embeddable":true,"href":"https:\/\/simon-tv.com\/fr\/wp-json\/wp\/v2\/media\/14032"}],"wp:attachment":[{"href":"https:\/\/simon-tv.com\/fr\/wp-json\/wp\/v2\/media?parent=14031"}],"wp:term":[{"taxonomy":"product_brand","embeddable":true,"href":"https:\/\/simon-tv.com\/fr\/wp-json\/wp\/v2\/product_brand?post=14031"},{"taxonomy":"product_cat","embeddable":true,"href":"https:\/\/simon-tv.com\/fr\/wp-json\/wp\/v2\/product_cat?post=14031"},{"taxonomy":"product_tag","embeddable":true,"href":"https:\/\/simon-tv.com\/fr\/wp-json\/wp\/v2\/product_tag?post=14031"}],"curies":[{"name":"wp","href":"https:\/\/api.w.org\/{rel}","templated":true}]}}