{"id":14037,"date":"2025-12-09T11:31:50","date_gmt":"2025-12-09T10:31:50","guid":{"rendered":"https:\/\/simon-tv.com\/?post_type=product&#038;p=14037"},"modified":"2025-12-09T11:44:33","modified_gmt":"2025-12-09T10:44:33","slug":"figurine-tonies-gaspard-capitaine-lapin-pour-toniebox","status":"publish","type":"product","link":"https:\/\/simon-tv.com\/fr\/produit\/figurine-tonies-gaspard-capitaine-lapin-pour-toniebox\/","title":{"rendered":"Figurine Tonies Gaspard Capitaine Lapin"},"content":{"rendered":"<div class=\"sc-44364599-0 dpbvID\">\n<div class=\"sc-d2ddc626-0 dqHVzV\">\n<div class=\"sc-e83ad680-0 UKWIm\">\n<div class=\"sc-e83ad680-2 hOkUe\">\n<p class=\"sc-38074708-1 dxgFoa sc-2eb7b061-1 lclyhK\" data-testid=\"paragraph\">\u201cSuper, m\u00e9ga, ultratop transformation !!\u201d<br \/>\nGaspard, son c\u00e9l\u00e8bre grand fr\u00e8re Simon, et leurs amis, Lou et Ferdinand sont des petits lapins qui d\u00e9bordent d\u2019imagination. D\u00e8s qu\u2019une difficult\u00e9 du quotidien survient, un coup de montre magique, et hop ! Les voil\u00e0 transform\u00e9s en super h\u00e9ros dans un monde imaginaire o\u00f9 les \u00e9preuves ne manquent pas !\u00a0<br \/>\nSurmonter sa peur du dentiste, sauver un poisson et montrer sa gentillesse, r\u00e9gler un conflit, chaque situation est une occasion pour les petits h\u00e9ros d\u2019appr\u00e9hender le monde et ses d\u00e9fis. Gr\u00e2ce \u00e0 l\u2019imagination, Gaspard et ses amis apprennent et grandissent en m\u00eame temps que l\u2019enfant.<br \/>\nD\u00e9couvrez 9 nouvelles aventures audio aussi touchantes qu&rsquo;amusantes, et plongez, aux c\u00f4t\u00e9 de vos 4 super lapins favoris, au c\u0153ur de ce deuxi\u00e8me Tonie Simon Superlapin !<\/p>\n<p class=\"sc-38074708-1 bRdpsv\" data-testid=\"paragraph\">Attention !<\/p>\n<div class=\"sc-d2ddc626-0 dsigds\">\n<p class=\"sc-38074708-1 keoBMh\" data-testid=\"paragraph\">Ne convient pas aux enfants de moins de 36 mois. Pi\u00e8ces de petite taille. Risque d&rsquo;\u00e9touffement.<\/p>\n<\/div>\n<div class=\"sc-d2ddc626-0 dsigds\">\n<p class=\"sc-38074708-1 keoBMh\" data-testid=\"paragraph\">Tous les Tonies contiennent des aimants. Veuillez donc les maintenir \u00e0 distance de dispositifs m\u00e9dicaux tels que les d\u00e9fibrillateurs, les shunts ou les stimulateurs cardiaques ainsi que des appareils sensibles aux champs magn\u00e9tiques tels que les supports de donn\u00e9es magn\u00e9tiques, les cartes de cr\u00e9dit ou les ordinateurs.<\/p>\n<\/div>\n<\/div>\n<\/div>\n<\/div>\n<\/div>\n","protected":false},"excerpt":{"rendered":"<p>\u201cSuper, m\u00e9ga, ultratop transformation !!\u201d Gaspard, son c\u00e9l\u00e8bre grand fr\u00e8re Simon, et leurs amis, Lou et Ferdinand sont des petits lapins qui d\u00e9bordent d\u2019imagination. D\u00e8s qu\u2019une difficult\u00e9 du quotidien survient, un coup de montre magique, et hop ! Les voil\u00e0 transform\u00e9s en super h\u00e9ros dans un monde imaginaire o\u00f9 les \u00e9preuves ne manquent pas !\u00a0 [&hellip;]<\/p>\n","protected":false},"featured_media":14038,"comment_status":"closed","ping_status":"closed","template":"","meta":{"_et_pb_use_builder":"","_et_pb_old_content":"","_et_gb_content_width":""},"product_brand":[],"product_cat":[159],"product_tag":[],"class_list":{"0":"post-14037","1":"product","2":"type-product","3":"status-publish","4":"has-post-thumbnail","6":"product_cat-jeux","8":"first","9":"instock","10":"shipping-taxable","11":"product-type-simple"},"acf":[],"yoast_head":"<!-- This site is optimized with the Yoast SEO plugin v26.4 - https:\/\/yoast.com\/wordpress\/plugins\/seo\/ -->\n<title>Figurine Tonies Gaspard Capitaine Lapin - Simon<\/title>\n<meta name=\"description\" content=\"D\u00e9couvrez le Tonies du personnage de Gaspard Capitaine Lapin, le petit fr\u00e8re de Simon Superlapin dans plusieurs \u00e9pisodes audio adapt\u00e9s de la s\u00e9rie TV.\" \/>\n<meta name=\"robots\" content=\"index, follow, max-snippet:-1, max-image-preview:large, max-video-preview:-1\" \/>\n<link rel=\"canonical\" href=\"https:\/\/simon-tv.com\/fr\/produit\/figurine-tonies-gaspard-capitaine-lapin-pour-toniebox\/\" \/>\n<meta property=\"og:locale\" content=\"fr_FR\" \/>\n<meta property=\"og:type\" content=\"article\" \/>\n<meta property=\"og:title\" content=\"Figurine Tonies Gaspard Capitaine Lapin - Simon\" \/>\n<meta property=\"og:description\" content=\"D\u00e9couvrez le Tonies du personnage de Gaspard Capitaine Lapin, le petit fr\u00e8re de Simon Superlapin dans plusieurs \u00e9pisodes audio adapt\u00e9s de la s\u00e9rie TV.\" \/>\n<meta property=\"og:url\" content=\"https:\/\/simon-tv.com\/fr\/produit\/figurine-tonies-gaspard-capitaine-lapin-pour-toniebox\/\" \/>\n<meta property=\"og:site_name\" content=\"Simon\" \/>\n<meta property=\"article:modified_time\" content=\"2025-12-09T10:44:33+00:00\" \/>\n<meta property=\"og:image\" content=\"https:\/\/simon-tv.com\/wp-content\/uploads\/2025\/12\/Tonies_CapitaineLapin.jpg\" \/>\n\t<meta property=\"og:image:width\" content=\"668\" \/>\n\t<meta property=\"og:image:height\" content=\"501\" \/>\n\t<meta property=\"og:image:type\" content=\"image\/jpeg\" \/>\n<meta name=\"twitter:card\" content=\"summary_large_image\" \/>\n<meta name=\"twitter:label1\" content=\"Dur\u00e9e de lecture estim\u00e9e\" \/>\n\t<meta name=\"twitter:data1\" content=\"2 minutes\" \/>\n<script type=\"application\/ld+json\" class=\"yoast-schema-graph\">{\"@context\":\"https:\/\/schema.org\",\"@graph\":[{\"@type\":\"WebPage\",\"@id\":\"https:\/\/simon-tv.com\/fr\/produit\/figurine-tonies-gaspard-capitaine-lapin-pour-toniebox\/\",\"url\":\"https:\/\/simon-tv.com\/fr\/produit\/figurine-tonies-gaspard-capitaine-lapin-pour-toniebox\/\",\"name\":\"Figurine Tonies Gaspard Capitaine Lapin - Simon\",\"isPartOf\":{\"@id\":\"https:\/\/simon-tv.com\/fr\/#website\"},\"primaryImageOfPage\":{\"@id\":\"https:\/\/simon-tv.com\/fr\/produit\/figurine-tonies-gaspard-capitaine-lapin-pour-toniebox\/#primaryimage\"},\"image\":{\"@id\":\"https:\/\/simon-tv.com\/fr\/produit\/figurine-tonies-gaspard-capitaine-lapin-pour-toniebox\/#primaryimage\"},\"thumbnailUrl\":\"https:\/\/simon-tv.com\/wp-content\/uploads\/2025\/12\/Tonies_CapitaineLapin.jpg\",\"datePublished\":\"2025-12-09T10:31:50+00:00\",\"dateModified\":\"2025-12-09T10:44:33+00:00\",\"description\":\"D\u00e9couvrez le Tonies du personnage de Gaspard Capitaine Lapin, le petit fr\u00e8re de Simon Superlapin dans plusieurs \u00e9pisodes audio adapt\u00e9s de la s\u00e9rie TV.\",\"breadcrumb\":{\"@id\":\"https:\/\/simon-tv.com\/fr\/produit\/figurine-tonies-gaspard-capitaine-lapin-pour-toniebox\/#breadcrumb\"},\"inLanguage\":\"fr-FR\",\"potentialAction\":[{\"@type\":\"ReadAction\",\"target\":[\"https:\/\/simon-tv.com\/fr\/produit\/figurine-tonies-gaspard-capitaine-lapin-pour-toniebox\/\"]}]},{\"@type\":\"ImageObject\",\"inLanguage\":\"fr-FR\",\"@id\":\"https:\/\/simon-tv.com\/fr\/produit\/figurine-tonies-gaspard-capitaine-lapin-pour-toniebox\/#primaryimage\",\"url\":\"https:\/\/simon-tv.com\/wp-content\/uploads\/2025\/12\/Tonies_CapitaineLapin.jpg\",\"contentUrl\":\"https:\/\/simon-tv.com\/wp-content\/uploads\/2025\/12\/Tonies_CapitaineLapin.jpg\",\"width\":668,\"height\":501,\"caption\":\"Figurine Tonies Gaspard Capitaine Lapin\"},{\"@type\":\"BreadcrumbList\",\"@id\":\"https:\/\/simon-tv.com\/fr\/produit\/figurine-tonies-gaspard-capitaine-lapin-pour-toniebox\/#breadcrumb\",\"itemListElement\":[{\"@type\":\"ListItem\",\"position\":1,\"name\":\"Home\",\"item\":\"https:\/\/simon-tv.com\/fr\/\"},{\"@type\":\"ListItem\",\"position\":2,\"name\":\"Shop Officiel Simon Super Lapin &#8211; O\u00f9 acheter\",\"item\":\"https:\/\/simon-tv.com\/fr\/shop-simon-super-lapin-ou-acheter\/\"},{\"@type\":\"ListItem\",\"position\":3,\"name\":\"Figurine Tonies Gaspard Capitaine Lapin\"}]},{\"@type\":\"WebSite\",\"@id\":\"https:\/\/simon-tv.com\/fr\/#website\",\"url\":\"https:\/\/simon-tv.com\/fr\/\",\"name\":\"Simon\",\"description\":\"The cutest little rabbit\",\"potentialAction\":[{\"@type\":\"SearchAction\",\"target\":{\"@type\":\"EntryPoint\",\"urlTemplate\":\"https:\/\/simon-tv.com\/fr\/?s={search_term_string}\"},\"query-input\":{\"@type\":\"PropertyValueSpecification\",\"valueRequired\":true,\"valueName\":\"search_term_string\"}}],\"inLanguage\":\"fr-FR\"}]}<\/script>\n<!-- \/ Yoast SEO plugin. -->","yoast_head_json":{"title":"Figurine Tonies Gaspard Capitaine Lapin - Simon","description":"D\u00e9couvrez le Tonies du personnage de Gaspard Capitaine Lapin, le petit fr\u00e8re de Simon Superlapin dans plusieurs \u00e9pisodes audio adapt\u00e9s de la s\u00e9rie TV.","robots":{"index":"index","follow":"follow","max-snippet":"max-snippet:-1","max-image-preview":"max-image-preview:large","max-video-preview":"max-video-preview:-1"},"canonical":"https:\/\/simon-tv.com\/fr\/produit\/figurine-tonies-gaspard-capitaine-lapin-pour-toniebox\/","og_locale":"fr_FR","og_type":"article","og_title":"Figurine Tonies Gaspard Capitaine Lapin - Simon","og_description":"D\u00e9couvrez le Tonies du personnage de Gaspard Capitaine Lapin, le petit fr\u00e8re de Simon Superlapin dans plusieurs \u00e9pisodes audio adapt\u00e9s de la s\u00e9rie TV.","og_url":"https:\/\/simon-tv.com\/fr\/produit\/figurine-tonies-gaspard-capitaine-lapin-pour-toniebox\/","og_site_name":"Simon","article_modified_time":"2025-12-09T10:44:33+00:00","og_image":[{"width":668,"height":501,"url":"https:\/\/simon-tv.com\/wp-content\/uploads\/2025\/12\/Tonies_CapitaineLapin.jpg","type":"image\/jpeg"}],"twitter_card":"summary_large_image","twitter_misc":{"Dur\u00e9e de lecture estim\u00e9e":"2 minutes"},"schema":{"@context":"https:\/\/schema.org","@graph":[{"@type":"WebPage","@id":"https:\/\/simon-tv.com\/fr\/produit\/figurine-tonies-gaspard-capitaine-lapin-pour-toniebox\/","url":"https:\/\/simon-tv.com\/fr\/produit\/figurine-tonies-gaspard-capitaine-lapin-pour-toniebox\/","name":"Figurine Tonies Gaspard Capitaine Lapin - Simon","isPartOf":{"@id":"https:\/\/simon-tv.com\/fr\/#website"},"primaryImageOfPage":{"@id":"https:\/\/simon-tv.com\/fr\/produit\/figurine-tonies-gaspard-capitaine-lapin-pour-toniebox\/#primaryimage"},"image":{"@id":"https:\/\/simon-tv.com\/fr\/produit\/figurine-tonies-gaspard-capitaine-lapin-pour-toniebox\/#primaryimage"},"thumbnailUrl":"https:\/\/simon-tv.com\/wp-content\/uploads\/2025\/12\/Tonies_CapitaineLapin.jpg","datePublished":"2025-12-09T10:31:50+00:00","dateModified":"2025-12-09T10:44:33+00:00","description":"D\u00e9couvrez le Tonies du personnage de Gaspard Capitaine Lapin, le petit fr\u00e8re de Simon Superlapin dans plusieurs \u00e9pisodes audio adapt\u00e9s de la s\u00e9rie TV.","breadcrumb":{"@id":"https:\/\/simon-tv.com\/fr\/produit\/figurine-tonies-gaspard-capitaine-lapin-pour-toniebox\/#breadcrumb"},"inLanguage":"fr-FR","potentialAction":[{"@type":"ReadAction","target":["https:\/\/simon-tv.com\/fr\/produit\/figurine-tonies-gaspard-capitaine-lapin-pour-toniebox\/"]}]},{"@type":"ImageObject","inLanguage":"fr-FR","@id":"https:\/\/simon-tv.com\/fr\/produit\/figurine-tonies-gaspard-capitaine-lapin-pour-toniebox\/#primaryimage","url":"https:\/\/simon-tv.com\/wp-content\/uploads\/2025\/12\/Tonies_CapitaineLapin.jpg","contentUrl":"https:\/\/simon-tv.com\/wp-content\/uploads\/2025\/12\/Tonies_CapitaineLapin.jpg","width":668,"height":501,"caption":"Figurine Tonies Gaspard Capitaine Lapin"},{"@type":"BreadcrumbList","@id":"https:\/\/simon-tv.com\/fr\/produit\/figurine-tonies-gaspard-capitaine-lapin-pour-toniebox\/#breadcrumb","itemListElement":[{"@type":"ListItem","position":1,"name":"Home","item":"https:\/\/simon-tv.com\/fr\/"},{"@type":"ListItem","position":2,"name":"Shop Officiel Simon Super Lapin &#8211; O\u00f9 acheter","item":"https:\/\/simon-tv.com\/fr\/shop-simon-super-lapin-ou-acheter\/"},{"@type":"ListItem","position":3,"name":"Figurine Tonies Gaspard Capitaine Lapin"}]},{"@type":"WebSite","@id":"https:\/\/simon-tv.com\/fr\/#website","url":"https:\/\/simon-tv.com\/fr\/","name":"Simon","description":"The cutest little rabbit","potentialAction":[{"@type":"SearchAction","target":{"@type":"EntryPoint","urlTemplate":"https:\/\/simon-tv.com\/fr\/?s={search_term_string}"},"query-input":{"@type":"PropertyValueSpecification","valueRequired":true,"valueName":"search_term_string"}}],"inLanguage":"fr-FR"}]}},"_links":{"self":[{"href":"https:\/\/simon-tv.com\/fr\/wp-json\/wp\/v2\/product\/14037","targetHints":{"allow":["GET"]}}],"collection":[{"href":"https:\/\/simon-tv.com\/fr\/wp-json\/wp\/v2\/product"}],"about":[{"href":"https:\/\/simon-tv.com\/fr\/wp-json\/wp\/v2\/types\/product"}],"replies":[{"embeddable":true,"href":"https:\/\/simon-tv.com\/fr\/wp-json\/wp\/v2\/comments?post=14037"}],"wp:featuredmedia":[{"embeddable":true,"href":"https:\/\/simon-tv.com\/fr\/wp-json\/wp\/v2\/media\/14038"}],"wp:attachment":[{"href":"https:\/\/simon-tv.com\/fr\/wp-json\/wp\/v2\/media?parent=14037"}],"wp:term":[{"taxonomy":"product_brand","embeddable":true,"href":"https:\/\/simon-tv.com\/fr\/wp-json\/wp\/v2\/product_brand?post=14037"},{"taxonomy":"product_cat","embeddable":true,"href":"https:\/\/simon-tv.com\/fr\/wp-json\/wp\/v2\/product_cat?post=14037"},{"taxonomy":"product_tag","embeddable":true,"href":"https:\/\/simon-tv.com\/fr\/wp-json\/wp\/v2\/product_tag?post=14037"}],"curies":[{"name":"wp","href":"https:\/\/api.w.org\/{rel}","templated":true}]}}