{"id":11275,"date":"2023-07-12T20:27:40","date_gmt":"2023-07-12T18:27:40","guid":{"rendered":"https:\/\/simon-tv.com\/acheter\/peluche-musicale-simon-30-cm\/"},"modified":"2023-07-14T18:17:28","modified_gmt":"2023-07-14T16:17:28","slug":"peluche-musicale-simon-30-cm","status":"publish","type":"product","link":"https:\/\/simon-tv.com\/it\/shop\/peluche-musicale-simon-30-cm\/","title":{"rendered":"Peluche musicale Simon 30 cm"},"content":{"rendered":"<p>Voici la peluche musicale de Simon qui fera sourire votre enfant ! Cette peluche de 30 cm de haut est parfaite pour les enfants de 12 mois et plus. Lorsque vous appuyez sur son ventre, il chante la chanson du g\u00e9n\u00e9rique de la s\u00e9rie \u00ab \u00c7a \u00e7a c\u2019est Simon \u00bb &#8211; garanti pour faire rire votre tout-petit ! Alors pourquoi ne pas offrir \u00e0 votre enfant le super doudou musical Simon ?<\/p>\n","protected":false},"excerpt":{"rendered":"<p>Jemini<\/p>\n","protected":false},"featured_media":10823,"comment_status":"closed","ping_status":"closed","template":"","meta":{"_et_pb_use_builder":"","_et_pb_old_content":"","_et_gb_content_width":""},"product_brand":[],"product_cat":[154],"product_tag":[181],"class_list":{"0":"post-11275","1":"product","2":"type-product","3":"status-publish","4":"has-post-thumbnail","6":"product_cat-peluche-e-giocattoli","7":"product_tag-france-it","9":"first","10":"instock","11":"shipping-taxable","12":"product-type-simple"},"acf":[],"yoast_head":"<!-- This site is optimized with the Yoast SEO plugin v26.4 - https:\/\/yoast.com\/wordpress\/plugins\/seo\/ -->\n<title>Peluche musicale Simon 30 cm - Simon<\/title>\n<meta name=\"robots\" content=\"index, follow, max-snippet:-1, max-image-preview:large, max-video-preview:-1\" \/>\n<link rel=\"canonical\" href=\"https:\/\/simon-tv.com\/it\/shop\/peluche-musicale-simon-30-cm\/\" \/>\n<meta property=\"og:locale\" content=\"it_IT\" \/>\n<meta property=\"og:type\" content=\"article\" \/>\n<meta property=\"og:title\" content=\"Peluche musicale Simon 30 cm - Simon\" \/>\n<meta property=\"og:description\" content=\"Jemini\" \/>\n<meta property=\"og:url\" content=\"https:\/\/simon-tv.com\/it\/shop\/peluche-musicale-simon-30-cm\/\" \/>\n<meta property=\"og:site_name\" content=\"Simon\" \/>\n<meta property=\"article:modified_time\" content=\"2023-07-14T16:17:28+00:00\" \/>\n<meta property=\"og:image\" content=\"https:\/\/simon-tv.com\/wp-content\/uploads\/2023\/07\/Simon_produits_Cijep_Peluche_Musicale_lapin01.png\" \/>\n\t<meta property=\"og:image:width\" content=\"1080\" \/>\n\t<meta property=\"og:image:height\" content=\"1080\" \/>\n\t<meta property=\"og:image:type\" content=\"image\/png\" \/>\n<meta name=\"twitter:card\" content=\"summary_large_image\" \/>\n<script type=\"application\/ld+json\" class=\"yoast-schema-graph\">{\"@context\":\"https:\/\/schema.org\",\"@graph\":[{\"@type\":\"WebPage\",\"@id\":\"https:\/\/simon-tv.com\/it\/shop\/peluche-musicale-simon-30-cm\/\",\"url\":\"https:\/\/simon-tv.com\/it\/shop\/peluche-musicale-simon-30-cm\/\",\"name\":\"Peluche musicale Simon 30 cm - Simon\",\"isPartOf\":{\"@id\":\"https:\/\/simon-tv.com\/it\/#website\"},\"primaryImageOfPage\":{\"@id\":\"https:\/\/simon-tv.com\/it\/shop\/peluche-musicale-simon-30-cm\/#primaryimage\"},\"image\":{\"@id\":\"https:\/\/simon-tv.com\/it\/shop\/peluche-musicale-simon-30-cm\/#primaryimage\"},\"thumbnailUrl\":\"https:\/\/simon-tv.com\/wp-content\/uploads\/2023\/07\/Simon_produits_Cijep_Peluche_Musicale_lapin01.png\",\"datePublished\":\"2023-07-12T18:27:40+00:00\",\"dateModified\":\"2023-07-14T16:17:28+00:00\",\"breadcrumb\":{\"@id\":\"https:\/\/simon-tv.com\/it\/shop\/peluche-musicale-simon-30-cm\/#breadcrumb\"},\"inLanguage\":\"it-IT\",\"potentialAction\":[{\"@type\":\"ReadAction\",\"target\":[\"https:\/\/simon-tv.com\/it\/shop\/peluche-musicale-simon-30-cm\/\"]}]},{\"@type\":\"ImageObject\",\"inLanguage\":\"it-IT\",\"@id\":\"https:\/\/simon-tv.com\/it\/shop\/peluche-musicale-simon-30-cm\/#primaryimage\",\"url\":\"https:\/\/simon-tv.com\/wp-content\/uploads\/2023\/07\/Simon_produits_Cijep_Peluche_Musicale_lapin01.png\",\"contentUrl\":\"https:\/\/simon-tv.com\/wp-content\/uploads\/2023\/07\/Simon_produits_Cijep_Peluche_Musicale_lapin01.png\",\"width\":1080,\"height\":1080},{\"@type\":\"BreadcrumbList\",\"@id\":\"https:\/\/simon-tv.com\/it\/shop\/peluche-musicale-simon-30-cm\/#breadcrumb\",\"itemListElement\":[{\"@type\":\"ListItem\",\"position\":1,\"name\":\"Home\",\"item\":\"https:\/\/simon-tv.com\/it\/\"},{\"@type\":\"ListItem\",\"position\":2,\"name\":\"Shop Officiel Simon Super Lapin &#8211; O\u00f9 acheter\",\"item\":\"https:\/\/simon-tv.com\/fr\/shop-simon-super-lapin-ou-acheter\/\"},{\"@type\":\"ListItem\",\"position\":3,\"name\":\"Peluche musicale Simon 30 cm\"}]},{\"@type\":\"WebSite\",\"@id\":\"https:\/\/simon-tv.com\/it\/#website\",\"url\":\"https:\/\/simon-tv.com\/it\/\",\"name\":\"Simon\",\"description\":\"The cutest little rabbit\",\"potentialAction\":[{\"@type\":\"SearchAction\",\"target\":{\"@type\":\"EntryPoint\",\"urlTemplate\":\"https:\/\/simon-tv.com\/it\/?s={search_term_string}\"},\"query-input\":{\"@type\":\"PropertyValueSpecification\",\"valueRequired\":true,\"valueName\":\"search_term_string\"}}],\"inLanguage\":\"it-IT\"}]}<\/script>\n<!-- \/ Yoast SEO plugin. -->","yoast_head_json":{"title":"Peluche musicale Simon 30 cm - Simon","robots":{"index":"index","follow":"follow","max-snippet":"max-snippet:-1","max-image-preview":"max-image-preview:large","max-video-preview":"max-video-preview:-1"},"canonical":"https:\/\/simon-tv.com\/it\/shop\/peluche-musicale-simon-30-cm\/","og_locale":"it_IT","og_type":"article","og_title":"Peluche musicale Simon 30 cm - Simon","og_description":"Jemini","og_url":"https:\/\/simon-tv.com\/it\/shop\/peluche-musicale-simon-30-cm\/","og_site_name":"Simon","article_modified_time":"2023-07-14T16:17:28+00:00","og_image":[{"width":1080,"height":1080,"url":"https:\/\/simon-tv.com\/wp-content\/uploads\/2023\/07\/Simon_produits_Cijep_Peluche_Musicale_lapin01.png","type":"image\/png"}],"twitter_card":"summary_large_image","schema":{"@context":"https:\/\/schema.org","@graph":[{"@type":"WebPage","@id":"https:\/\/simon-tv.com\/it\/shop\/peluche-musicale-simon-30-cm\/","url":"https:\/\/simon-tv.com\/it\/shop\/peluche-musicale-simon-30-cm\/","name":"Peluche musicale Simon 30 cm - Simon","isPartOf":{"@id":"https:\/\/simon-tv.com\/it\/#website"},"primaryImageOfPage":{"@id":"https:\/\/simon-tv.com\/it\/shop\/peluche-musicale-simon-30-cm\/#primaryimage"},"image":{"@id":"https:\/\/simon-tv.com\/it\/shop\/peluche-musicale-simon-30-cm\/#primaryimage"},"thumbnailUrl":"https:\/\/simon-tv.com\/wp-content\/uploads\/2023\/07\/Simon_produits_Cijep_Peluche_Musicale_lapin01.png","datePublished":"2023-07-12T18:27:40+00:00","dateModified":"2023-07-14T16:17:28+00:00","breadcrumb":{"@id":"https:\/\/simon-tv.com\/it\/shop\/peluche-musicale-simon-30-cm\/#breadcrumb"},"inLanguage":"it-IT","potentialAction":[{"@type":"ReadAction","target":["https:\/\/simon-tv.com\/it\/shop\/peluche-musicale-simon-30-cm\/"]}]},{"@type":"ImageObject","inLanguage":"it-IT","@id":"https:\/\/simon-tv.com\/it\/shop\/peluche-musicale-simon-30-cm\/#primaryimage","url":"https:\/\/simon-tv.com\/wp-content\/uploads\/2023\/07\/Simon_produits_Cijep_Peluche_Musicale_lapin01.png","contentUrl":"https:\/\/simon-tv.com\/wp-content\/uploads\/2023\/07\/Simon_produits_Cijep_Peluche_Musicale_lapin01.png","width":1080,"height":1080},{"@type":"BreadcrumbList","@id":"https:\/\/simon-tv.com\/it\/shop\/peluche-musicale-simon-30-cm\/#breadcrumb","itemListElement":[{"@type":"ListItem","position":1,"name":"Home","item":"https:\/\/simon-tv.com\/it\/"},{"@type":"ListItem","position":2,"name":"Shop Officiel Simon Super Lapin &#8211; O\u00f9 acheter","item":"https:\/\/simon-tv.com\/fr\/shop-simon-super-lapin-ou-acheter\/"},{"@type":"ListItem","position":3,"name":"Peluche musicale Simon 30 cm"}]},{"@type":"WebSite","@id":"https:\/\/simon-tv.com\/it\/#website","url":"https:\/\/simon-tv.com\/it\/","name":"Simon","description":"The cutest little rabbit","potentialAction":[{"@type":"SearchAction","target":{"@type":"EntryPoint","urlTemplate":"https:\/\/simon-tv.com\/it\/?s={search_term_string}"},"query-input":{"@type":"PropertyValueSpecification","valueRequired":true,"valueName":"search_term_string"}}],"inLanguage":"it-IT"}]}},"_links":{"self":[{"href":"https:\/\/simon-tv.com\/it\/wp-json\/wp\/v2\/product\/11275","targetHints":{"allow":["GET"]}}],"collection":[{"href":"https:\/\/simon-tv.com\/it\/wp-json\/wp\/v2\/product"}],"about":[{"href":"https:\/\/simon-tv.com\/it\/wp-json\/wp\/v2\/types\/product"}],"replies":[{"embeddable":true,"href":"https:\/\/simon-tv.com\/it\/wp-json\/wp\/v2\/comments?post=11275"}],"wp:featuredmedia":[{"embeddable":true,"href":"https:\/\/simon-tv.com\/it\/wp-json\/wp\/v2\/media\/10823"}],"wp:attachment":[{"href":"https:\/\/simon-tv.com\/it\/wp-json\/wp\/v2\/media?parent=11275"}],"wp:term":[{"taxonomy":"product_brand","embeddable":true,"href":"https:\/\/simon-tv.com\/it\/wp-json\/wp\/v2\/product_brand?post=11275"},{"taxonomy":"product_cat","embeddable":true,"href":"https:\/\/simon-tv.com\/it\/wp-json\/wp\/v2\/product_cat?post=11275"},{"taxonomy":"product_tag","embeddable":true,"href":"https:\/\/simon-tv.com\/it\/wp-json\/wp\/v2\/product_tag?post=11275"}],"curies":[{"name":"wp","href":"https:\/\/api.w.org\/{rel}","templated":true}]}}