{"id":11479,"date":"2023-07-14T11:15:08","date_gmt":"2023-07-14T09:15:08","guid":{"rendered":"https:\/\/simon-tv.com\/boutique\/mon-cahier-de-vacances-simon-jentre-en-petite-section\/"},"modified":"2025-03-12T17:24:24","modified_gmt":"2025-03-12T16:24:24","slug":"mon-cahier-de-vacances-simon-jentre-en-petite-section","status":"publish","type":"product","link":"https:\/\/simon-tv.com\/it\/shop\/mon-cahier-de-vacances-simon-jentre-en-petite-section\/","title":{"rendered":"Mon cahier de vacances Simon &#8211; J&#8217;entre en Petite Section"},"content":{"rendered":"<p>D\u00e9couvrez le cahier de vacances de Simon pour les enfants de 2 \u00e0 3 ans. Ce cahier est con\u00e7u sp\u00e9cifiquement pour les enfants entrant en Petite section. Il a \u00e9t\u00e9 cr\u00e9\u00e9 avec des enseignants et suit de pr\u00e8s le programme. Simon, le petit lapin le plus mignon, guidera votre enfant \u00e0 travers des exercices qui offrent une ouverture artistique et culturelle. <br \/>\nEn prime, ce cahier est livr\u00e9 avec un super cahier d\u00e9tachable et un mini puzzle. Ce cahier d\u2019exercices amusant et engageant aidera votre enfant \u00e0 mettre en pratique ses comp\u00e9tences pendant la p\u00e9riode des vacances. Avec l\u2019aide de Simon, votre enfant s\u2019amusera tout en apprenant !<\/p>\n","protected":false},"excerpt":{"rendered":"<p>Playbac<\/p>\n","protected":false},"featured_media":11476,"comment_status":"closed","ping_status":"closed","template":"","meta":{"_et_pb_use_builder":"","_et_pb_old_content":"","_et_gb_content_width":""},"product_brand":[],"product_cat":[157],"product_tag":[181],"class_list":{"0":"post-11479","1":"product","2":"type-product","3":"status-publish","4":"has-post-thumbnail","6":"product_cat-materiale-scolastico","7":"product_tag-france-it","9":"first","10":"instock","11":"shipping-taxable","12":"product-type-simple"},"acf":[],"yoast_head":"<!-- This site is optimized with the Yoast SEO plugin v26.4 - https:\/\/yoast.com\/wordpress\/plugins\/seo\/ -->\n<title>Mon cahier de vacances Simon - J&#039;entre en Petite Section - Simon<\/title>\n<meta name=\"robots\" content=\"index, follow, max-snippet:-1, max-image-preview:large, max-video-preview:-1\" \/>\n<link rel=\"canonical\" href=\"https:\/\/simon-tv.com\/it\/shop\/mon-cahier-de-vacances-simon-jentre-en-petite-section\/\" \/>\n<meta property=\"og:locale\" content=\"it_IT\" \/>\n<meta property=\"og:type\" content=\"article\" \/>\n<meta property=\"og:title\" content=\"Mon cahier de vacances Simon - J&#039;entre en Petite Section - Simon\" \/>\n<meta property=\"og:description\" content=\"Playbac\" \/>\n<meta property=\"og:url\" content=\"https:\/\/simon-tv.com\/it\/shop\/mon-cahier-de-vacances-simon-jentre-en-petite-section\/\" \/>\n<meta property=\"og:site_name\" content=\"Simon\" \/>\n<meta property=\"article:modified_time\" content=\"2025-03-12T16:24:24+00:00\" \/>\n<meta property=\"og:image\" content=\"https:\/\/simon-tv.com\/wp-content\/uploads\/2023\/07\/Simon_produits_Playbac_CahierVacances_TPS_PS.webp\" \/>\n\t<meta property=\"og:image:width\" content=\"1080\" \/>\n\t<meta property=\"og:image:height\" content=\"1080\" \/>\n\t<meta property=\"og:image:type\" content=\"image\/webp\" \/>\n<meta name=\"twitter:card\" content=\"summary_large_image\" \/>\n<meta name=\"twitter:label1\" content=\"Est. reading time\" \/>\n\t<meta name=\"twitter:data1\" content=\"1 minute\" \/>\n<script type=\"application\/ld+json\" class=\"yoast-schema-graph\">{\"@context\":\"https:\/\/schema.org\",\"@graph\":[{\"@type\":\"WebPage\",\"@id\":\"https:\/\/simon-tv.com\/it\/shop\/mon-cahier-de-vacances-simon-jentre-en-petite-section\/\",\"url\":\"https:\/\/simon-tv.com\/it\/shop\/mon-cahier-de-vacances-simon-jentre-en-petite-section\/\",\"name\":\"Mon cahier de vacances Simon - J'entre en Petite Section - Simon\",\"isPartOf\":{\"@id\":\"https:\/\/simon-tv.com\/it\/#website\"},\"primaryImageOfPage\":{\"@id\":\"https:\/\/simon-tv.com\/it\/shop\/mon-cahier-de-vacances-simon-jentre-en-petite-section\/#primaryimage\"},\"image\":{\"@id\":\"https:\/\/simon-tv.com\/it\/shop\/mon-cahier-de-vacances-simon-jentre-en-petite-section\/#primaryimage\"},\"thumbnailUrl\":\"https:\/\/simon-tv.com\/wp-content\/uploads\/2023\/07\/Simon_produits_Playbac_CahierVacances_TPS_PS.webp\",\"datePublished\":\"2023-07-14T09:15:08+00:00\",\"dateModified\":\"2025-03-12T16:24:24+00:00\",\"breadcrumb\":{\"@id\":\"https:\/\/simon-tv.com\/it\/shop\/mon-cahier-de-vacances-simon-jentre-en-petite-section\/#breadcrumb\"},\"inLanguage\":\"it-IT\",\"potentialAction\":[{\"@type\":\"ReadAction\",\"target\":[\"https:\/\/simon-tv.com\/it\/shop\/mon-cahier-de-vacances-simon-jentre-en-petite-section\/\"]}]},{\"@type\":\"ImageObject\",\"inLanguage\":\"it-IT\",\"@id\":\"https:\/\/simon-tv.com\/it\/shop\/mon-cahier-de-vacances-simon-jentre-en-petite-section\/#primaryimage\",\"url\":\"https:\/\/simon-tv.com\/wp-content\/uploads\/2023\/07\/Simon_produits_Playbac_CahierVacances_TPS_PS.webp\",\"contentUrl\":\"https:\/\/simon-tv.com\/wp-content\/uploads\/2023\/07\/Simon_produits_Playbac_CahierVacances_TPS_PS.webp\",\"width\":1080,\"height\":1080},{\"@type\":\"BreadcrumbList\",\"@id\":\"https:\/\/simon-tv.com\/it\/shop\/mon-cahier-de-vacances-simon-jentre-en-petite-section\/#breadcrumb\",\"itemListElement\":[{\"@type\":\"ListItem\",\"position\":1,\"name\":\"Home\",\"item\":\"https:\/\/simon-tv.com\/it\/\"},{\"@type\":\"ListItem\",\"position\":2,\"name\":\"Shop Officiel Simon Super Lapin &#8211; O\u00f9 acheter\",\"item\":\"https:\/\/simon-tv.com\/fr\/shop-simon-super-lapin-ou-acheter\/\"},{\"@type\":\"ListItem\",\"position\":3,\"name\":\"Mon cahier de vacances Simon &#8211; J&#8217;entre en Petite Section\"}]},{\"@type\":\"WebSite\",\"@id\":\"https:\/\/simon-tv.com\/it\/#website\",\"url\":\"https:\/\/simon-tv.com\/it\/\",\"name\":\"Simon\",\"description\":\"The cutest little rabbit\",\"potentialAction\":[{\"@type\":\"SearchAction\",\"target\":{\"@type\":\"EntryPoint\",\"urlTemplate\":\"https:\/\/simon-tv.com\/it\/?s={search_term_string}\"},\"query-input\":{\"@type\":\"PropertyValueSpecification\",\"valueRequired\":true,\"valueName\":\"search_term_string\"}}],\"inLanguage\":\"it-IT\"}]}<\/script>\n<!-- \/ Yoast SEO plugin. -->","yoast_head_json":{"title":"Mon cahier de vacances Simon - J'entre en Petite Section - Simon","robots":{"index":"index","follow":"follow","max-snippet":"max-snippet:-1","max-image-preview":"max-image-preview:large","max-video-preview":"max-video-preview:-1"},"canonical":"https:\/\/simon-tv.com\/it\/shop\/mon-cahier-de-vacances-simon-jentre-en-petite-section\/","og_locale":"it_IT","og_type":"article","og_title":"Mon cahier de vacances Simon - J'entre en Petite Section - Simon","og_description":"Playbac","og_url":"https:\/\/simon-tv.com\/it\/shop\/mon-cahier-de-vacances-simon-jentre-en-petite-section\/","og_site_name":"Simon","article_modified_time":"2025-03-12T16:24:24+00:00","og_image":[{"width":1080,"height":1080,"url":"https:\/\/simon-tv.com\/wp-content\/uploads\/2023\/07\/Simon_produits_Playbac_CahierVacances_TPS_PS.webp","type":"image\/webp"}],"twitter_card":"summary_large_image","twitter_misc":{"Est. reading time":"1 minute"},"schema":{"@context":"https:\/\/schema.org","@graph":[{"@type":"WebPage","@id":"https:\/\/simon-tv.com\/it\/shop\/mon-cahier-de-vacances-simon-jentre-en-petite-section\/","url":"https:\/\/simon-tv.com\/it\/shop\/mon-cahier-de-vacances-simon-jentre-en-petite-section\/","name":"Mon cahier de vacances Simon - J'entre en Petite Section - Simon","isPartOf":{"@id":"https:\/\/simon-tv.com\/it\/#website"},"primaryImageOfPage":{"@id":"https:\/\/simon-tv.com\/it\/shop\/mon-cahier-de-vacances-simon-jentre-en-petite-section\/#primaryimage"},"image":{"@id":"https:\/\/simon-tv.com\/it\/shop\/mon-cahier-de-vacances-simon-jentre-en-petite-section\/#primaryimage"},"thumbnailUrl":"https:\/\/simon-tv.com\/wp-content\/uploads\/2023\/07\/Simon_produits_Playbac_CahierVacances_TPS_PS.webp","datePublished":"2023-07-14T09:15:08+00:00","dateModified":"2025-03-12T16:24:24+00:00","breadcrumb":{"@id":"https:\/\/simon-tv.com\/it\/shop\/mon-cahier-de-vacances-simon-jentre-en-petite-section\/#breadcrumb"},"inLanguage":"it-IT","potentialAction":[{"@type":"ReadAction","target":["https:\/\/simon-tv.com\/it\/shop\/mon-cahier-de-vacances-simon-jentre-en-petite-section\/"]}]},{"@type":"ImageObject","inLanguage":"it-IT","@id":"https:\/\/simon-tv.com\/it\/shop\/mon-cahier-de-vacances-simon-jentre-en-petite-section\/#primaryimage","url":"https:\/\/simon-tv.com\/wp-content\/uploads\/2023\/07\/Simon_produits_Playbac_CahierVacances_TPS_PS.webp","contentUrl":"https:\/\/simon-tv.com\/wp-content\/uploads\/2023\/07\/Simon_produits_Playbac_CahierVacances_TPS_PS.webp","width":1080,"height":1080},{"@type":"BreadcrumbList","@id":"https:\/\/simon-tv.com\/it\/shop\/mon-cahier-de-vacances-simon-jentre-en-petite-section\/#breadcrumb","itemListElement":[{"@type":"ListItem","position":1,"name":"Home","item":"https:\/\/simon-tv.com\/it\/"},{"@type":"ListItem","position":2,"name":"Shop Officiel Simon Super Lapin &#8211; O\u00f9 acheter","item":"https:\/\/simon-tv.com\/fr\/shop-simon-super-lapin-ou-acheter\/"},{"@type":"ListItem","position":3,"name":"Mon cahier de vacances Simon &#8211; J&#8217;entre en Petite Section"}]},{"@type":"WebSite","@id":"https:\/\/simon-tv.com\/it\/#website","url":"https:\/\/simon-tv.com\/it\/","name":"Simon","description":"The cutest little rabbit","potentialAction":[{"@type":"SearchAction","target":{"@type":"EntryPoint","urlTemplate":"https:\/\/simon-tv.com\/it\/?s={search_term_string}"},"query-input":{"@type":"PropertyValueSpecification","valueRequired":true,"valueName":"search_term_string"}}],"inLanguage":"it-IT"}]}},"_links":{"self":[{"href":"https:\/\/simon-tv.com\/it\/wp-json\/wp\/v2\/product\/11479","targetHints":{"allow":["GET"]}}],"collection":[{"href":"https:\/\/simon-tv.com\/it\/wp-json\/wp\/v2\/product"}],"about":[{"href":"https:\/\/simon-tv.com\/it\/wp-json\/wp\/v2\/types\/product"}],"replies":[{"embeddable":true,"href":"https:\/\/simon-tv.com\/it\/wp-json\/wp\/v2\/comments?post=11479"}],"wp:featuredmedia":[{"embeddable":true,"href":"https:\/\/simon-tv.com\/it\/wp-json\/wp\/v2\/media\/11476"}],"wp:attachment":[{"href":"https:\/\/simon-tv.com\/it\/wp-json\/wp\/v2\/media?parent=11479"}],"wp:term":[{"taxonomy":"product_brand","embeddable":true,"href":"https:\/\/simon-tv.com\/it\/wp-json\/wp\/v2\/product_brand?post=11479"},{"taxonomy":"product_cat","embeddable":true,"href":"https:\/\/simon-tv.com\/it\/wp-json\/wp\/v2\/product_cat?post=11479"},{"taxonomy":"product_tag","embeddable":true,"href":"https:\/\/simon-tv.com\/it\/wp-json\/wp\/v2\/product_tag?post=11479"}],"curies":[{"name":"wp","href":"https:\/\/api.w.org\/{rel}","templated":true}]}}