{"id":11487,"date":"2023-07-14T11:24:12","date_gmt":"2023-07-14T09:24:12","guid":{"rendered":"https:\/\/simon-tv.com\/boutique\/aaaah-pas-le-dentiste\/"},"modified":"2023-07-14T18:33:54","modified_gmt":"2023-07-14T16:33:54","slug":"aaaah-pas-le-dentiste","status":"publish","type":"product","link":"https:\/\/simon-tv.com\/it\/shop\/aaaah-pas-le-dentiste\/","title":{"rendered":"Aaaah ! pas le dentiste !"},"content":{"rendered":"<p>En allant manger des cr\u00eapes chez Ferdinand, Simon se rend compte qu&#8217;il a mal, tr\u00e8s tr\u00e8s mal, \u00e0 une dent. Il faut faire quelque chose ! Aller chez le dentiste ? Jamais de la vie ! Mais parfois, les mamans de Superlapins ont le dernier mot. En voiture, Simon, et direction le cabinet dentaire ! Install\u00e9 de force dans un fauteuil de torture vert, la bouche tartin\u00e9e de p\u00e2te \u00e0 la fraise, Superlapin n&#8217;\u00e9coute que son courage !<\/p>\n","protected":false},"excerpt":{"rendered":"<p>Ecole Des Loisirs<\/p>\n","protected":false},"featured_media":11484,"comment_status":"closed","ping_status":"closed","template":"","meta":{"_et_pb_use_builder":"","_et_pb_old_content":"","_et_gb_content_width":""},"product_brand":[],"product_cat":[55],"product_tag":[181],"class_list":{"0":"post-11487","1":"product","2":"type-product","3":"status-publish","4":"has-post-thumbnail","6":"product_cat-libri","7":"product_tag-france-it","9":"first","10":"instock","11":"shipping-taxable","12":"product-type-simple"},"acf":[],"yoast_head":"<!-- This site is optimized with the Yoast SEO plugin v26.4 - https:\/\/yoast.com\/wordpress\/plugins\/seo\/ -->\n<title>Aaaah ! pas le dentiste ! - Simon<\/title>\n<meta name=\"robots\" content=\"index, follow, max-snippet:-1, max-image-preview:large, max-video-preview:-1\" \/>\n<link rel=\"canonical\" href=\"https:\/\/simon-tv.com\/it\/shop\/aaaah-pas-le-dentiste\/\" \/>\n<meta property=\"og:locale\" content=\"it_IT\" \/>\n<meta property=\"og:type\" content=\"article\" \/>\n<meta property=\"og:title\" content=\"Aaaah ! pas le dentiste ! - Simon\" \/>\n<meta property=\"og:description\" content=\"Ecole Des Loisirs\" \/>\n<meta property=\"og:url\" content=\"https:\/\/simon-tv.com\/it\/shop\/aaaah-pas-le-dentiste\/\" \/>\n<meta property=\"og:site_name\" content=\"Simon\" \/>\n<meta property=\"article:modified_time\" content=\"2023-07-14T16:33:54+00:00\" \/>\n<meta property=\"og:image\" content=\"https:\/\/simon-tv.com\/wp-content\/uploads\/2023\/07\/blake_aaaah_pas_le_dentiste-scaled.webp\" \/>\n\t<meta property=\"og:image:width\" content=\"2057\" \/>\n\t<meta property=\"og:image:height\" content=\"2560\" \/>\n\t<meta property=\"og:image:type\" content=\"image\/webp\" \/>\n<meta name=\"twitter:card\" content=\"summary_large_image\" \/>\n<script type=\"application\/ld+json\" class=\"yoast-schema-graph\">{\"@context\":\"https:\/\/schema.org\",\"@graph\":[{\"@type\":\"WebPage\",\"@id\":\"https:\/\/simon-tv.com\/it\/shop\/aaaah-pas-le-dentiste\/\",\"url\":\"https:\/\/simon-tv.com\/it\/shop\/aaaah-pas-le-dentiste\/\",\"name\":\"Aaaah ! pas le dentiste ! - Simon\",\"isPartOf\":{\"@id\":\"https:\/\/simon-tv.com\/it\/#website\"},\"primaryImageOfPage\":{\"@id\":\"https:\/\/simon-tv.com\/it\/shop\/aaaah-pas-le-dentiste\/#primaryimage\"},\"image\":{\"@id\":\"https:\/\/simon-tv.com\/it\/shop\/aaaah-pas-le-dentiste\/#primaryimage\"},\"thumbnailUrl\":\"https:\/\/simon-tv.com\/wp-content\/uploads\/2023\/07\/blake_aaaah_pas_le_dentiste-scaled.webp\",\"datePublished\":\"2023-07-14T09:24:12+00:00\",\"dateModified\":\"2023-07-14T16:33:54+00:00\",\"breadcrumb\":{\"@id\":\"https:\/\/simon-tv.com\/it\/shop\/aaaah-pas-le-dentiste\/#breadcrumb\"},\"inLanguage\":\"it-IT\",\"potentialAction\":[{\"@type\":\"ReadAction\",\"target\":[\"https:\/\/simon-tv.com\/it\/shop\/aaaah-pas-le-dentiste\/\"]}]},{\"@type\":\"ImageObject\",\"inLanguage\":\"it-IT\",\"@id\":\"https:\/\/simon-tv.com\/it\/shop\/aaaah-pas-le-dentiste\/#primaryimage\",\"url\":\"https:\/\/simon-tv.com\/wp-content\/uploads\/2023\/07\/blake_aaaah_pas_le_dentiste-scaled.webp\",\"contentUrl\":\"https:\/\/simon-tv.com\/wp-content\/uploads\/2023\/07\/blake_aaaah_pas_le_dentiste-scaled.webp\",\"width\":2057,\"height\":2560},{\"@type\":\"BreadcrumbList\",\"@id\":\"https:\/\/simon-tv.com\/it\/shop\/aaaah-pas-le-dentiste\/#breadcrumb\",\"itemListElement\":[{\"@type\":\"ListItem\",\"position\":1,\"name\":\"Home\",\"item\":\"https:\/\/simon-tv.com\/it\/\"},{\"@type\":\"ListItem\",\"position\":2,\"name\":\"Shop Officiel Simon Super Lapin &#8211; O\u00f9 acheter\",\"item\":\"https:\/\/simon-tv.com\/fr\/shop-simon-super-lapin-ou-acheter\/\"},{\"@type\":\"ListItem\",\"position\":3,\"name\":\"Aaaah ! pas le dentiste !\"}]},{\"@type\":\"WebSite\",\"@id\":\"https:\/\/simon-tv.com\/it\/#website\",\"url\":\"https:\/\/simon-tv.com\/it\/\",\"name\":\"Simon\",\"description\":\"The cutest little rabbit\",\"potentialAction\":[{\"@type\":\"SearchAction\",\"target\":{\"@type\":\"EntryPoint\",\"urlTemplate\":\"https:\/\/simon-tv.com\/it\/?s={search_term_string}\"},\"query-input\":{\"@type\":\"PropertyValueSpecification\",\"valueRequired\":true,\"valueName\":\"search_term_string\"}}],\"inLanguage\":\"it-IT\"}]}<\/script>\n<!-- \/ Yoast SEO plugin. -->","yoast_head_json":{"title":"Aaaah ! pas le dentiste ! - Simon","robots":{"index":"index","follow":"follow","max-snippet":"max-snippet:-1","max-image-preview":"max-image-preview:large","max-video-preview":"max-video-preview:-1"},"canonical":"https:\/\/simon-tv.com\/it\/shop\/aaaah-pas-le-dentiste\/","og_locale":"it_IT","og_type":"article","og_title":"Aaaah ! pas le dentiste ! - Simon","og_description":"Ecole Des Loisirs","og_url":"https:\/\/simon-tv.com\/it\/shop\/aaaah-pas-le-dentiste\/","og_site_name":"Simon","article_modified_time":"2023-07-14T16:33:54+00:00","og_image":[{"width":2057,"height":2560,"url":"https:\/\/simon-tv.com\/wp-content\/uploads\/2023\/07\/blake_aaaah_pas_le_dentiste-scaled.webp","type":"image\/webp"}],"twitter_card":"summary_large_image","schema":{"@context":"https:\/\/schema.org","@graph":[{"@type":"WebPage","@id":"https:\/\/simon-tv.com\/it\/shop\/aaaah-pas-le-dentiste\/","url":"https:\/\/simon-tv.com\/it\/shop\/aaaah-pas-le-dentiste\/","name":"Aaaah ! pas le dentiste ! - Simon","isPartOf":{"@id":"https:\/\/simon-tv.com\/it\/#website"},"primaryImageOfPage":{"@id":"https:\/\/simon-tv.com\/it\/shop\/aaaah-pas-le-dentiste\/#primaryimage"},"image":{"@id":"https:\/\/simon-tv.com\/it\/shop\/aaaah-pas-le-dentiste\/#primaryimage"},"thumbnailUrl":"https:\/\/simon-tv.com\/wp-content\/uploads\/2023\/07\/blake_aaaah_pas_le_dentiste-scaled.webp","datePublished":"2023-07-14T09:24:12+00:00","dateModified":"2023-07-14T16:33:54+00:00","breadcrumb":{"@id":"https:\/\/simon-tv.com\/it\/shop\/aaaah-pas-le-dentiste\/#breadcrumb"},"inLanguage":"it-IT","potentialAction":[{"@type":"ReadAction","target":["https:\/\/simon-tv.com\/it\/shop\/aaaah-pas-le-dentiste\/"]}]},{"@type":"ImageObject","inLanguage":"it-IT","@id":"https:\/\/simon-tv.com\/it\/shop\/aaaah-pas-le-dentiste\/#primaryimage","url":"https:\/\/simon-tv.com\/wp-content\/uploads\/2023\/07\/blake_aaaah_pas_le_dentiste-scaled.webp","contentUrl":"https:\/\/simon-tv.com\/wp-content\/uploads\/2023\/07\/blake_aaaah_pas_le_dentiste-scaled.webp","width":2057,"height":2560},{"@type":"BreadcrumbList","@id":"https:\/\/simon-tv.com\/it\/shop\/aaaah-pas-le-dentiste\/#breadcrumb","itemListElement":[{"@type":"ListItem","position":1,"name":"Home","item":"https:\/\/simon-tv.com\/it\/"},{"@type":"ListItem","position":2,"name":"Shop Officiel Simon Super Lapin &#8211; O\u00f9 acheter","item":"https:\/\/simon-tv.com\/fr\/shop-simon-super-lapin-ou-acheter\/"},{"@type":"ListItem","position":3,"name":"Aaaah ! pas le dentiste !"}]},{"@type":"WebSite","@id":"https:\/\/simon-tv.com\/it\/#website","url":"https:\/\/simon-tv.com\/it\/","name":"Simon","description":"The cutest little rabbit","potentialAction":[{"@type":"SearchAction","target":{"@type":"EntryPoint","urlTemplate":"https:\/\/simon-tv.com\/it\/?s={search_term_string}"},"query-input":{"@type":"PropertyValueSpecification","valueRequired":true,"valueName":"search_term_string"}}],"inLanguage":"it-IT"}]}},"_links":{"self":[{"href":"https:\/\/simon-tv.com\/it\/wp-json\/wp\/v2\/product\/11487","targetHints":{"allow":["GET"]}}],"collection":[{"href":"https:\/\/simon-tv.com\/it\/wp-json\/wp\/v2\/product"}],"about":[{"href":"https:\/\/simon-tv.com\/it\/wp-json\/wp\/v2\/types\/product"}],"replies":[{"embeddable":true,"href":"https:\/\/simon-tv.com\/it\/wp-json\/wp\/v2\/comments?post=11487"}],"wp:featuredmedia":[{"embeddable":true,"href":"https:\/\/simon-tv.com\/it\/wp-json\/wp\/v2\/media\/11484"}],"wp:attachment":[{"href":"https:\/\/simon-tv.com\/it\/wp-json\/wp\/v2\/media?parent=11487"}],"wp:term":[{"taxonomy":"product_brand","embeddable":true,"href":"https:\/\/simon-tv.com\/it\/wp-json\/wp\/v2\/product_brand?post=11487"},{"taxonomy":"product_cat","embeddable":true,"href":"https:\/\/simon-tv.com\/it\/wp-json\/wp\/v2\/product_cat?post=11487"},{"taxonomy":"product_tag","embeddable":true,"href":"https:\/\/simon-tv.com\/it\/wp-json\/wp\/v2\/product_tag?post=11487"}],"curies":[{"name":"wp","href":"https:\/\/api.w.org\/{rel}","templated":true}]}}