{"id":11555,"date":"2023-07-14T12:01:08","date_gmt":"2023-07-14T10:01:08","guid":{"rendered":"https:\/\/simon-tv.com\/boutique\/non-pas-le-pot\/"},"modified":"2023-07-14T18:23:48","modified_gmt":"2023-07-14T16:23:48","slug":"non-pas-le-pot","status":"publish","type":"product","link":"https:\/\/simon-tv.com\/it\/shop\/non-pas-le-pot\/","title":{"rendered":"Non, pas le pot !"},"content":{"rendered":"<p>Pendant que Simon, alias Superlapin, jouait aux billes avec son petit fr\u00e8re Gaspard, une odeur bizarre est mont\u00e9e dans la pi\u00e8ce. Tr\u00e8s, tr\u00e8s mauvaise, cette odeur. Elle venait de la couche de Gaspard. \u00ab Il faut aller sur ton pot ! \u00bb a dit Maman. \u00ab C&#8217;est pas moi, c&#8217;est Simon ! \u00bb a pleurnich\u00e9 et menti Gaspard. Simon est parti jouer chez son ami Ferdinand. Le soir au d\u00eener, quand Simon raconte sa journ\u00e9e \u00e0 la piscine, un endroit pour grands o\u00f9 les couches sont interdites, Gaspard est int\u00e9ress\u00e9, et il a une bonne id\u00e9e&#8230;<\/p>\n","protected":false},"excerpt":{"rendered":"<p>Ecole Des Loisirs<\/p>\n","protected":false},"featured_media":11552,"comment_status":"closed","ping_status":"closed","template":"","meta":{"_et_pb_use_builder":"","_et_pb_old_content":"","_et_gb_content_width":""},"product_brand":[],"product_cat":[55],"product_tag":[181],"class_list":{"0":"post-11555","1":"product","2":"type-product","3":"status-publish","4":"has-post-thumbnail","6":"product_cat-libri","7":"product_tag-france-it","9":"first","10":"instock","11":"featured","12":"shipping-taxable","13":"product-type-simple"},"acf":[],"yoast_head":"<!-- This site is optimized with the Yoast SEO plugin v26.4 - https:\/\/yoast.com\/wordpress\/plugins\/seo\/ -->\n<title>Non, pas le pot ! - Simon<\/title>\n<meta name=\"robots\" content=\"index, follow, max-snippet:-1, max-image-preview:large, max-video-preview:-1\" \/>\n<link rel=\"canonical\" href=\"https:\/\/simon-tv.com\/it\/shop\/non-pas-le-pot\/\" \/>\n<meta property=\"og:locale\" content=\"it_IT\" \/>\n<meta property=\"og:type\" content=\"article\" \/>\n<meta property=\"og:title\" content=\"Non, pas le pot ! - Simon\" \/>\n<meta property=\"og:description\" content=\"Ecole Des Loisirs\" \/>\n<meta property=\"og:url\" content=\"https:\/\/simon-tv.com\/it\/shop\/non-pas-le-pot\/\" \/>\n<meta property=\"og:site_name\" content=\"Simon\" \/>\n<meta property=\"article:modified_time\" content=\"2023-07-14T16:23:48+00:00\" \/>\n<meta property=\"og:image\" content=\"https:\/\/simon-tv.com\/wp-content\/uploads\/2023\/07\/blake_non_pas_le_pot-scaled.webp\" \/>\n\t<meta property=\"og:image:width\" content=\"2058\" \/>\n\t<meta property=\"og:image:height\" content=\"2560\" \/>\n\t<meta property=\"og:image:type\" content=\"image\/webp\" \/>\n<meta name=\"twitter:card\" content=\"summary_large_image\" \/>\n<script type=\"application\/ld+json\" class=\"yoast-schema-graph\">{\"@context\":\"https:\/\/schema.org\",\"@graph\":[{\"@type\":\"WebPage\",\"@id\":\"https:\/\/simon-tv.com\/it\/shop\/non-pas-le-pot\/\",\"url\":\"https:\/\/simon-tv.com\/it\/shop\/non-pas-le-pot\/\",\"name\":\"Non, pas le pot ! - Simon\",\"isPartOf\":{\"@id\":\"https:\/\/simon-tv.com\/it\/#website\"},\"primaryImageOfPage\":{\"@id\":\"https:\/\/simon-tv.com\/it\/shop\/non-pas-le-pot\/#primaryimage\"},\"image\":{\"@id\":\"https:\/\/simon-tv.com\/it\/shop\/non-pas-le-pot\/#primaryimage\"},\"thumbnailUrl\":\"https:\/\/simon-tv.com\/wp-content\/uploads\/2023\/07\/blake_non_pas_le_pot-scaled.webp\",\"datePublished\":\"2023-07-14T10:01:08+00:00\",\"dateModified\":\"2023-07-14T16:23:48+00:00\",\"breadcrumb\":{\"@id\":\"https:\/\/simon-tv.com\/it\/shop\/non-pas-le-pot\/#breadcrumb\"},\"inLanguage\":\"it-IT\",\"potentialAction\":[{\"@type\":\"ReadAction\",\"target\":[\"https:\/\/simon-tv.com\/it\/shop\/non-pas-le-pot\/\"]}]},{\"@type\":\"ImageObject\",\"inLanguage\":\"it-IT\",\"@id\":\"https:\/\/simon-tv.com\/it\/shop\/non-pas-le-pot\/#primaryimage\",\"url\":\"https:\/\/simon-tv.com\/wp-content\/uploads\/2023\/07\/blake_non_pas_le_pot-scaled.webp\",\"contentUrl\":\"https:\/\/simon-tv.com\/wp-content\/uploads\/2023\/07\/blake_non_pas_le_pot-scaled.webp\",\"width\":2058,\"height\":2560},{\"@type\":\"BreadcrumbList\",\"@id\":\"https:\/\/simon-tv.com\/it\/shop\/non-pas-le-pot\/#breadcrumb\",\"itemListElement\":[{\"@type\":\"ListItem\",\"position\":1,\"name\":\"Home\",\"item\":\"https:\/\/simon-tv.com\/it\/\"},{\"@type\":\"ListItem\",\"position\":2,\"name\":\"Shop Officiel Simon Super Lapin &#8211; O\u00f9 acheter\",\"item\":\"https:\/\/simon-tv.com\/fr\/shop-simon-super-lapin-ou-acheter\/\"},{\"@type\":\"ListItem\",\"position\":3,\"name\":\"Non, pas le pot !\"}]},{\"@type\":\"WebSite\",\"@id\":\"https:\/\/simon-tv.com\/it\/#website\",\"url\":\"https:\/\/simon-tv.com\/it\/\",\"name\":\"Simon\",\"description\":\"The cutest little rabbit\",\"potentialAction\":[{\"@type\":\"SearchAction\",\"target\":{\"@type\":\"EntryPoint\",\"urlTemplate\":\"https:\/\/simon-tv.com\/it\/?s={search_term_string}\"},\"query-input\":{\"@type\":\"PropertyValueSpecification\",\"valueRequired\":true,\"valueName\":\"search_term_string\"}}],\"inLanguage\":\"it-IT\"}]}<\/script>\n<!-- \/ Yoast SEO plugin. -->","yoast_head_json":{"title":"Non, pas le pot ! - Simon","robots":{"index":"index","follow":"follow","max-snippet":"max-snippet:-1","max-image-preview":"max-image-preview:large","max-video-preview":"max-video-preview:-1"},"canonical":"https:\/\/simon-tv.com\/it\/shop\/non-pas-le-pot\/","og_locale":"it_IT","og_type":"article","og_title":"Non, pas le pot ! - Simon","og_description":"Ecole Des Loisirs","og_url":"https:\/\/simon-tv.com\/it\/shop\/non-pas-le-pot\/","og_site_name":"Simon","article_modified_time":"2023-07-14T16:23:48+00:00","og_image":[{"width":2058,"height":2560,"url":"https:\/\/simon-tv.com\/wp-content\/uploads\/2023\/07\/blake_non_pas_le_pot-scaled.webp","type":"image\/webp"}],"twitter_card":"summary_large_image","schema":{"@context":"https:\/\/schema.org","@graph":[{"@type":"WebPage","@id":"https:\/\/simon-tv.com\/it\/shop\/non-pas-le-pot\/","url":"https:\/\/simon-tv.com\/it\/shop\/non-pas-le-pot\/","name":"Non, pas le pot ! - Simon","isPartOf":{"@id":"https:\/\/simon-tv.com\/it\/#website"},"primaryImageOfPage":{"@id":"https:\/\/simon-tv.com\/it\/shop\/non-pas-le-pot\/#primaryimage"},"image":{"@id":"https:\/\/simon-tv.com\/it\/shop\/non-pas-le-pot\/#primaryimage"},"thumbnailUrl":"https:\/\/simon-tv.com\/wp-content\/uploads\/2023\/07\/blake_non_pas_le_pot-scaled.webp","datePublished":"2023-07-14T10:01:08+00:00","dateModified":"2023-07-14T16:23:48+00:00","breadcrumb":{"@id":"https:\/\/simon-tv.com\/it\/shop\/non-pas-le-pot\/#breadcrumb"},"inLanguage":"it-IT","potentialAction":[{"@type":"ReadAction","target":["https:\/\/simon-tv.com\/it\/shop\/non-pas-le-pot\/"]}]},{"@type":"ImageObject","inLanguage":"it-IT","@id":"https:\/\/simon-tv.com\/it\/shop\/non-pas-le-pot\/#primaryimage","url":"https:\/\/simon-tv.com\/wp-content\/uploads\/2023\/07\/blake_non_pas_le_pot-scaled.webp","contentUrl":"https:\/\/simon-tv.com\/wp-content\/uploads\/2023\/07\/blake_non_pas_le_pot-scaled.webp","width":2058,"height":2560},{"@type":"BreadcrumbList","@id":"https:\/\/simon-tv.com\/it\/shop\/non-pas-le-pot\/#breadcrumb","itemListElement":[{"@type":"ListItem","position":1,"name":"Home","item":"https:\/\/simon-tv.com\/it\/"},{"@type":"ListItem","position":2,"name":"Shop Officiel Simon Super Lapin &#8211; O\u00f9 acheter","item":"https:\/\/simon-tv.com\/fr\/shop-simon-super-lapin-ou-acheter\/"},{"@type":"ListItem","position":3,"name":"Non, pas le pot !"}]},{"@type":"WebSite","@id":"https:\/\/simon-tv.com\/it\/#website","url":"https:\/\/simon-tv.com\/it\/","name":"Simon","description":"The cutest little rabbit","potentialAction":[{"@type":"SearchAction","target":{"@type":"EntryPoint","urlTemplate":"https:\/\/simon-tv.com\/it\/?s={search_term_string}"},"query-input":{"@type":"PropertyValueSpecification","valueRequired":true,"valueName":"search_term_string"}}],"inLanguage":"it-IT"}]}},"_links":{"self":[{"href":"https:\/\/simon-tv.com\/it\/wp-json\/wp\/v2\/product\/11555","targetHints":{"allow":["GET"]}}],"collection":[{"href":"https:\/\/simon-tv.com\/it\/wp-json\/wp\/v2\/product"}],"about":[{"href":"https:\/\/simon-tv.com\/it\/wp-json\/wp\/v2\/types\/product"}],"replies":[{"embeddable":true,"href":"https:\/\/simon-tv.com\/it\/wp-json\/wp\/v2\/comments?post=11555"}],"wp:featuredmedia":[{"embeddable":true,"href":"https:\/\/simon-tv.com\/it\/wp-json\/wp\/v2\/media\/11552"}],"wp:attachment":[{"href":"https:\/\/simon-tv.com\/it\/wp-json\/wp\/v2\/media?parent=11555"}],"wp:term":[{"taxonomy":"product_brand","embeddable":true,"href":"https:\/\/simon-tv.com\/it\/wp-json\/wp\/v2\/product_brand?post=11555"},{"taxonomy":"product_cat","embeddable":true,"href":"https:\/\/simon-tv.com\/it\/wp-json\/wp\/v2\/product_cat?post=11555"},{"taxonomy":"product_tag","embeddable":true,"href":"https:\/\/simon-tv.com\/it\/wp-json\/wp\/v2\/product_tag?post=11555"}],"curies":[{"name":"wp","href":"https:\/\/api.w.org\/{rel}","templated":true}]}}